{"id":2104,"date":"2021-03-23T09:33:48","date_gmt":"2021-03-23T09:33:48","guid":{"rendered":"http:\/\/localhost\/nuss\/?page_id=167"},"modified":"2025-07-16T15:41:37","modified_gmt":"2025-07-16T15:41:37","slug":"unsere-geschichte","status":"publish","type":"page","link":"https:\/\/amixhotel.com\/de\/our-story\/","title":{"rendered":"Unsere Geschichte"},"content":{"rendered":"<div data-elementor-type=\"wp-page\" data-elementor-id=\"2104\" class=\"elementor elementor-2104\">\n\t\t\t\t\t\t<section class=\"elementor-section elementor-top-section elementor-element elementor-element-8f5bb9d elementor-section-boxed elementor-section-gap-beside-yes elementor-section-height-default elementor-section-height-default elementor-section-column-vertical-align-stretch\" data-id=\"8f5bb9d\" data-element_type=\"section\" data-e-type=\"section\">\n\t\t\t\t\t\t<div class=\"elementor-container elementor-column-gap-extended\">\n\t\t\t\t\t<div class=\"elementor-column elementor-col-100 elementor-top-column elementor-element elementor-element-7ec4215\" data-id=\"7ec4215\" data-element_type=\"column\" data-e-type=\"column\">\n\t\t\t<div class=\"elementor-widget-wrap elementor-element-populated\">\n\t\t\t\t\t\t<div class=\"elementor-element elementor-element-edd9d03 elementor-widget__width-initial elementor-invisible elementor-widget elementor-widget-text-editor\" data-id=\"edd9d03\" data-element_type=\"widget\" data-e-type=\"widget\" data-settings=\"{&quot;_animation&quot;:&quot;nussFadeInUp&quot;}\" data-widget_type=\"text-editor.default\">\n\t\t\t\t\t\t\t\t\t<p><strong data-spm-anchor-id=\"a2ty_o01.29997173.0.i42.6b1bc921y7R8ee\">Willkommen im Amix Hotel \u2013 wo jeder Aufenthalt eine Geschichte erz\u00e4hlt. <\/strong><\/p>\t\t\t\t\t\t\t\t<\/div>\n\t\t\t\t\t<\/div>\n\t\t<\/div>\n\t\t\t\t\t<\/div>\n\t\t<\/section>\n\t\t<div class=\"elementor-element elementor-element-b3b69e3 e-flex e-con-boxed e-con e-parent\" data-id=\"b3b69e3\" data-element_type=\"container\" data-e-type=\"container\">\n\t\t\t\t\t<div class=\"e-con-inner\">\n\t\t\t\t<div class=\"elementor-element elementor-element-9e1e6b8 elementor-widget elementor-widget-text-editor\" data-id=\"9e1e6b8\" data-element_type=\"widget\" data-e-type=\"widget\" data-widget_type=\"text-editor.default\">\n\t\t\t\t\t\t\t\t\t<p data-spm-anchor-id=\"a2ty_o01.29997173.0.i46.6b1bc921y7R8ee\">Im Herzen von Wuhans gesch\u00e4ftigem Wuchang-Bezirk, eingebettet in den ruhigen Abschnitt von <strong>143 West Pengliuyang Stra\u00dfe <\/strong>, steht <strong>Amix Hotel <\/strong>\u2013 eine moderne Oase, in der Komfort auf Kultur trifft und Gastfreundschaft mehr als nur Service ist. Unsere Geschichte ist gepr\u00e4gt von Leidenschaft, Zielstrebigkeit und dem tiefen Engagement, jedem Reisenden, der uns betritt, unvergessliche Erlebnisse zu bieten.<\/p><p>Das Amix Hotel entstand aus der Vision, die Art und Weise, wie Menschen Wuhan erleben, neu zu definieren. Als eine der historisch reichsten und wirtschaftlich dynamischsten St\u00e4dte Chinas ist Wuhan seit langem ein Knotenpunkt f\u00fcr Handel, Kultur und Innovation. Gelegen im dynamischen <strong>Bezirk Wuchang <\/strong>, bekannt f\u00fcr seine akademischen Einrichtungen, seine landschaftliche Sch\u00f6nheit und seine strategischen Verkehrsanbindungen, wurde unser Hotel als Br\u00fccke zwischen dem stolzen Erbe der Stadt und ihrer fortschrittlichen Zukunft konzipiert.<\/p><p>Von Anfang an war unsere Mission klar: Wir wollten eine <strong>komfortabler, stilvoller und einladender R\u00fcckzugsort <\/strong> F\u00fcr einheimische und internationale Reisende \u2013 egal, ob sie gesch\u00e4ftlich, privat oder auf der Durchreise in der Stadt sind. Wir haben uns ein Hotel vorgestellt, das nicht nur au\u00dfergew\u00f6hnlichen Service und moderne Annehmlichkeiten bietet, sondern auch die Herzlichkeit und den Geist der Menschen von Wuhan widerspiegelt.<\/p><p data-spm-anchor-id=\"a2ty_o01.29997173.0.i43.6b1bc921y7R8ee\">\u00a0<\/p>\t\t\t\t\t\t\t\t<\/div>\n\t\t\t\t\t<\/div>\n\t\t\t\t<\/div>\n\t\t<div class=\"elementor-element elementor-element-4532e29 e-flex e-con-boxed e-con e-parent\" data-id=\"4532e29\" data-element_type=\"container\" data-e-type=\"container\">\n\t\t\t\t\t<div class=\"e-con-inner\">\n\t\t\t\t<div class=\"elementor-element elementor-element-381e528 elementor-widget elementor-widget-nuss-image-gallery\" data-id=\"381e528\" data-element_type=\"widget\" data-e-type=\"widget\" data-widget_type=\"nuss-image-gallery.default\">\n\t\t\t\t<div class=\"elementor-widget-container\">\n\t\t\t\t\t\t\t<div class=\"nuss-grid-wrapper\" data-grid=\"{&quot;type&quot;:&quot;grid&quot;,&quot;ratio&quot;:null,&quot;columns&quot;:3,&quot;gutter&quot;:30}\">\r\n\t\t\t<div class=\"nuss-grid lazy-grid\">\r\n\t\t\t\t<div class=\"grid-sizer\"><\/div>\r\n\r\n\t\t\t\t\t\t\t\t\t\t\t\t<div class=\"grid-item\">\r\n\t\t\t\t\t\t<div class=\"nuss-box\">\t\t<div class=\"nuss-image image\">\r\n\t\t\t<img decoding=\"async\"  src=\"https:\/\/amixhotel.com\/wp-content\/uploads\/2025\/07\/amix-hotel-wuhan-1.webp\" alt=\"Amix Hotel Wuhan (1)\" \/>\t\t<\/div>\r\n\t\t\t\t<\/div>\t\t\t\t\t<\/div>\r\n\t\t\t\t\t\t<div class=\"grid-item\">\r\n\t\t\t\t\t\t<div class=\"nuss-box\">\t\t<div class=\"nuss-image image\">\r\n\t\t\t<img decoding=\"async\"  src=\"https:\/\/amixhotel.com\/wp-content\/uploads\/2025\/07\/amix-hotel-wuhan-3.webp\" alt=\"Amix Hotel Wuhan (3)\" \/>\t\t<\/div>\r\n\t\t\t\t<\/div>\t\t\t\t\t<\/div>\r\n\t\t\t\t\t\t<div class=\"grid-item\">\r\n\t\t\t\t\t\t<div class=\"nuss-box\">\t\t<div class=\"nuss-image image\">\r\n\t\t\t<img decoding=\"async\"  src=\"https:\/\/amixhotel.com\/wp-content\/uploads\/2025\/07\/amix-hotel-wuhan-59.webp\" alt=\"Amix Hotel Wuhan (59)\" \/>\t\t<\/div>\r\n\t\t\t\t<\/div>\t\t\t\t\t<\/div>\r\n\t\t\t\t\t\t\t\r\n\t\t\t<\/div>\r\n\t\t<\/div>\r\n\t\t\t\t\t\t<\/div>\n\t\t\t\t<\/div>\n\t\t\t\t\t<\/div>\n\t\t\t\t<\/div>\n\t\t<div class=\"elementor-element elementor-element-5e75732 e-flex e-con-boxed e-con e-parent\" data-id=\"5e75732\" data-element_type=\"container\" data-e-type=\"container\">\n\t\t\t\t\t<div class=\"e-con-inner\">\n\t\t\t\t<div class=\"elementor-element elementor-element-32988ac elementor-widget elementor-widget-text-editor\" data-id=\"32988ac\" data-element_type=\"widget\" data-e-type=\"widget\" data-widget_type=\"text-editor.default\">\n\t\t\t\t\t\t\t\t\t<div class=\"my-2\">\u00a0<\/div><p>Jedes Detail des Amix Hotels wurde sorgf\u00e4ltig durchdacht, um dieses Ethos widerzuspiegeln. Von der <strong>zeitgen\u00f6ssisches Design unserer G\u00e4stezimmer <\/strong>, die Funktionalit\u00e4t mit lokaler \u00c4sthetik verbinden, bis hin zum <strong>sorgf\u00e4ltig zusammengestellte kulinarische Erlebnisse <\/strong> Unser Hotel ist ein Spiegelbild der Stadt, die wir unser Zuhause nennen und bietet seinen G\u00e4sten die reichen Aromen der Hubei-K\u00fcche.<\/p><p>Im Laufe der Jahre durften wir eine vielf\u00e4ltige Palette an G\u00e4sten begr\u00fc\u00dfen \u2013 von Gesch\u00e4ftsleuten, die an Konferenzen in Wuhans florierenden Gesch\u00e4ftszentren teilnahmen, bis hin zu Familien, die die nat\u00fcrliche Sch\u00f6nheit von <strong>Landschaftsgebiet East Lake <\/strong>und Alleinreisende, die den Charme Zentralchinas entdecken m\u00f6chten. Mit jedem Gast haben wir gelernt, uns weiterentwickelt und unseren Ansatz der Gastfreundschaft verfeinert. Dabei sind wir stets bestrebt, die Erwartungen zu \u00fcbertreffen und jeden Aufenthalt zu mehr als nur einem Schlafplatz zu machen.<\/p><p>Einer der Grundwerte, die definieren <strong>Amix Hotel <\/strong> ist unser Glaube an <strong>Gemeinschaft und Verbundenheit <\/strong>. Wir haben enge Beziehungen zu lokalen Unternehmen, Handwerkern und Lebensmittelh\u00e4ndlern aufgebaut, um sicherzustellen, dass unsere G\u00e4ste das erleben <strong>authentischer Geist von Wuhan <\/strong> w\u00e4hrend ihres Aufenthalts. Ob durch die Zutaten aus der Region in unserem Restaurant oder die pers\u00f6nlichen Empfehlungen unserer Mitarbeiter zur Erkundung der Stadt \u2013 wir m\u00f6chten Ihren Aufenthalt in Wuhan wirklich unvergesslich machen.<\/p>\t\t\t\t\t\t\t\t<\/div>\n\t\t\t\t\t<\/div>\n\t\t\t\t<\/div>\n\t\t<div class=\"elementor-element elementor-element-8e30b6c e-flex e-con-boxed e-con e-parent\" data-id=\"8e30b6c\" data-element_type=\"container\" data-e-type=\"container\">\n\t\t\t\t\t<div class=\"e-con-inner\">\n\t\t\t\t<div class=\"elementor-element elementor-element-f53c5fd elementor-widget elementor-widget-nuss-image-gallery\" data-id=\"f53c5fd\" data-element_type=\"widget\" data-e-type=\"widget\" data-widget_type=\"nuss-image-gallery.default\">\n\t\t\t\t<div class=\"elementor-widget-container\">\n\t\t\t\t\t\t\t<div class=\"nuss-grid-wrapper\" data-grid=\"{&quot;type&quot;:&quot;grid&quot;,&quot;ratio&quot;:null,&quot;columns&quot;:3,&quot;gutter&quot;:30}\">\r\n\t\t\t<div class=\"nuss-grid lazy-grid\">\r\n\t\t\t\t<div class=\"grid-sizer\"><\/div>\r\n\r\n\t\t\t\t\t\t\t\t\t\t\t\t<div class=\"grid-item\">\r\n\t\t\t\t\t\t<div class=\"nuss-box\">\t\t<div class=\"nuss-image image\">\r\n\t\t\t<img decoding=\"async\"  src=\"https:\/\/amixhotel.com\/wp-content\/uploads\/2025\/07\/amix-hotel-wuhan-41.webp\" alt=\"Amix Hotel Wuhan (41)\" \/>\t\t<\/div>\r\n\t\t\t\t<\/div>\t\t\t\t\t<\/div>\r\n\t\t\t\t\t\t<div class=\"grid-item\">\r\n\t\t\t\t\t\t<div class=\"nuss-box\">\t\t<div class=\"nuss-image image\">\r\n\t\t\t<img decoding=\"async\"  src=\"https:\/\/amixhotel.com\/wp-content\/uploads\/2025\/07\/amix-hotel-wuhan-50.webp\" alt=\"Amix Hotel Wuhan (50)\" \/>\t\t<\/div>\r\n\t\t\t\t<\/div>\t\t\t\t\t<\/div>\r\n\t\t\t\t\t\t<div class=\"grid-item\">\r\n\t\t\t\t\t\t<div class=\"nuss-box\">\t\t<div class=\"nuss-image image\">\r\n\t\t\t<img decoding=\"async\"  src=\"https:\/\/amixhotel.com\/wp-content\/uploads\/2025\/07\/amix-hotel-wuhan-64.webp\" alt=\"Amix Hotel Wuhan (64)\" \/>\t\t<\/div>\r\n\t\t\t\t<\/div>\t\t\t\t\t<\/div>\r\n\t\t\t\t\t\t<div class=\"grid-item\">\r\n\t\t\t\t\t\t<div class=\"nuss-box\">\t\t<div class=\"nuss-image image\">\r\n\t\t\t<img decoding=\"async\"  src=\"https:\/\/amixhotel.com\/wp-content\/uploads\/2025\/07\/amix-hotel-wuhan-66.webp\" alt=\"Amix Hotel Wuhan (66)\" \/>\t\t<\/div>\r\n\t\t\t\t<\/div>\t\t\t\t\t<\/div>\r\n\t\t\t\t\t\t<div class=\"grid-item\">\r\n\t\t\t\t\t\t<div class=\"nuss-box\">\t\t<div class=\"nuss-image image\">\r\n\t\t\t<img decoding=\"async\"  src=\"https:\/\/amixhotel.com\/wp-content\/uploads\/2025\/07\/amix-hotel-wuhan-62.webp\" alt=\"Amix Hotel Wuhan (62)\" \/>\t\t<\/div>\r\n\t\t\t\t<\/div>\t\t\t\t\t<\/div>\r\n\t\t\t\t\t\t<div class=\"grid-item\">\r\n\t\t\t\t\t\t<div class=\"nuss-box\">\t\t<div class=\"nuss-image image\">\r\n\t\t\t<img decoding=\"async\"  src=\"https:\/\/amixhotel.com\/wp-content\/uploads\/2025\/07\/amix-hotel-wuhan-56.webp\" alt=\"Amix Hotel Wuhan (56)\" \/>\t\t<\/div>\r\n\t\t\t\t<\/div>\t\t\t\t\t<\/div>\r\n\t\t\t\t\t\t\t\r\n\t\t\t<\/div>\r\n\t\t<\/div>\r\n\t\t\t\t\t\t<\/div>\n\t\t\t\t<\/div>\n\t\t\t\t\t<\/div>\n\t\t\t\t<\/div>\n\t\t<div class=\"elementor-element elementor-element-069b409 e-flex e-con-boxed e-con e-parent\" data-id=\"069b409\" data-element_type=\"container\" data-e-type=\"container\">\n\t\t\t\t\t<div class=\"e-con-inner\">\n\t\t\t\t<div class=\"elementor-element elementor-element-d868931 elementor-widget elementor-widget-text-editor\" data-id=\"d868931\" data-element_type=\"widget\" data-e-type=\"widget\" data-widget_type=\"text-editor.default\">\n\t\t\t\t\t\t\t\t\t<p>So wie sich Wuhan weiterentwickelt, so entwickelt sich auch das Amix Hotel weiter. Wir bleiben der Innovation verpflichtet \u2013 ob in unserem <strong>umweltfreundliche Initiativen <\/strong>, unser <strong>technologiegetriebene G\u00e4steservices <\/strong>oder unsere <strong>verbesserte Sicherheits- und Hygieneprotokolle <\/strong>\u2013 und stellen sicher, dass wir den sich st\u00e4ndig \u00e4ndernden Bed\u00fcrfnissen moderner Reisender gerecht werden und gleichzeitig unseren Wurzeln treu bleiben.<\/p><p>Unsere Geschichte wird weitergeschrieben \u2013 Gast f\u00fcr Gast. Und wir laden Sie ein, ein Teil davon zu werden.<\/p><p data-spm-anchor-id=\"a2ty_o01.29997173.0.i43.6b1bc921y7R8ee\">Bei <strong>Amix Hotel <\/strong>bieten wir nicht nur eine Unterkunft, sondern auch eine <strong>zweites Zuhause <\/strong>, A <strong>Ausgangspunkt f\u00fcr die Erkundung <\/strong>und ein <strong>Versprechen au\u00dfergew\u00f6hnlicher Gastfreundschaft <\/strong>. Kommen Sie und erleben Sie die Reise selbst.<\/p>\t\t\t\t\t\t\t\t<\/div>\n\t\t\t\t\t<\/div>\n\t\t\t\t<\/div>\n\t\t\t\t<\/div>","protected":false},"excerpt":{"rendered":"<p>Welcome to Amix Hotel \u2013 where every stay tells a story. At the heart of Wuhan\u2019s bustling Wuchang District, nestled along the tranquil stretch of 143 West Pengliuyang Road , stands Amix Hotel \u2014a modern haven where comfort meets culture, and hospitality is more than just a service. Our story is one of passion, purpose, [&hellip;]<\/p>\n","protected":false},"author":1,"featured_media":0,"parent":0,"menu_order":0,"comment_status":"closed","ping_status":"closed","template":"elementor_header_footer","meta":{"footnotes":""},"class_list":["post-2104","page","type-page","status-publish","hentry","post-no-thumbnail"],"_links":{"self":[{"href":"https:\/\/amixhotel.com\/de\/wp-json\/wp\/v2\/pages\/2104","targetHints":{"allow":["GET"]}}],"collection":[{"href":"https:\/\/amixhotel.com\/de\/wp-json\/wp\/v2\/pages"}],"about":[{"href":"https:\/\/amixhotel.com\/de\/wp-json\/wp\/v2\/types\/page"}],"author":[{"embeddable":true,"href":"https:\/\/amixhotel.com\/de\/wp-json\/wp\/v2\/users\/1"}],"replies":[{"embeddable":true,"href":"https:\/\/amixhotel.com\/de\/wp-json\/wp\/v2\/comments?post=2104"}],"version-history":[{"count":0,"href":"https:\/\/amixhotel.com\/de\/wp-json\/wp\/v2\/pages\/2104\/revisions"}],"wp:attachment":[{"href":"https:\/\/amixhotel.com\/de\/wp-json\/wp\/v2\/media?parent=2104"}],"curies":[{"name":"wp","href":"https:\/\/api.w.org\/{rel}","templated":true}]}}