{"id":2105,"date":"2021-03-24T07:25:45","date_gmt":"2021-03-24T07:25:45","guid":{"rendered":"http:\/\/localhost\/nuss\/?page_id=235"},"modified":"2025-12-04T08:32:44","modified_gmt":"2025-12-04T08:32:44","slug":"faqs","status":"publish","type":"page","link":"https:\/\/amixhotel.com\/de\/faqs\/","title":{"rendered":"FAQs"},"content":{"rendered":"<div data-elementor-type=\"wp-page\" data-elementor-id=\"2105\" class=\"elementor elementor-2105\">\n\t\t\t\t\t\t<section class=\"elementor-section elementor-top-section elementor-element elementor-element-2a96a73 elementor-section-boxed elementor-section-gap-beside-yes elementor-section-height-default elementor-section-height-default elementor-section-column-vertical-align-stretch\" data-id=\"2a96a73\" data-element_type=\"section\" data-e-type=\"section\">\n\t\t\t\t\t\t<div class=\"elementor-container elementor-column-gap-extended\">\n\t\t\t\t\t<div class=\"elementor-column elementor-col-100 elementor-top-column elementor-element elementor-element-98ef20c\" data-id=\"98ef20c\" data-element_type=\"column\" data-e-type=\"column\">\n\t\t\t<div class=\"elementor-widget-wrap elementor-element-populated\">\n\t\t\t\t\t\t<div class=\"elementor-element elementor-element-97088c0 elementor-widget__width-initial elementor-invisible elementor-widget elementor-widget-text-editor\" data-id=\"97088c0\" data-element_type=\"widget\" data-e-type=\"widget\" data-settings=\"{&quot;_animation&quot;:&quot;nussFadeInUp&quot;}\" data-widget_type=\"text-editor.default\">\n\t\t\t\t\t\t\t\t\t<p>Nachfolgend finden Sie eine Liste der am h\u00e4ufigsten von unseren G\u00e4sten gestellten Fragen.<\/p>\t\t\t\t\t\t\t\t<\/div>\n\t\t\t\t\t<\/div>\n\t\t<\/div>\n\t\t\t\t\t<\/div>\n\t\t<\/section>\n\t\t\t\t<section class=\"elementor-section elementor-top-section elementor-element elementor-element-b184647 elementor-section-gap-beside-no elementor-section-boxed elementor-section-height-default elementor-section-height-default elementor-section-column-vertical-align-stretch\" data-id=\"b184647\" data-element_type=\"section\" data-e-type=\"section\">\n\t\t\t\t\t\t<div class=\"elementor-container elementor-column-gap-extended\">\n\t\t\t\t\t<div class=\"elementor-column elementor-col-100 elementor-top-column elementor-element elementor-element-1d49749\" data-id=\"1d49749\" data-element_type=\"column\" data-e-type=\"column\">\n\t\t\t<div class=\"elementor-widget-wrap elementor-element-populated\">\n\t\t\t\t\t\t<div class=\"elementor-element elementor-element-b986a9e elementor-invisible elementor-widget elementor-widget-nuss-heading\" data-id=\"b986a9e\" data-element_type=\"widget\" data-e-type=\"widget\" data-settings=\"{&quot;_animation&quot;:&quot;nussFadeInUp&quot;}\" data-widget_type=\"nuss-heading.default\">\n\t\t\t\t<div class=\"elementor-widget-container\">\n\t\t\t\t\t\t\t<div class=\"nuss-modern-heading\">\r\n\t\t\t\r\n\t\t\t\t\t\t<div class=\"heading-primary-wrap\">\r\n\t\t\t\t<h4 class=\"heading-primary elementor-heading-title\">FAQ&#039;S<\/h4>\t\t\t<\/div>\r\n\t\t\r\n\t\t\t\t\t\t<div class=\"heading-divider-wrap\">\r\n\t\t\t\t<div class=\"heading-divider\" style=\"left: 0px;top: 6px\"><\/div>\r\n\t\t\t<\/div>\r\n\t\r\n\t\t\t\t\t<\/div>\r\n\t\t\t\t\t<\/div>\n\t\t\t\t<\/div>\n\t\t\t\t<div class=\"elementor-element elementor-element-50f0733 elementor-invisible elementor-widget elementor-widget-heading\" data-id=\"50f0733\" data-element_type=\"widget\" data-e-type=\"widget\" data-settings=\"{&quot;_animation&quot;:&quot;nussFadeInUp&quot;}\" data-widget_type=\"heading.default\">\n\t\t\t\t\t<h2 class=\"elementor-heading-title elementor-size-default\">Fragen &amp; Antworten<\/h2>\t\t\t\t<\/div>\n\t\t\t\t\t<\/div>\n\t\t<\/div>\n\t\t\t\t\t<\/div>\n\t\t<\/section>\n\t\t<div class=\"elementor-element elementor-element-6e372a1 e-flex e-con-boxed e-con e-parent\" data-id=\"6e372a1\" data-element_type=\"container\" data-e-type=\"container\">\n\t\t\t\t\t<div class=\"e-con-inner\">\n\t\t\t\t<div class=\"elementor-element elementor-element-db71669 elementor-widget elementor-widget-text-editor\" data-id=\"db71669\" data-element_type=\"widget\" data-e-type=\"widget\" data-widget_type=\"text-editor.default\">\n\t\t\t\t\t\t\t\t\t<h3 data-spm-anchor-id=\"a2ty_o01.29997173.0.i36.6b1bc921y7R8ee\">\ud83c\udfe8 Allgemeine FAQs und Buchungs-FAQs<\/h3><ol start=\"1\"><li><p><strong>Wo befindet sich das Amix Hotel? <\/strong><br \/>Das Amix Hotel befindet sich in der 143 West Pengliuyang Road, Bezirk Wuchang, Wuhan, Hubei, China.<\/p><\/li><li><p><strong>Befindet sich das Amix Hotel in der N\u00e4he wichtiger Sehensw\u00fcrdigkeiten in Wuhan? <\/strong><br \/>Ja, es liegt in der N\u00e4he der East Lake Scenic Area, des Yellow Crane Tower und der Wuhan University sowie anderer beliebter Sehensw\u00fcrdigkeiten.<\/p><\/li><li><p><strong>Wie weit ist das Amix Hotel vom Bahnhof Wuchang entfernt? <\/strong><br \/>Das Hotel liegt etwa 10\u201315 Autominuten vom Bahnhof Wuchang entfernt.<\/p><\/li><li><p><strong>Wie sind die Check-in- und Check-out-Zeiten im Amix Hotel? <\/strong><br \/>Die Check-in-Zeit ist normalerweise 14:00 Uhr und die Check-out-Zeit ist 12:00 Uhr.<\/p><\/li><li><p><strong>Kann ich im Amix Hotel online ein Zimmer buchen? <\/strong><br \/>Ja, Zimmer k\u00f6nnen direkt \u00fcber die offizielle Website des Hotels oder \u00fcber OTAs wie Booking.com, Agoda, Expedia und Ctrip gebucht werden.<\/p><\/li><li><p><strong>Bietet das Amix Hotel eine kostenlose Stornierung an? <\/strong><br \/>Die Stornierungsbedingungen variieren je nach Buchungsart. Bei vielen Zimmertypen ist eine kostenlose Stornierung bis 24\u201348 Stunden vor dem Check-in m\u00f6glich.<\/p><\/li><li><p><strong>Gibt es im Amix Hotel verschiedene Zimmertypen? <\/strong><br \/>Ja, einschlie\u00dflich Deluxe-Zimmer, Executive-Zimmer, Suiten und Familienzimmer.<\/p><\/li><\/ol><div class=\"my-2\">\u00a0<\/div><div class=\"py-2 my-3\"><hr \/><\/div><h3>\ud83d\udecf\ufe0f FAQs zu Zimmer und Ausstattung<\/h3><ol start=\"8\"><li><p><strong>Sind die Zimmer im Amix Hotel sauber und gepflegt? <\/strong><br \/>Ja, in den G\u00e4stebewertungen werden durchweg die Sauberkeit, der Komfort und das moderne Design der Zimmer gelobt.<\/p><\/li><li><p><strong>Verf\u00fcgen die Zimmer \u00fcber eine Klimaanlage und eine Heizung? <\/strong><br \/>Alle Zimmer sind mit Klimaanlagen und Heizungen ausgestattet.<\/p><\/li><li><p><strong>Gibt es Highspeed-WLAN in den Zimmern und \u00f6ffentlichen Bereichen? <\/strong><br \/>Ja, kostenloses Highspeed-WLAN ist im gesamten Hotel verf\u00fcgbar.<\/p><\/li><li><p><strong>Gibt es f\u00fcr Gesch\u00e4ftsreisende geeignete Schreibtische und Steckdosen? <\/strong><br \/>Ja, alle Zimmer verf\u00fcgen \u00fcber gro\u00dfe Schreibtische, ergonomische Sitzgelegenheiten und mehrere internationale Steckdosen.<\/p><\/li><li><p><strong>Bietet das Amix Hotel Fr\u00fchst\u00fcck an? <\/strong><br \/>Ja, es wird t\u00e4glich ein Fr\u00fchst\u00fcck mit chinesischen und internationalen Gerichten angeboten.<\/p><\/li><\/ol><div class=\"my-2\">\u00a0<\/div><div class=\"py-2 my-3\"><hr \/><\/div><h3>\ud83c\udf7d\ufe0f H\u00e4ufig gestellte Fragen zu Restaurants und Gastronomie<\/h3><ol start=\"13\"><li><p><strong>Verf\u00fcgt das Amix Hotel \u00fcber ein eigenes Restaurant? <\/strong><br \/>Ja, das Hotel verf\u00fcgt \u00fcber ein Full-Service-Restaurant, das lokale K\u00fcche aus Hubei und internationale Gerichte anbietet.<\/p><\/li><li><p><strong>Ist im Amix Hotel Zimmerservice verf\u00fcgbar? <\/strong><br \/>Ja, G\u00e4ste k\u00f6nnen den Zimmerservice w\u00e4hrend der festgelegten Zeiten nutzen.<\/p><\/li><\/ol><div class=\"my-2\">\u00a0<\/div><div class=\"py-2 my-3\"><hr \/><\/div><h3>\ud83d\udcbc FAQs zu Gesch\u00e4fts- und Tagungseinrichtungen<\/h3><ol start=\"15\"><li><p><strong>Verf\u00fcgt das Amix Hotel \u00fcber Tagungs- oder Konferenzr\u00e4ume? <\/strong><br \/>Ja, das Hotel bietet voll ausgestattete Tagungs- und Konferenzr\u00e4ume, die f\u00fcr kleine bis mittelgro\u00dfe Veranstaltungen geeignet sind.<\/p><\/li><li><p><strong>Gibt es ein 24-Stunden-Businesscenter? <\/strong><br \/>Ja, das rund um die Uhr ge\u00f6ffnete Businesscenter bietet Druck-, Scan- und Faxfunktionen sowie Highspeed-Internetzugang.<\/p><\/li><\/ol><div class=\"my-2\">\u00a0<\/div><div class=\"py-2 my-3\"><hr \/><\/div><h3>\ud83d\ude97 FAQs zu Transport und Erreichbarkeit<\/h3><ol start=\"17\"><li><p><strong>Gibt es im Amix Hotel Parkpl\u00e4tze? <\/strong><br \/>Ja, das Hotel bietet sichere Parkpl\u00e4tze vor Ort f\u00fcr G\u00e4ste (Verf\u00fcgbarkeit kann variieren; vorherige Reservierung empfohlen).<\/p><\/li><li><p><strong>Wie weit ist das Amix Hotel vom internationalen Flughafen Wuhan Tianhe entfernt? <\/strong><br \/>Je nach Verkehrslage ca. 40\u201350 Minuten mit dem Auto.<\/p><\/li><li><p><strong>Bietet das Hotel einen Flughafentransfer oder Transporthilfe an? <\/strong><br \/>Obwohl kein direkter Shuttle angeboten wird, kann das Hotel bei der Taxibuchung behilflich sein oder Mitfahr-Apps empfehlen.<\/p><\/li><\/ol><div class=\"my-2\">\u00a0<\/div><div class=\"py-2 my-3\"><hr \/><\/div><h3>\u2705 H\u00e4ufig gestellte Fragen zum G\u00e4steerlebnis und zu Richtlinien<\/h3><ol start=\"20\"><li data-spm-anchor-id=\"a2ty_o01.29997173.0.i35.6b1bc921y7R8ee\"><strong>Was sagen fr\u00fchere G\u00e4ste \u00fcber das Amix Hotel? <\/strong><br \/>G\u00e4ste loben h\u00e4ufig das Hotel <strong>Sauberkeit, freundliches Personal, g\u00fcnstige Lage <\/strong>, Und <strong>Preis-Leistungs-Verh\u00e4ltnis <\/strong> auf Plattformen wie TripAdvisor, Booking.com und Agoda.<\/li><\/ol>\t\t\t\t\t\t\t\t<\/div>\n\t\t\t\t\t<\/div>\n\t\t\t\t<\/div>\n\t\t\t\t<\/div>","protected":false},"excerpt":{"rendered":"<p>Below, you will find a list of the questions most frequently asked by our guests. FAQ&#8217;S Questions &amp; Answers \ud83c\udfe8 General &amp; Booking FAQs Where is Amix Hotel located? Amix Hotel is located at 143 West Pengliuyang Road, Wuchang District, Wuhan, Hubei, China. Is Amix Hotel near any major attractions in Wuhan? Yes, it\u2019s close [&hellip;]<\/p>\n","protected":false},"author":1,"featured_media":0,"parent":0,"menu_order":0,"comment_status":"closed","ping_status":"closed","template":"","meta":{"footnotes":""},"class_list":["post-2105","page","type-page","status-publish","hentry","post-no-thumbnail"],"_links":{"self":[{"href":"https:\/\/amixhotel.com\/de\/wp-json\/wp\/v2\/pages\/2105","targetHints":{"allow":["GET"]}}],"collection":[{"href":"https:\/\/amixhotel.com\/de\/wp-json\/wp\/v2\/pages"}],"about":[{"href":"https:\/\/amixhotel.com\/de\/wp-json\/wp\/v2\/types\/page"}],"author":[{"embeddable":true,"href":"https:\/\/amixhotel.com\/de\/wp-json\/wp\/v2\/users\/1"}],"replies":[{"embeddable":true,"href":"https:\/\/amixhotel.com\/de\/wp-json\/wp\/v2\/comments?post=2105"}],"version-history":[{"count":0,"href":"https:\/\/amixhotel.com\/de\/wp-json\/wp\/v2\/pages\/2105\/revisions"}],"wp:attachment":[{"href":"https:\/\/amixhotel.com\/de\/wp-json\/wp\/v2\/media?parent=2105"}],"curies":[{"name":"wp","href":"https:\/\/api.w.org\/{rel}","templated":true}]}}