{"id":2106,"date":"2021-03-25T04:08:26","date_gmt":"2021-03-25T04:08:26","guid":{"rendered":"http:\/\/localhost\/nuss\/?page_id=298"},"modified":"2025-12-04T08:32:37","modified_gmt":"2025-12-04T08:32:37","slug":"erlebnisse","status":"publish","type":"page","link":"https:\/\/amixhotel.com\/de\/experiences\/","title":{"rendered":"Kundenerfahrungen &amp; Bewertungen"},"content":{"rendered":"<div data-elementor-type=\"wp-page\" data-elementor-id=\"2106\" class=\"elementor elementor-2106\">\n\t\t\t\t\t\t<section class=\"elementor-section elementor-top-section elementor-element elementor-element-1954ffc elementor-section-boxed elementor-section-gap-beside-yes elementor-section-height-default elementor-section-height-default elementor-section-column-vertical-align-stretch\" data-id=\"1954ffc\" data-element_type=\"section\" data-e-type=\"section\">\n\t\t\t\t\t\t<div class=\"elementor-container elementor-column-gap-extended\">\n\t\t\t\t\t<div class=\"elementor-column elementor-col-100 elementor-top-column elementor-element elementor-element-86aebc5\" data-id=\"86aebc5\" data-element_type=\"column\" data-e-type=\"column\">\n\t\t\t<div class=\"elementor-widget-wrap elementor-element-populated\">\n\t\t\t\t\t\t<div class=\"elementor-element elementor-element-11803d1 elementor-widget__width-initial elementor-invisible elementor-widget elementor-widget-text-editor\" data-id=\"11803d1\" data-element_type=\"widget\" data-e-type=\"widget\" data-settings=\"{&quot;_animation&quot;:&quot;nussFadeInUp&quot;}\" data-widget_type=\"text-editor.default\">\n\t\t\t\t\t\t\t\t\t<p><strong data-spm-anchor-id=\"a2ty_o01.29997173.0.i29.6b1bc921y7R8ee\">Amix Hotel \u2013 Echte G\u00e4steerfahrungen &amp; Bewertungen von zufriedenen Reisenden <\/strong><\/p>\t\t\t\t\t\t\t\t<\/div>\n\t\t\t\t\t<\/div>\n\t\t<\/div>\n\t\t\t\t\t<\/div>\n\t\t<\/section>\n\t\t<div class=\"elementor-element elementor-element-bc6134f e-flex e-con-boxed e-con e-parent\" data-id=\"bc6134f\" data-element_type=\"container\" data-e-type=\"container\">\n\t\t\t\t\t<div class=\"e-con-inner\">\n\t\t\t\t<div class=\"elementor-element elementor-element-d89aa97 elementor-widget elementor-widget-text-editor\" data-id=\"d89aa97\" data-element_type=\"widget\" data-e-type=\"widget\" data-widget_type=\"text-editor.default\">\n\t\t\t\t\t\t\t\t\t<p>Standort <strong>143 West Pengliuyang Road, Bezirk Wuchang, Wuhan, Hubei, China <\/strong>, <strong>Amix Hotel <\/strong> Das Hotel gilt als erste Wahl f\u00fcr Urlauber und Gesch\u00e4ftsreisende, die Komfort, Bequemlichkeit und au\u00dfergew\u00f6hnlichen Service im Herzen von Wuhan suchen. Dank seiner modernen Ausstattung, der strategischen Lage und der aufmerksamen Gastfreundschaft erh\u00e4lt das Hotel durchweg positives Feedback auf f\u00fchrenden Reiseplattformen wie <strong>TripAdvisor.com <\/strong> und andere gro\u00dfe <strong>Online-Reiseb\u00fcros (OTAs) <\/strong> wie Booking.com, Agoda und Expedia.<\/p><div class=\"my-2\">\u00a0<\/div><p>G\u00e4ste loben das Amix Hotel h\u00e4ufig f\u00fcr seine <strong>saubere, stilvolle und gepflegte Zimmer <\/strong>Viele G\u00e4ste lobten die komfortablen Betten, die ruhige Umgebung und die hervorragende Schalld\u00e4mmung \u2013 ideal zum Entspannen und Arbeiten im Homeoffice. Ein TripAdvisor-Rezensent bemerkte:<\/p><blockquote><p><em data-spm-anchor-id=\"a2ty_o01.29997173.0.i30.6b1bc921y7R8ee\">\u201eEine tolle Unterkunft in Wuhan! Das Zimmer war makellos, das Bett super bequem und die Klimaanlage hielt es selbst im Sommer angenehm k\u00fchl.\u201c <\/em><\/p><\/blockquote><p>Das Hotel <strong>erstklassige Lage im Bezirk Wuchang <\/strong> ist ein weiteres herausragendes Merkmal. Viele G\u00e4ste sch\u00e4tzen die N\u00e4he zu wichtigen Sehensw\u00fcrdigkeiten wie <strong>Landschaftsgebiet East Lake <\/strong>, <strong>Gelber Kranturm <\/strong>, Und <strong>Wuhan-Universit\u00e4t <\/strong>sowie der einfache Zugang zu <strong>Bahnhof Wuchang <\/strong> und Verkehrsanbindungen nach <strong>Internationaler Flughafen Wuhan Tianhe <\/strong>In einer Bewertung auf Booking.com hei\u00dft es:<\/p><blockquote><p><em>\u201ePerfekte Lage f\u00fcr Sightseeing und Gesch\u00e4ftsreisen. Restaurants und \u00f6ffentliche Verkehrsmittel sind fu\u00dfl\u00e4ufig erreichbar. Sehr empfehlenswert!\u201c <\/em><\/p><\/blockquote><p>Reisende loben auch die <strong>freundliches und professionelles Personal <\/strong>, die oft als hilfsbereit, zuvorkommend und schnell auf G\u00e4stew\u00fcnsche reagierend beschrieben werden. Vom reibungslosen Check-in bis zur aufmerksamen Concierge-Betreuung \u2013 der Service im Amix Hotel tr\u00e4gt zum Gesamterlebnis bei. Ein Agoda-Nutzer schrieb:<\/p><blockquote><p><em>\u201eDas Personal an der Rezeption war sehr freundlich und sprach gut Englisch. Sie halfen uns bei der Taxibuchung und gaben uns n\u00fctzliche Tipps zu lokalen Restaurants.\u201c <\/em><\/p><\/blockquote><p>F\u00fcr alle, die Wert auf Hygiene und Sauberkeit legen \u2013 eine Top-Priorit\u00e4t f\u00fcr Reisende von heute \u2013 erh\u00e4lt das Amix Hotel Bestnoten. Zahlreiche Bewertungen betonen die <strong>makellose Zimmer, desinfizierte Gemeinschaftsbereiche und t\u00e4glicher Reinigungsservice <\/strong>und tr\u00e4gt zu einem sicheren und angenehmen Aufenthalt bei. Auf TripAdvisor teilte ein k\u00fcrzlicher Gast mit:<\/p><blockquote><p><em>\u201eIch habe mich hier rundum sicher gef\u00fchlt. Alles war sauber und in der Lobby stand Handdesinfektionsmittel bereit.\u201c <\/em><\/p><\/blockquote><p>Besonders Gesch\u00e4ftsreisende sch\u00e4tzen die <strong>gut ausgestattetes Business Center <\/strong>, <strong>Highspeed-WLAN <\/strong>, Und <strong>ergonomische Arbeitspl\u00e4tze <\/strong> sowohl im Zimmer als auch in den Gemeinschaftsbereichen. Die G\u00e4ste lobten die <strong>zuverl\u00e4ssige Internetverbindung <\/strong>, ideal f\u00fcr Videoanrufe und dringende E-Mails. In einer Expedia-Bewertung hei\u00dft es:<\/p><blockquote><p><em>\u201eIdeal f\u00fcr Gesch\u00e4ftsreisende \u2013 schnelles Internet, ruhige Zimmer und Tagungsr\u00e4ume in der N\u00e4he. Wir kommen auf jeden Fall wieder.\u201c <\/em><\/p><\/blockquote><p>Auch die kulinarischen Erlebnisse im Amix Hotel werden positiv erw\u00e4hnt. Die G\u00e4ste genie\u00dfen die <strong>vielf\u00e4ltige Fr\u00fchst\u00fccksoptionen <\/strong>, einschlie\u00dflich beider <strong>lokale Hubei-Spezialit\u00e4ten und internationale Gerichte <\/strong>. Gutachter weisen darauf hin, <strong>frische Zutaten, gro\u00dfz\u00fcgige Portionen und gem\u00fctliches Ambiente <\/strong> des hauseigenen Restaurants.<\/p><div class=\"my-2\">\u00a0<\/div><p>Auf OTAs h\u00e4lt Amix Hotel konsequent eine <strong>hohe Bewertung <\/strong>, mit vielen F\u00fcnf-Sterne-Bewertungen, die das Preis-Leistungs-Verh\u00e4ltnis, den hervorragenden Kundenservice und eine erstklassige Lage hervorheben, die das Erkunden von Wuhan m\u00fchelos macht.<\/p><div class=\"my-2\">\u00a0<\/div><p>Zusammenfassend: <strong>Amix Hotel <\/strong> beeindruckt weiterhin Reisende aus aller Welt mit seinem <strong>moderner Komfort, strategische Lage und herzliche Gastfreundschaft <\/strong>. Ganz gleich, ob Sie Wuhan gesch\u00e4ftlich oder privat besuchen, echte G\u00e4stebewertungen sprechen B\u00e4nde \u00fcber die Qualit\u00e4t und Best\u00e4ndigkeit Ihres Aufenthalts.<\/p><div class=\"my-2\">\u00a0<\/div><p data-spm-anchor-id=\"a2ty_o01.29997173.0.i32.6b1bc921y7R8ee\">Lesen Sie, was fr\u00fchere G\u00e4ste sagen, und planen Sie Ihren n\u00e4chsten Besuch voller Zuversicht \u2013 buchen Sie Ihren Aufenthalt bei <strong>Amix Hotel <\/strong> und erleben Sie Wuhan wie nie zuvor.<\/p>\t\t\t\t\t\t\t\t<\/div>\n\t\t\t\t\t<\/div>\n\t\t\t\t<\/div>\n\t\t\t\t<\/div>","protected":false},"excerpt":{"rendered":"<p>Amix Hotel \u2013 Real Guest Experiences &amp; Reviews from Satisfied Travelers Located at 143 West Pengliuyang Road, Wuchang District, Wuhan, Hubei, China , Amix Hotel has earned a reputation as a top choice for both leisure and business travelers seeking comfort, convenience, and exceptional service in the heart of Wuhan. With its modern amenities, strategic [&hellip;]<\/p>\n","protected":false},"author":1,"featured_media":0,"parent":0,"menu_order":0,"comment_status":"closed","ping_status":"closed","template":"","meta":{"footnotes":""},"class_list":["post-2106","page","type-page","status-publish","hentry","post-no-thumbnail"],"_links":{"self":[{"href":"https:\/\/amixhotel.com\/de\/wp-json\/wp\/v2\/pages\/2106","targetHints":{"allow":["GET"]}}],"collection":[{"href":"https:\/\/amixhotel.com\/de\/wp-json\/wp\/v2\/pages"}],"about":[{"href":"https:\/\/amixhotel.com\/de\/wp-json\/wp\/v2\/types\/page"}],"author":[{"embeddable":true,"href":"https:\/\/amixhotel.com\/de\/wp-json\/wp\/v2\/users\/1"}],"replies":[{"embeddable":true,"href":"https:\/\/amixhotel.com\/de\/wp-json\/wp\/v2\/comments?post=2106"}],"version-history":[{"count":0,"href":"https:\/\/amixhotel.com\/de\/wp-json\/wp\/v2\/pages\/2106\/revisions"}],"wp:attachment":[{"href":"https:\/\/amixhotel.com\/de\/wp-json\/wp\/v2\/media?parent=2106"}],"curies":[{"name":"wp","href":"https:\/\/api.w.org\/{rel}","templated":true}]}}