{"id":2109,"date":"2021-03-26T08:35:58","date_gmt":"2021-03-26T08:35:58","guid":{"rendered":"http:\/\/localhost\/nuss\/?page_id=536"},"modified":"2025-12-04T08:32:18","modified_gmt":"2025-12-04T08:32:18","slug":"businesseinrichtungen","status":"publish","type":"page","link":"https:\/\/amixhotel.com\/de\/business-facilities\/","title":{"rendered":"Business-Einrichtungen"},"content":{"rendered":"<div data-elementor-type=\"wp-page\" data-elementor-id=\"2109\" class=\"elementor elementor-2109\">\n\t\t\t\t\t\t<section class=\"elementor-section elementor-top-section elementor-element elementor-element-bb2901b elementor-section-boxed elementor-section-gap-beside-yes elementor-section-height-default elementor-section-height-default elementor-section-column-vertical-align-stretch\" data-id=\"bb2901b\" data-element_type=\"section\" data-e-type=\"section\">\n\t\t\t\t\t\t<div class=\"elementor-container elementor-column-gap-extended\">\n\t\t\t\t\t<div class=\"elementor-column elementor-col-100 elementor-top-column elementor-element elementor-element-1919db9\" data-id=\"1919db9\" data-element_type=\"column\" data-e-type=\"column\">\n\t\t\t<div class=\"elementor-widget-wrap elementor-element-populated\">\n\t\t\t\t\t\t<div class=\"elementor-element elementor-element-41a7b9c elementor-widget__width-initial elementor-invisible elementor-widget elementor-widget-text-editor\" data-id=\"41a7b9c\" data-element_type=\"widget\" data-e-type=\"widget\" data-settings=\"{&quot;_animation&quot;:&quot;nussFadeInUp&quot;}\" data-widget_type=\"text-editor.default\">\n\t\t\t\t\t\t\t\t\t<p><strong data-spm-anchor-id=\"a2ty_o01.29997173.0.i20.6b1bc921y7R8ee\">Amix Hotel Business Facilities \u2013 Produktivit\u00e4tssteigerung im Herzen von Wuhan <\/strong><\/p>\t\t\t\t\t\t\t\t<\/div>\n\t\t\t\t\t<\/div>\n\t\t<\/div>\n\t\t\t\t\t<\/div>\n\t\t<\/section>\n\t\t<div class=\"elementor-element elementor-element-8967144 e-flex e-con-boxed e-con e-parent\" data-id=\"8967144\" data-element_type=\"container\" data-e-type=\"container\">\n\t\t\t\t\t<div class=\"e-con-inner\">\n\t\t\t\t<div class=\"elementor-element elementor-element-950510a elementor-widget elementor-widget-image\" data-id=\"950510a\" data-element_type=\"widget\" data-e-type=\"widget\" data-widget_type=\"image.default\">\n\t\t\t\t\t\t\t\t\t\t\t\t\t\t\t<img fetchpriority=\"high\" decoding=\"async\" width=\"1024\" height=\"682\" src=\"https:\/\/amixhotel.com\/wp-content\/uploads\/2025\/07\/amix-hotel-wuhan-63-1024x682.webp\" class=\"attachment-large size-large wp-image-5541\" alt=\"\" srcset=\"https:\/\/amixhotel.com\/wp-content\/uploads\/2025\/07\/amix-hotel-wuhan-63-1024x682.webp 1024w, https:\/\/amixhotel.com\/wp-content\/uploads\/2025\/07\/amix-hotel-wuhan-63-300x200.webp 300w, https:\/\/amixhotel.com\/wp-content\/uploads\/2025\/07\/amix-hotel-wuhan-63-768x512.webp 768w, https:\/\/amixhotel.com\/wp-content\/uploads\/2025\/07\/amix-hotel-wuhan-63.webp 1280w\" sizes=\"(max-width: 1024px) 100vw, 1024px\" \/>\t\t\t\t\t\t\t\t\t\t\t\t\t\t\t<\/div>\n\t\t\t\t\t<\/div>\n\t\t\t\t<\/div>\n\t\t<div class=\"elementor-element elementor-element-90f935b e-flex e-con-boxed e-con e-parent\" data-id=\"90f935b\" data-element_type=\"container\" data-e-type=\"container\">\n\t\t\t\t\t<div class=\"e-con-inner\">\n\t\t\t\t<div class=\"elementor-element elementor-element-b5bba1b elementor-widget elementor-widget-text-editor\" data-id=\"b5bba1b\" data-element_type=\"widget\" data-e-type=\"widget\" data-widget_type=\"text-editor.default\">\n\t\t\t\t\t\t\t\t\t<p data-spm-anchor-id=\"a2ty_o01.29997173.0.i21.6b1bc921y7R8ee\">Standort <strong>143 West Pengliuyang Road, Bezirk Wuchang, Wuhan, Hubei, China <\/strong>, <strong>Amix Hotel <\/strong> bietet ein umfassendes Sortiment an <strong>moderne Business-Einrichtungen <\/strong> Zugeschnitten auf die Anforderungen moderner Gesch\u00e4ftsreisender, Unternehmer und Veranstaltungsplaner. Ob Sie f\u00fcr ein hochrangiges Meeting, eine kleine Konferenz oder einfach nur einen ruhigen Ort f\u00fcr produktives Arbeiten in Wuhan sind \u2013 unser Hotel bietet Ihnen die n\u00f6tigen Werkzeuge, Technologien und ein professionelles Umfeld f\u00fcr Ihren Erfolg.<\/p><p>Im Amix Hotel wissen wir, dass Effizienz und Komfort im Gesch\u00e4ftsleben Hand in Hand gehen. Deshalb haben wir unsere Business-Einrichtungen mit Fokus auf Funktionalit\u00e4t, Stil und Komfort gestaltet. Unsere <strong>24-Stunden-Businesscenter <\/strong> ist mit Highspeed-WLAN, ergonomischen Arbeitspl\u00e4tzen sowie Druck-, Scan- und Faxdiensten ausgestattet und stellt sicher, dass G\u00e4ste ihre Arbeitsaufgaben jederzeit erledigen k\u00f6nnen, Tag und Nacht.<\/p><p>F\u00fcr Meetings, Pr\u00e4sentationen und Firmenveranstaltungen bieten wir <strong>voll ausgestattete Konferenz- und Tagungsr\u00e4ume <\/strong> die Gruppen unterschiedlicher Gr\u00f6\u00dfe aufnehmen k\u00f6nnen. Diese R\u00e4ume verf\u00fcgen \u00fcber <strong>LED-Displays, HD-Projektoren, Schalld\u00e4mmung, Klimatisierung und professionelle audiovisuelle Einrichtungen <\/strong>, wodurch sie sich ideal f\u00fcr alles eignen, von Brainstorming-Sitzungen im Team \u00fcber Kundenpr\u00e4sentationen bis hin zu kleinen Konferenzen. Unser Personal unterst\u00fctzt Sie auch gerne bei der Raumgestaltung, dem technischen Support und der Organisation des Caterings, um einen reibungslosen Ablauf Ihrer Veranstaltung zu gew\u00e4hrleisten.<\/p>\t\t\t\t\t\t\t\t<\/div>\n\t\t\t\t\t<\/div>\n\t\t\t\t<\/div>\n\t\t<div class=\"elementor-element elementor-element-ec2ec4d e-flex e-con-boxed e-con e-parent\" data-id=\"ec2ec4d\" data-element_type=\"container\" data-e-type=\"container\">\n\t\t\t\t\t<div class=\"e-con-inner\">\n\t\t\t\t<div class=\"elementor-element elementor-element-09f25d8 elementor-widget elementor-widget-image\" data-id=\"09f25d8\" data-element_type=\"widget\" data-e-type=\"widget\" data-widget_type=\"image.default\">\n\t\t\t\t\t\t\t\t\t\t\t\t\t\t\t<img decoding=\"async\" width=\"1024\" height=\"693\" src=\"https:\/\/amixhotel.com\/wp-content\/uploads\/2025\/07\/amix-hotel-wuhan-61-1024x693.webp\" class=\"attachment-large size-large wp-image-5539\" alt=\"\" srcset=\"https:\/\/amixhotel.com\/wp-content\/uploads\/2025\/07\/amix-hotel-wuhan-61-1024x693.webp 1024w, https:\/\/amixhotel.com\/wp-content\/uploads\/2025\/07\/amix-hotel-wuhan-61-300x203.webp 300w, https:\/\/amixhotel.com\/wp-content\/uploads\/2025\/07\/amix-hotel-wuhan-61-768x520.webp 768w, https:\/\/amixhotel.com\/wp-content\/uploads\/2025\/07\/amix-hotel-wuhan-61.webp 1261w\" sizes=\"(max-width: 1024px) 100vw, 1024px\" \/>\t\t\t\t\t\t\t\t\t\t\t\t\t\t\t<\/div>\n\t\t\t\t\t<\/div>\n\t\t\t\t<\/div>\n\t\t<div class=\"elementor-element elementor-element-e8f8c34 e-flex e-con-boxed e-con e-parent\" data-id=\"e8f8c34\" data-element_type=\"container\" data-e-type=\"container\">\n\t\t\t\t\t<div class=\"e-con-inner\">\n\t\t\t\t<div class=\"elementor-element elementor-element-6f1745e elementor-widget elementor-widget-text-editor\" data-id=\"6f1745e\" data-element_type=\"widget\" data-e-type=\"widget\" data-widget_type=\"text-editor.default\">\n\t\t\t\t\t\t\t\t\t<p data-spm-anchor-id=\"a2ty_o01.29997173.0.i22.6b1bc921y7R8ee\">Die strategische Lage des Amix Hotels in der <strong>Bezirk Wuchang <\/strong>\u2013 ein wichtiger Handels- und Verkehrsknotenpunkt von Wuhan \u2013 macht es f\u00fcr Gesch\u00e4ftsreisende attraktiver. Das Hotel ist von wichtigen Gesch\u00e4ftszentren, Regierungsb\u00fcros und Industrieparks aus leicht zu erreichen und liegt nur eine kurze Fahrt von <strong>Bahnhof Wuchang <\/strong> und gut verbunden mit <strong>Internationaler Flughafen Wuhan Tianhe <\/strong> \u00fcber Schnellstra\u00dfen. Das macht das Amix Hotel nicht nur zu einer praktischen Wahl, sondern auch zu einem zentralen Ausgangspunkt f\u00fcr Gesch\u00e4ftsreisende in der ganzen Stadt und dar\u00fcber hinaus.<\/p><p>Zus\u00e4tzlich zu unseren speziellen Gesch\u00e4ftsr\u00e4umen sind alle G\u00e4stezimmer und Suiten so gestaltet, dass sie die Produktivit\u00e4t f\u00f6rdern. <strong>ergonomische Sitzgelegenheiten, gro\u00dfe Schreibtische, Ladestationen und Premium-WLAN <\/strong>. Egal, ob Sie sich bequem von Ihrem Zimmer aus auf eine Pr\u00e4sentation vorbereiten oder von unserem Business Center aus an einem virtuellen Meeting teilnehmen, Sie finden alles, was Sie brauchen, um in Verbindung zu bleiben und effizient zu arbeiten.<\/p><p>Erg\u00e4nzt durch unsere <strong>mehrsprachiges Personal, 24\/7 Concierge-Service und Vor-Ort-Restaurants <\/strong>Das Amix Hotel sorgt daf\u00fcr, dass Ihr Gesch\u00e4ftsaufenthalt nicht nur produktiv, sondern auch komfortabel und stressfrei verl\u00e4uft. Ob Sie allein reisen, Teil eines Unternehmensteams sind oder eine Veranstaltung organisieren \u2013 unsere Business-Einrichtungen unterst\u00fctzen Sie professionell und unkompliziert bei Ihren Zielen.<\/p><p><strong>W\u00e4hlen Sie das Amix Hotel <\/strong> f\u00fcr Ihre n\u00e4chste Gesch\u00e4ftsreise nach Wuhan und erleben Sie ein Hotel, das die Bed\u00fcrfnisse moderner Berufst\u00e4tiger wirklich versteht \u2013 wo Komfort auf Leistungsf\u00e4higkeit trifft und jedes Detail darauf ausgerichtet ist, Ihre Produktivit\u00e4t zu steigern.<\/p>\t\t\t\t\t\t\t\t<\/div>\n\t\t\t\t\t<\/div>\n\t\t\t\t<\/div>\n\t\t\t\t<\/div>","protected":false},"excerpt":{"rendered":"<p>Amix Hotel Business Facilities \u2013 Elevating Productivity in the Heart of Wuhan Located at 143 West Pengliuyang Road, Wuchang District, Wuhan, Hubei, China , Amix Hotel offers a comprehensive range of modern business facilities tailored to meet the demands of today\u2019s corporate travelers, entrepreneurs, and event planners. Whether you&#8217;re in Wuhan for a high-level meeting, [&hellip;]<\/p>\n","protected":false},"author":1,"featured_media":0,"parent":0,"menu_order":0,"comment_status":"closed","ping_status":"closed","template":"","meta":{"footnotes":""},"class_list":["post-2109","page","type-page","status-publish","hentry","post-no-thumbnail"],"_links":{"self":[{"href":"https:\/\/amixhotel.com\/de\/wp-json\/wp\/v2\/pages\/2109","targetHints":{"allow":["GET"]}}],"collection":[{"href":"https:\/\/amixhotel.com\/de\/wp-json\/wp\/v2\/pages"}],"about":[{"href":"https:\/\/amixhotel.com\/de\/wp-json\/wp\/v2\/types\/page"}],"author":[{"embeddable":true,"href":"https:\/\/amixhotel.com\/de\/wp-json\/wp\/v2\/users\/1"}],"replies":[{"embeddable":true,"href":"https:\/\/amixhotel.com\/de\/wp-json\/wp\/v2\/comments?post=2109"}],"version-history":[{"count":0,"href":"https:\/\/amixhotel.com\/de\/wp-json\/wp\/v2\/pages\/2109\/revisions"}],"wp:attachment":[{"href":"https:\/\/amixhotel.com\/de\/wp-json\/wp\/v2\/media?parent=2109"}],"curies":[{"name":"wp","href":"https:\/\/api.w.org\/{rel}","templated":true}]}}