{"id":612,"date":"2021-03-26T10:04:13","date_gmt":"2021-03-26T10:04:13","guid":{"rendered":"http:\/\/localhost\/nuss\/?page_id=612"},"modified":"2025-12-04T08:33:13","modified_gmt":"2025-12-04T08:33:13","slug":"restaurant","status":"publish","type":"page","link":"https:\/\/amixhotel.com\/de\/restaurant\/","title":{"rendered":"Restaurant"},"content":{"rendered":"<div data-elementor-type=\"wp-page\" data-elementor-id=\"612\" class=\"elementor elementor-612\">\n\t\t\t\t\t\t<section class=\"elementor-section elementor-top-section elementor-element elementor-element-e2effe8 elementor-section-boxed elementor-section-gap-beside-yes elementor-section-height-default elementor-section-height-default elementor-section-column-vertical-align-stretch\" data-id=\"e2effe8\" data-element_type=\"section\" data-e-type=\"section\">\n\t\t\t\t\t\t<div class=\"elementor-container elementor-column-gap-extended\">\n\t\t\t\t\t<div class=\"elementor-column elementor-col-100 elementor-top-column elementor-element elementor-element-e18f688\" data-id=\"e18f688\" data-element_type=\"column\" data-e-type=\"column\">\n\t\t\t<div class=\"elementor-widget-wrap elementor-element-populated\">\n\t\t\t\t\t\t<div class=\"elementor-element elementor-element-6db146d elementor-widget__width-initial elementor-invisible elementor-widget elementor-widget-text-editor\" data-id=\"6db146d\" data-element_type=\"widget\" data-e-type=\"widget\" data-settings=\"{&quot;_animation&quot;:&quot;nussFadeInUp&quot;}\" data-widget_type=\"text-editor.default\">\n\t\t\t\t\t\t\t\t\t<p data-spm-anchor-id=\"a2ty_o01.29997173.0.i53.6b1bc921y7R8ee\"><strong>Amix Hotel Restaurant <\/strong> \u2013 Wo lokale Tradition auf globalen Geschmack trifft.<\/p>\t\t\t\t\t\t\t\t<\/div>\n\t\t\t\t\t<\/div>\n\t\t<\/div>\n\t\t\t\t\t<\/div>\n\t\t<\/section>\n\t\t<div class=\"elementor-element elementor-element-d89fcaa e-flex e-con-boxed e-con e-parent\" data-id=\"d89fcaa\" data-element_type=\"container\" data-e-type=\"container\">\n\t\t\t\t\t<div class=\"e-con-inner\">\n\t\t\t\t<div class=\"elementor-element elementor-element-e8ebd5d elementor-widget elementor-widget-text-editor\" data-id=\"e8ebd5d\" data-element_type=\"widget\" data-e-type=\"widget\" data-widget_type=\"text-editor.default\">\n\t\t\t\t\t\t\t\t\t<p>Befindet sich in der stilvollen und g\u00fcnstig gelegenen <strong>Amix Hotel <\/strong> bei <strong>143 West Pengliuyang Road, Bezirk Wuchang, Wuhan, Hubei, China <\/strong>, unser Restaurant vor Ort ist ein kulinarisches Juwel, das die reichen Traditionen von <strong>Hubei-K\u00fcche <\/strong> mit der beruhigenden Vertrautheit von <strong>internationale Aromen <\/strong>. Egal, ob Sie Hotelgast, Liebhaber lokaler K\u00fcche oder Reisender sind, der den authentischen Geschmack Zentralchinas erleben m\u00f6chte, unser Restaurant bietet eine warme, einladende Atmosph\u00e4re und ein Men\u00fc, das jeden Gaumen erfreut.<\/p><p>Sobald Sie das Restaurant betreten, werden Sie vom einladenden Duft frisch zubereiteter Gerichte, dem beruhigenden Ambiente und dem aufmerksamen Service begr\u00fc\u00dft, der das <strong>Amix Hotel-Erlebnis <\/strong>. Unser Restaurant ist mehr als nur ein Ort zum Essen \u2013 es ist ein Ziel, an dem G\u00e4ste entspannen, Kontakte kn\u00fcpfen und das Beste genie\u00dfen, was Wuhan zu bieten hat.<\/p><p>Im Mittelpunkt unserer kulinarischen Philosophie steht die Verpflichtung, <strong>frische, hochwertige Zutaten <\/strong> Und <strong>authentische Zubereitungstechniken <\/strong>Unsere K\u00f6che bringen jahrzehntelange Erfahrung und Leidenschaft in die K\u00fcche ein und kreieren ein Men\u00fc, das die kr\u00e4ftigen, herzhaften Aromen von <strong>Provinz Hubei <\/strong>, darunter Spezialit\u00e4ten wie <strong>ged\u00e4mpfter Fisch aus dem Dongting-See <\/strong>, <strong>Scharfe trockene Nudeln nach Wuhan-Art <\/strong>, Und <strong>w\u00fcrzig geschmortes Schweinefleisch nach Hunan-Art <\/strong>F\u00fcr diejenigen, die etwas mehr global inspiriertes suchen, bieten wir auch eine Auswahl an <strong>Westliche Favoriten <\/strong>, darunter gegrilltes Fleisch, Pasta und frische Salate, sodass f\u00fcr jeden Geschmack etwas dabei ist.<\/p><p>Das Restaurant ist t\u00e4glich ge\u00f6ffnet f\u00fcr <strong>Fr\u00fchst\u00fcck, Mittag- und Abendessen <\/strong>mit unserem <strong>Morgenbuffet <\/strong> ist besonders beliebt bei Gesch\u00e4ftsreisenden und fr\u00fchen Entdeckern von Wuhan. Mit beiden <strong>traditionelle chinesische Fr\u00fchst\u00fccksgerichte <\/strong> wie Congee, Dim Sum und Sojamilch, sowie <strong>kontinentale Optionen <\/strong> Mit Eiern, Toast und frischem Obst ist es die perfekte M\u00f6glichkeit, Ihren Tag voller Energie und bereit f\u00fcr Abenteuer zu beginnen.<\/p><p data-spm-anchor-id=\"a2ty_o01.29997173.0.i51.6b1bc921y7R8ee\">\u00a0<\/p>\t\t\t\t\t\t\t\t<\/div>\n\t\t\t\t\t<\/div>\n\t\t\t\t<\/div>\n\t\t<div class=\"elementor-element elementor-element-767d0af e-flex e-con-boxed e-con e-parent\" data-id=\"767d0af\" data-element_type=\"container\" data-e-type=\"container\">\n\t\t\t\t\t<div class=\"e-con-inner\">\n\t\t\t\t<div class=\"elementor-element elementor-element-e8a8ab2 elementor-widget elementor-widget-nuss-image-gallery\" data-id=\"e8a8ab2\" data-element_type=\"widget\" data-e-type=\"widget\" data-widget_type=\"nuss-image-gallery.default\">\n\t\t\t\t<div class=\"elementor-widget-container\">\n\t\t\t\t\t\t\t<div class=\"nuss-grid-wrapper\" data-grid=\"{&quot;type&quot;:&quot;grid&quot;,&quot;ratio&quot;:null,&quot;columns&quot;:3,&quot;gutter&quot;:30}\">\r\n\t\t\t<div class=\"nuss-grid lazy-grid\">\r\n\t\t\t\t<div class=\"grid-sizer\"><\/div>\r\n\r\n\t\t\t\t\t\t\t\t\t\t\t\t<div class=\"grid-item\">\r\n\t\t\t\t\t\t<div class=\"nuss-box\">\t\t<div class=\"nuss-image image\">\r\n\t\t\t<img decoding=\"async\"  src=\"https:\/\/amixhotel.com\/wp-content\/uploads\/2025\/07\/amix-hotel-wuhan-35.webp\" alt=\"Amix Hotel Wuhan (35)\" \/>\t\t<\/div>\r\n\t\t\t\t<\/div>\t\t\t\t\t<\/div>\r\n\t\t\t\t\t\t<div class=\"grid-item\">\r\n\t\t\t\t\t\t<div class=\"nuss-box\">\t\t<div class=\"nuss-image image\">\r\n\t\t\t<img decoding=\"async\"  src=\"https:\/\/amixhotel.com\/wp-content\/uploads\/2025\/07\/amix-hotel-wuhan-46.webp\" alt=\"Amix Hotel Wuhan (46)\" \/>\t\t<\/div>\r\n\t\t\t\t<\/div>\t\t\t\t\t<\/div>\r\n\t\t\t\t\t\t<div class=\"grid-item\">\r\n\t\t\t\t\t\t<div class=\"nuss-box\">\t\t<div class=\"nuss-image image\">\r\n\t\t\t<img decoding=\"async\"  src=\"https:\/\/amixhotel.com\/wp-content\/uploads\/2025\/07\/amix-hotel-wuhan-47.webp\" alt=\"Amix Hotel Wuhan (47)\" \/>\t\t<\/div>\r\n\t\t\t\t<\/div>\t\t\t\t\t<\/div>\r\n\t\t\t\t\t\t<div class=\"grid-item\">\r\n\t\t\t\t\t\t<div class=\"nuss-box\">\t\t<div class=\"nuss-image image\">\r\n\t\t\t<img decoding=\"async\"  src=\"https:\/\/amixhotel.com\/wp-content\/uploads\/2025\/07\/amix-hotel-wuhan-52.webp\" alt=\"Amix Hotel Wuhan (52)\" \/>\t\t<\/div>\r\n\t\t\t\t<\/div>\t\t\t\t\t<\/div>\r\n\t\t\t\t\t\t<div class=\"grid-item\">\r\n\t\t\t\t\t\t<div class=\"nuss-box\">\t\t<div class=\"nuss-image image\">\r\n\t\t\t<img decoding=\"async\"  src=\"https:\/\/amixhotel.com\/wp-content\/uploads\/2025\/07\/amix-hotel-home.jpg\" alt=\"amix hotel home\" \/>\t\t<\/div>\r\n\t\t\t\t<\/div>\t\t\t\t\t<\/div>\r\n\t\t\t\t\t\t<div class=\"grid-item\">\r\n\t\t\t\t\t\t<div class=\"nuss-box\">\t\t<div class=\"nuss-image image\">\r\n\t\t\t<img decoding=\"async\"  src=\"https:\/\/amixhotel.com\/wp-content\/uploads\/2025\/07\/amix-hotel-wuhan-28.webp\" alt=\"Amix Hotel Wuhan (28)\" \/>\t\t<\/div>\r\n\t\t\t\t<\/div>\t\t\t\t\t<\/div>\r\n\t\t\t\t\t\t<div class=\"grid-item\">\r\n\t\t\t\t\t\t<div class=\"nuss-box\">\t\t<div class=\"nuss-image image\">\r\n\t\t\t<img decoding=\"async\"  src=\"https:\/\/amixhotel.com\/wp-content\/uploads\/2025\/07\/amix-hotel-wuhan-51.webp\" alt=\"Amix Hotel Wuhan (51)\" \/>\t\t<\/div>\r\n\t\t\t\t<\/div>\t\t\t\t\t<\/div>\r\n\t\t\t\t\t\t<div class=\"grid-item\">\r\n\t\t\t\t\t\t<div class=\"nuss-box\">\t\t<div class=\"nuss-image image\">\r\n\t\t\t<img decoding=\"async\"  src=\"https:\/\/amixhotel.com\/wp-content\/uploads\/2025\/07\/amix-hotel-wuhan-29.webp\" alt=\"Amix Hotel Wuhan (29)\" \/>\t\t<\/div>\r\n\t\t\t\t<\/div>\t\t\t\t\t<\/div>\r\n\t\t\t\t\t\t<div class=\"grid-item\">\r\n\t\t\t\t\t\t<div class=\"nuss-box\">\t\t<div class=\"nuss-image image\">\r\n\t\t\t<img decoding=\"async\"  src=\"https:\/\/amixhotel.com\/wp-content\/uploads\/2025\/07\/amix-hotel-wuhan-27.webp\" alt=\"Amix Hotel Wuhan (27)\" \/>\t\t<\/div>\r\n\t\t\t\t<\/div>\t\t\t\t\t<\/div>\r\n\t\t\t\t\t\t<div class=\"grid-item\">\r\n\t\t\t\t\t\t<div class=\"nuss-box\">\t\t<div class=\"nuss-image image\">\r\n\t\t\t<img decoding=\"async\"  src=\"https:\/\/amixhotel.com\/wp-content\/uploads\/2025\/07\/amix-hotel-wuhan-26.webp\" alt=\"Amix Hotel Wuhan (26)\" \/>\t\t<\/div>\r\n\t\t\t\t<\/div>\t\t\t\t\t<\/div>\r\n\t\t\t\t\t\t<div class=\"grid-item\">\r\n\t\t\t\t\t\t<div class=\"nuss-box\">\t\t<div class=\"nuss-image image\">\r\n\t\t\t<img decoding=\"async\"  src=\"https:\/\/amixhotel.com\/wp-content\/uploads\/2025\/07\/amix-hotel-wuhan-18.webp\" alt=\"Amix Hotel Wuhan (18)\" \/>\t\t<\/div>\r\n\t\t\t\t<\/div>\t\t\t\t\t<\/div>\r\n\t\t\t\t\t\t\t\r\n\t\t\t<\/div>\r\n\t\t<\/div>\r\n\t\t\t\t\t\t<\/div>\n\t\t\t\t<\/div>\n\t\t\t\t\t<\/div>\n\t\t\t\t<\/div>\n\t\t<div class=\"elementor-element elementor-element-958b77d e-flex e-con-boxed e-con e-parent\" data-id=\"958b77d\" data-element_type=\"container\" data-e-type=\"container\">\n\t\t\t\t\t<div class=\"e-con-inner\">\n\t\t\t\t<div class=\"elementor-element elementor-element-72ef609 elementor-widget elementor-widget-text-editor\" data-id=\"72ef609\" data-element_type=\"widget\" data-e-type=\"widget\" data-widget_type=\"text-editor.default\">\n\t\t\t\t\t\t\t\t\t<p>Die Inneneinrichtung des Restaurants spiegelt die gleiche moderne und dennoch einladende \u00c4sthetik wider, die \u00fcberall zu finden ist <strong>Amix Hotel <\/strong>, kombiniert elegante Oberfl\u00e4chen mit warmer Beleuchtung und bequemen Sitzgelegenheiten. Ob Sie nach einem langen Tag voller Meetings ein ruhiges Abendessen bei uns genie\u00dfen oder sich mit Freunden und Kollegen zu einem gem\u00fctlichen Essen treffen \u2013 unser Restaurant bietet eine entspannte Atmosph\u00e4re f\u00fcr jeden Anlass.<\/p><p>Zus\u00e4tzlich zu unserem Dine-in-Erlebnis bieten wir auch <strong>Zimmerservice <\/strong>, <strong>wegbringen <\/strong>, Und <strong>individuelle Catering-Optionen <\/strong> F\u00fcr kleine Veranstaltungen oder gesch\u00e4ftliche Anl\u00e4sse im Hotel. Unser Team geht gerne auf Ihre Ern\u00e4hrungsw\u00fcnsche und Sonderw\u00fcnsche ein, um Ihnen ein unvergessliches Essen zu erm\u00f6glichen.<\/p><p>G\u00fcnstig gelegen in der <strong>Bezirk Wuchang <\/strong>Unser Restaurant ist nicht nur ein Highlight des Hotels, sondern auch eine beliebte Wahl bei Einheimischen und Besuchern. Ob Sie Lust auf einen Geschmack von <strong>lokale Wuhan-K\u00fcche <\/strong> oder ein wohltuendes internationales Gericht, unser Restaurant im <strong>Amix Hotel <\/strong> verspricht ein kulinarisches Erlebnis, das sowohl zufriedenstellend als auch unvergesslich ist.<\/p><p data-spm-anchor-id=\"a2ty_o01.29997173.0.i51.6b1bc921y7R8ee\">Kommen Sie und entdecken Sie, warum unser Restaurant mehr als nur eine Mahlzeit ist \u2013 es ist ein Fest der Kultur, des Geschmacks und der Gastfreundschaft im Herzen von Wuhan.<\/p>\t\t\t\t\t\t\t\t<\/div>\n\t\t\t\t\t<\/div>\n\t\t\t\t<\/div>\n\t\t\t\t<\/div>","protected":false},"excerpt":{"rendered":"<p>Amix Hotel Restaurant \u2013 Where Local Tradition Meets Global Taste. Located within the stylish and conveniently situated Amix Hotel at 143 West Pengliuyang Road, Wuchang District, Wuhan, Hubei, China , our on-site restaurant is a culinary gem that blends the rich traditions of Hubei cuisine with the comforting familiarity of international flavors . Whether you&#8217;re [&hellip;]<\/p>\n","protected":false},"author":1,"featured_media":0,"parent":0,"menu_order":0,"comment_status":"closed","ping_status":"closed","template":"","meta":{"footnotes":""},"class_list":["post-612","page","type-page","status-publish","hentry","post-no-thumbnail"],"_links":{"self":[{"href":"https:\/\/amixhotel.com\/de\/wp-json\/wp\/v2\/pages\/612","targetHints":{"allow":["GET"]}}],"collection":[{"href":"https:\/\/amixhotel.com\/de\/wp-json\/wp\/v2\/pages"}],"about":[{"href":"https:\/\/amixhotel.com\/de\/wp-json\/wp\/v2\/types\/page"}],"author":[{"embeddable":true,"href":"https:\/\/amixhotel.com\/de\/wp-json\/wp\/v2\/users\/1"}],"replies":[{"embeddable":true,"href":"https:\/\/amixhotel.com\/de\/wp-json\/wp\/v2\/comments?post=612"}],"version-history":[{"count":0,"href":"https:\/\/amixhotel.com\/de\/wp-json\/wp\/v2\/pages\/612\/revisions"}],"wp:attachment":[{"href":"https:\/\/amixhotel.com\/de\/wp-json\/wp\/v2\/media?parent=612"}],"curies":[{"name":"wp","href":"https:\/\/api.w.org\/{rel}","templated":true}]}}