{"id":647,"date":"2021-03-29T02:13:52","date_gmt":"2021-03-29T02:13:52","guid":{"rendered":"http:\/\/localhost\/nuss\/?page_id=647"},"modified":"2025-12-04T08:33:23","modified_gmt":"2025-12-04T08:33:23","slug":"dienstleistungen","status":"publish","type":"page","link":"https:\/\/amixhotel.com\/de\/services\/","title":{"rendered":"Leistungen"},"content":{"rendered":"<div data-elementor-type=\"wp-page\" data-elementor-id=\"647\" class=\"elementor elementor-647\">\n\t\t\t\t\t\t<section class=\"elementor-section elementor-top-section elementor-element elementor-element-3353bc8 elementor-section-boxed elementor-section-gap-beside-yes elementor-section-height-default elementor-section-height-default elementor-section-column-vertical-align-stretch\" data-id=\"3353bc8\" data-element_type=\"section\" data-e-type=\"section\">\n\t\t\t\t\t\t<div class=\"elementor-container elementor-column-gap-extended\">\n\t\t\t\t\t<div class=\"elementor-column elementor-col-100 elementor-top-column elementor-element elementor-element-0a2bc64\" data-id=\"0a2bc64\" data-element_type=\"column\" data-e-type=\"column\">\n\t\t\t<div class=\"elementor-widget-wrap elementor-element-populated\">\n\t\t\t\t\t\t<div class=\"elementor-element elementor-element-447e3ef elementor-widget__width-initial elementor-invisible elementor-widget elementor-widget-text-editor\" data-id=\"447e3ef\" data-element_type=\"widget\" data-e-type=\"widget\" data-settings=\"{&quot;_animation&quot;:&quot;nussFadeInUp&quot;}\" data-widget_type=\"text-editor.default\">\n\t\t\t\t\t\t\t\t\t<p data-spm-anchor-id=\"a2ty_o01.29997173.0.i58.6b1bc921y7R8ee\"><strong data-spm-anchor-id=\"a2ty_o01.29997173.0.i59.6b1bc921y7R8ee\">Ihr perfekter Aufenthalt \u2013 nur im Amix Hotel. <\/strong><\/p>\t\t\t\t\t\t\t\t<\/div>\n\t\t\t\t\t<\/div>\n\t\t<\/div>\n\t\t\t\t\t<\/div>\n\t\t<\/section>\n\t\t<div class=\"elementor-element elementor-element-22d067d e-flex e-con-boxed e-con e-parent\" data-id=\"22d067d\" data-element_type=\"container\" data-e-type=\"container\">\n\t\t\t\t\t<div class=\"e-con-inner\">\n\t\t\t\t<div class=\"elementor-element elementor-element-aacc9cd elementor-widget elementor-widget-text-editor\" data-id=\"aacc9cd\" data-element_type=\"widget\" data-e-type=\"widget\" data-widget_type=\"text-editor.default\">\n\t\t\t\t\t\t\t\t\t<p data-spm-anchor-id=\"a2ty_o01.29997173.0.i57.6b1bc921y7R8ee\">Bei <strong>Amix Hotel <\/strong>, eingebettet im pulsierenden Herzen von <strong>Bezirk Wuchang, Wuhan <\/strong>Wir sind \u00fcberzeugt, dass au\u00dfergew\u00f6hnlicher Service der Grundstein f\u00fcr einen unvergesslichen Aufenthalt ist. <strong>143 West Pengliuyang Stra\u00dfe <\/strong>bietet unser Hotel mehr als nur einen Platz zum Ausruhen \u2013 wir bieten eine umfassende Ausstattung an <strong>durchdachte Dienstleistungen und Annehmlichkeiten <\/strong> zugeschnitten auf die Bed\u00fcrfnisse von Urlaubern und Gesch\u00e4ftsreisenden gleicherma\u00dfen.<\/p><p>Von Ihrer Ankunft an ist es unser Ziel, sicherzustellen, dass Ihr Aufenthalt reibungslos, komfortabel und mit pers\u00f6nlicher Betreuung verl\u00e4uft. Egal, ob Sie Wuhan gesch\u00e4ftlich oder privat besuchen, unser Team ist bestrebt, Ihnen einen <strong>hoher Standard der Gastfreundschaft <\/strong> das die W\u00e4rme und Lebendigkeit dieser dynamischen Stadt widerspiegelt.<\/p><h3>\ud83d\udecf\ufe0f Komfortorientierte Unterkunftsdienste<\/h3><p>Jedes unserer elegant eingerichteten G\u00e4stezimmer und Suiten ist auf Ihren Komfort und Ihre Bequemlichkeit ausgelegt. Mit <strong>ergonomische Arbeitspl\u00e4tze <\/strong>, <strong>Pl\u00fcschbettw\u00e4sche <\/strong>, <strong>Schallschutzfenster <\/strong>, <strong>Klimaanlagen <\/strong>, Und <strong>kostenloses Highspeed-WLAN <\/strong>Unsere Zimmer eignen sich perfekt zum Entspannen und f\u00fcr Produktivit\u00e4t. Wir bieten auch <strong>24-Stunden-Zimmerservice <\/strong>, <strong>t\u00e4gliche Zimmerreinigung <\/strong>, Und <strong>W\u00e4sche- und Reinigungsservice <\/strong>, damit Sie sich auf das Wesentliche konzentrieren k\u00f6nnen \u2013 sei es die Vorbereitung auf ein wichtiges Meeting oder einfach die Entspannung nach einem Tag voller Erkundungen in Wuhan.<\/p><h3>\ud83c\udf7d\ufe0f Kulinarische Exzellenz in unserem hauseigenen Restaurant<\/h3><p>Unser hauseigenes Restaurant dient als kulinarisches Zentrum, wo die G\u00e4ste das Beste genie\u00dfen k\u00f6nnen <strong>lokale Hubei-K\u00fcche <\/strong> neben einer Auswahl von <strong>internationale Gerichte <\/strong>. Das Restaurant ist zum Fr\u00fchst\u00fcck, Mittag- und Abendessen ge\u00f6ffnet und bietet eine <strong>Buffet- und \u00c0-la-carte-Gerichte <\/strong>, zubereitet mit frischen Zutaten aus der Region. Ob Sie herzhaft in den Tag starten oder mit einem leckeren Abendessen ausklingen lassen m\u00f6chten \u2013 unser K\u00fcchenteam sorgt f\u00fcr ein Erlebnis, das die Sinne erfreut und jeden Hunger stillt.<\/p><h3>\ud83d\udcbc Business- und Event-Services f\u00fcr den modernen Berufst\u00e4tigen<\/h3><p>F\u00fcr Gesch\u00e4ftsreisende ist das Amix Hotel ausgestattet mit einem <strong>24-Stunden-Businesscenter <\/strong>, bietet <strong>Drucken, Scannen, Faxen <\/strong>, Und <strong>Highspeed-Internetzugang <\/strong>. Unser <strong>Tagungs- und Konferenzr\u00e4ume <\/strong> sind ausgestattet mit <strong>HD-Displays, Projektoren, Schalld\u00e4mmung und Klimatisierung <\/strong>, wodurch sie ideal f\u00fcr kleine bis mittelgro\u00dfe Firmenveranstaltungen, Pr\u00e4sentationen oder Schulungen sind. Wir bieten auch <strong>ma\u00dfgeschneiderte Catering-Dienstleistungen <\/strong> Und <strong>mehrsprachige Unterst\u00fctzung <\/strong> um sicherzustellen, dass Ihre Veranstaltung von Anfang bis Ende reibungslos verl\u00e4uft.<\/p><h3>\ud83e\uddf3 Komfortabler G\u00e4ste-Support<\/h3><p>Wir verstehen, dass Reisen manchmal unerwartete Herausforderungen mit sich bringen k\u00f6nnen. Deshalb ist unsere Rezeption <strong>24\/7 <\/strong>, besetzt mit mehrsprachigen Fachleuten, die Ihnen bei allem behilflich sind, von <strong>Concierge-Service <\/strong> Und <strong>Tourbuchungen <\/strong>, Zu <strong>Taxi-Arrangements <\/strong> Und <strong>Empfehlungen f\u00fcr den Flughafentransport <\/strong>Ben\u00f6tigen Sie Hilfe mit dem Gep\u00e4ck? Unsere <strong>Hotelpagen-Service <\/strong> ist immer f\u00fcr Sie da. Suchen Sie nach den besten Restaurants, Einkaufsm\u00f6glichkeiten oder Sehensw\u00fcrdigkeiten in der N\u00e4he? Unser Team zeigt Ihnen gerne den richtigen Weg.<\/p><p>Wir bieten auch <strong>sichere Parkpl\u00e4tze vor Ort <\/strong>, <strong>Geldwechsel <\/strong>, <strong>Reiseinformationskioske <\/strong>, Und <strong>kostenlose Gep\u00e4ckaufbewahrung <\/strong> vor dem Check-in oder nach dem Check-out \u2013 damit Ihre Reise durch Wuhan so stressfrei wie m\u00f6glich verl\u00e4uft.<\/p><h3>\ud83e\uddf9 Sauberkeit und Sicherheit: Unsere oberste Priorit\u00e4t<\/h3><p>In der heutigen Welt sind Hygiene und Sicherheit wichtiger denn je. Im Amix Hotel pflegen wir <strong>strenge Sauberkeitsprotokolle <\/strong>, einschlie\u00dflich <strong>t\u00e4gliche Desinfektion der \u00f6ffentlichen Bereiche <\/strong>, <strong>desinfizierte G\u00e4stezimmer <\/strong>, Und <strong>kontaktlose Check-in\/Check-out-Optionen <\/strong> auf Anfrage. Handdesinfektionsmittel stehen im gesamten Geb\u00e4ude zur Verf\u00fcgung und unser Personal nimmt regelm\u00e4\u00dfig an Gesundheits- und Sicherheitsschulungen teil, damit Sie sich w\u00e4hrend Ihres Aufenthalts keine Sorgen machen m\u00fcssen.<\/p><h3>\ud83c\udf10 Technologiebasiertes G\u00e4steerlebnis<\/h3><p>Wir nutzen moderne Technologie, um Ihren Aufenthalt zu versch\u00f6nern. Von <strong>intelligente Raumsteuerungen <\/strong> Und <strong>Integrierte mobile Dienste <\/strong> Zu <strong>schnelle und stabile Internetverbindung <\/strong> Im gesamten Hotel sorgen wir daf\u00fcr, dass Sie w\u00e4hrend Ihres gesamten Aufenthalts vernetzt, produktiv und gut unterhalten bleiben. Ob Sie an einem virtuellen Meeting teilnehmen, Ihre Lieblingssendung streamen oder Erinnerungen mit Ihren Lieben zu Hause teilen \u2013 unsere technische Infrastruktur unterst\u00fctzt Ihren digitalen Lebensstil nahtlos.<\/p><h3>\ud83c\udf89 Spezialisierte Dienstleistungen f\u00fcr jeden Anlass<\/h3><p>Egal, ob Sie alleine, mit der Familie oder als Teil einer Gruppe reisen, unsere Dienstleistungen richten sich nach Ihren individuellen Bed\u00fcrfnissen. Familien sch\u00e4tzen unsere <strong>kinderfreundliche Ausstattung <\/strong>, einschlie\u00dflich <strong>Kinderbetten, kinderfreundliche Men\u00fcs <\/strong>, Und <strong>zus\u00e4tzliche Schlafm\u00f6glichkeiten <\/strong>Alleinreisende genie\u00dfen die <strong>Sicherheit und Komfort <\/strong> unserer 24\/7-Services und der einladenden Atmosph\u00e4re. Und f\u00fcr diejenigen, die besondere Anl\u00e4sse feiern, bieten wir <strong>personalisierte Raumaufteilungen <\/strong>, <strong>Blumenarrangements <\/strong>, Und <strong>Festmahle <\/strong> auf Anfrage.<\/p><div class=\"py-2 my-3\"><hr \/><\/div><p>Bei <strong>Amix Hotel <\/strong>, unsere Dienstleistungen \u00fcbertreffen die Erwartungen. Wir streben danach, eine <strong>wirklich personalisierte Erfahrung <\/strong> Wir geben Ihnen das Gef\u00fchl, w\u00e4hrend Ihres Aufenthalts in Wuhan wertgesch\u00e4tzt, umsorgt und inspiriert zu sein. Egal, ob Sie nur einen kurzen Zwischenstopp oder einen l\u00e4ngeren Aufenthalt hier verbringen, wir sind Ihr zuverl\u00e4ssiger Partner und machen Ihre Reise zu einem unvergesslichen Erlebnis.<\/p><p data-spm-anchor-id=\"a2ty_o01.29997173.0.i56.6b1bc921y7R8ee\">Kommen Sie und entdecken Sie, wie unsere <strong>engagierte Dienstleistungen, Liebe zum Detail und echte Gastfreundschaft <\/strong> Versch\u00f6nern Sie Ihren Aufenthalt im Herzen von <strong>Bezirk Wuchang <\/strong>. Im Amix Hotel hei\u00dfen wir unsere G\u00e4ste nicht nur willkommen \u2013 wir sorgen daf\u00fcr, dass sie mit dem Gef\u00fchl gehen, Freunde zu sein.<\/p>\t\t\t\t\t\t\t\t<\/div>\n\t\t\t\t\t<\/div>\n\t\t\t\t<\/div>\n\t\t\t\t<\/div>","protected":false},"excerpt":{"rendered":"<p>Your Stay, Perfected \u2013 Only at Amix Hotel. At Amix Hotel , nestled in the vibrant heart of Wuchang District, Wuhan , we believe that exceptional service is the cornerstone of a truly memorable stay. Located at 143 West Pengliuyang Road , our hotel offers more than just a place to rest your head\u2014we provide [&hellip;]<\/p>\n","protected":false},"author":1,"featured_media":0,"parent":0,"menu_order":0,"comment_status":"closed","ping_status":"closed","template":"","meta":{"footnotes":""},"class_list":["post-647","page","type-page","status-publish","hentry","post-no-thumbnail"],"_links":{"self":[{"href":"https:\/\/amixhotel.com\/de\/wp-json\/wp\/v2\/pages\/647","targetHints":{"allow":["GET"]}}],"collection":[{"href":"https:\/\/amixhotel.com\/de\/wp-json\/wp\/v2\/pages"}],"about":[{"href":"https:\/\/amixhotel.com\/de\/wp-json\/wp\/v2\/types\/page"}],"author":[{"embeddable":true,"href":"https:\/\/amixhotel.com\/de\/wp-json\/wp\/v2\/users\/1"}],"replies":[{"embeddable":true,"href":"https:\/\/amixhotel.com\/de\/wp-json\/wp\/v2\/comments?post=647"}],"version-history":[{"count":0,"href":"https:\/\/amixhotel.com\/de\/wp-json\/wp\/v2\/pages\/647\/revisions"}],"wp:attachment":[{"href":"https:\/\/amixhotel.com\/de\/wp-json\/wp\/v2\/media?parent=647"}],"curies":[{"name":"wp","href":"https:\/\/api.w.org\/{rel}","templated":true}]}}