{"id":2104,"date":"2021-03-23T09:33:48","date_gmt":"2021-03-23T09:33:48","guid":{"rendered":"http:\/\/localhost\/nuss\/?page_id=167"},"modified":"2025-07-16T15:41:37","modified_gmt":"2025-07-16T15:41:37","slug":"notre-histoire","status":"publish","type":"page","link":"https:\/\/amixhotel.com\/fr\/our-story\/","title":{"rendered":"Notre histoire"},"content":{"rendered":"<div data-elementor-type=\"wp-page\" data-elementor-id=\"2104\" class=\"elementor elementor-2104\">\n\t\t\t\t\t\t<section class=\"elementor-section elementor-top-section elementor-element elementor-element-8f5bb9d elementor-section-boxed elementor-section-gap-beside-yes elementor-section-height-default elementor-section-height-default elementor-section-column-vertical-align-stretch\" data-id=\"8f5bb9d\" data-element_type=\"section\" data-e-type=\"section\">\n\t\t\t\t\t\t<div class=\"elementor-container elementor-column-gap-extended\">\n\t\t\t\t\t<div class=\"elementor-column elementor-col-100 elementor-top-column elementor-element elementor-element-7ec4215\" data-id=\"7ec4215\" data-element_type=\"column\" data-e-type=\"column\">\n\t\t\t<div class=\"elementor-widget-wrap elementor-element-populated\">\n\t\t\t\t\t\t<div class=\"elementor-element elementor-element-edd9d03 elementor-widget__width-initial elementor-invisible elementor-widget elementor-widget-text-editor\" data-id=\"edd9d03\" data-element_type=\"widget\" data-e-type=\"widget\" data-settings=\"{&quot;_animation&quot;:&quot;nussFadeInUp&quot;}\" data-widget_type=\"text-editor.default\">\n\t\t\t\t\t\t\t\t\t<p><strong data-spm-anchor-id=\"a2ty_o01.29997173.0.i42.6b1bc921y7R8ee\">Bienvenue \u00e0 l&#039;h\u00f4tel Amix, o\u00f9 chaque s\u00e9jour raconte une histoire. <\/strong><\/p>\t\t\t\t\t\t\t\t<\/div>\n\t\t\t\t\t<\/div>\n\t\t<\/div>\n\t\t\t\t\t<\/div>\n\t\t<\/section>\n\t\t<div class=\"elementor-element elementor-element-b3b69e3 e-flex e-con-boxed e-con e-parent\" data-id=\"b3b69e3\" data-element_type=\"container\" data-e-type=\"container\">\n\t\t\t\t\t<div class=\"e-con-inner\">\n\t\t\t\t<div class=\"elementor-element elementor-element-9e1e6b8 elementor-widget elementor-widget-text-editor\" data-id=\"9e1e6b8\" data-element_type=\"widget\" data-e-type=\"widget\" data-widget_type=\"text-editor.default\">\n\t\t\t\t\t\t\t\t\t<p data-spm-anchor-id=\"a2ty_o01.29997173.0.i46.6b1bc921y7R8ee\">Au c\u0153ur du quartier anim\u00e9 de Wuchang \u00e0 Wuhan, nich\u00e9 le long du tron\u00e7on tranquille de <strong>143, route de Pengliuyang Ouest <\/strong>, se dresse <strong>H\u00f4tel Amix <\/strong>\u2014 un havre de paix moderne o\u00f9 confort et culture se conjuguent, et o\u00f9 l&#039;hospitalit\u00e9 est bien plus qu&#039;un simple service. Notre histoire est celle d&#039;une passion, d&#039;une d\u00e9termination et d&#039;un engagement profond \u00e0 cr\u00e9er des exp\u00e9riences m\u00e9morables pour chaque voyageur qui franchit nos portes.<\/p><p>L&#039;h\u00f4tel Amix est n\u00e9 de la volont\u00e9 de red\u00e9finir la fa\u00e7on dont les gens vivent Wuhan. Wuhan, l&#039;une des villes les plus riches historiquement et \u00e9conomiquement dynamiques de Chine, est depuis longtemps un carrefour du commerce, de la culture et de l&#039;innovation. Situ\u00e9e dans le quartier dynamique <strong>District de Wuchang <\/strong>, connu pour ses institutions universitaires, sa beaut\u00e9 pittoresque et ses liaisons de transport strat\u00e9giques, notre h\u00f4tel a \u00e9t\u00e9 con\u00e7u pour servir de pont entre le fier h\u00e9ritage de la ville et son avenir progressiste.<\/p><p>D\u00e8s le d\u00e9but, notre mission \u00e9tait claire : offrir une <strong>retraite confortable, \u00e9l\u00e9gante et accueillante <\/strong> Pour les voyageurs locaux et internationaux, qu&#039;ils soient en ville pour affaires, loisirs ou simplement de passage. Nous avons imagin\u00e9 un h\u00f4tel offrant non seulement un service exceptionnel et des \u00e9quipements modernes, mais refl\u00e9tant \u00e9galement la chaleur et l&#039;esprit des Wuhanais.<\/p><p data-spm-anchor-id=\"a2ty_o01.29997173.0.i43.6b1bc921y7R8ee\">\u00a0<\/p>\t\t\t\t\t\t\t\t<\/div>\n\t\t\t\t\t<\/div>\n\t\t\t\t<\/div>\n\t\t<div class=\"elementor-element elementor-element-4532e29 e-flex e-con-boxed e-con e-parent\" data-id=\"4532e29\" data-element_type=\"container\" data-e-type=\"container\">\n\t\t\t\t\t<div class=\"e-con-inner\">\n\t\t\t\t<div class=\"elementor-element elementor-element-381e528 elementor-widget elementor-widget-nuss-image-gallery\" data-id=\"381e528\" data-element_type=\"widget\" data-e-type=\"widget\" data-widget_type=\"nuss-image-gallery.default\">\n\t\t\t\t<div class=\"elementor-widget-container\">\n\t\t\t\t\t\t\t<div class=\"nuss-grid-wrapper\" data-grid=\"{&quot;type&quot;:&quot;grid&quot;,&quot;ratio&quot;:null,&quot;columns&quot;:3,&quot;gutter&quot;:30}\">\r\n\t\t\t<div class=\"nuss-grid lazy-grid\">\r\n\t\t\t\t<div class=\"grid-sizer\"><\/div>\r\n\r\n\t\t\t\t\t\t\t\t\t\t\t\t<div class=\"grid-item\">\r\n\t\t\t\t\t\t<div class=\"nuss-box\">\t\t<div class=\"nuss-image image\">\r\n\t\t\t<img decoding=\"async\"  src=\"https:\/\/amixhotel.com\/wp-content\/uploads\/2025\/07\/amix-hotel-wuhan-1.webp\" alt=\"h\u00f4tel amix wuhan (1)\" \/>\t\t<\/div>\r\n\t\t\t\t<\/div>\t\t\t\t\t<\/div>\r\n\t\t\t\t\t\t<div class=\"grid-item\">\r\n\t\t\t\t\t\t<div class=\"nuss-box\">\t\t<div class=\"nuss-image image\">\r\n\t\t\t<img decoding=\"async\"  src=\"https:\/\/amixhotel.com\/wp-content\/uploads\/2025\/07\/amix-hotel-wuhan-3.webp\" alt=\"h\u00f4tel amix wuhan (3)\" \/>\t\t<\/div>\r\n\t\t\t\t<\/div>\t\t\t\t\t<\/div>\r\n\t\t\t\t\t\t<div class=\"grid-item\">\r\n\t\t\t\t\t\t<div class=\"nuss-box\">\t\t<div class=\"nuss-image image\">\r\n\t\t\t<img decoding=\"async\"  src=\"https:\/\/amixhotel.com\/wp-content\/uploads\/2025\/07\/amix-hotel-wuhan-59.webp\" alt=\"H\u00f4tel Amix Wuhan (59)\" \/>\t\t<\/div>\r\n\t\t\t\t<\/div>\t\t\t\t\t<\/div>\r\n\t\t\t\t\t\t\t\r\n\t\t\t<\/div>\r\n\t\t<\/div>\r\n\t\t\t\t\t\t<\/div>\n\t\t\t\t<\/div>\n\t\t\t\t\t<\/div>\n\t\t\t\t<\/div>\n\t\t<div class=\"elementor-element elementor-element-5e75732 e-flex e-con-boxed e-con e-parent\" data-id=\"5e75732\" data-element_type=\"container\" data-e-type=\"container\">\n\t\t\t\t\t<div class=\"e-con-inner\">\n\t\t\t\t<div class=\"elementor-element elementor-element-32988ac elementor-widget elementor-widget-text-editor\" data-id=\"32988ac\" data-element_type=\"widget\" data-e-type=\"widget\" data-widget_type=\"text-editor.default\">\n\t\t\t\t\t\t\t\t\t<div class=\"my-2\">\u00a0<\/div><p>Chaque d\u00e9tail de l&#039;h\u00f4tel Amix a \u00e9t\u00e9 soigneusement \u00e9tudi\u00e9 pour refl\u00e9ter cette philosophie. <strong>design contemporain de nos chambres d&#039;h\u00f4tes <\/strong>, qui allient fonctionnalit\u00e9 et esth\u00e9tique locale, \u00e0 la <strong>des exp\u00e9riences culinaires soigneusement organis\u00e9es <\/strong> qui initient les clients aux riches saveurs de la cuisine du Hubei, notre h\u00f4tel est le reflet de la ville que nous appelons notre maison.<\/p><p>Au fil des ann\u00e9es, nous avons accueilli un large \u00e9ventail d&#039;invit\u00e9s, des professionnels d&#039;entreprise participant \u00e0 des conf\u00e9rences dans les centres d&#039;affaires florissants de Wuhan aux familles explorant la beaut\u00e9 naturelle de <strong>Zone panoramique du lac de l&#039;Est <\/strong>et les voyageurs solitaires d\u00e9sireux de d\u00e9couvrir le charme de la Chine centrale. Avec chaque client, nous avons appris, d\u00e9velopp\u00e9 et peaufin\u00e9 notre approche de l&#039;hospitalit\u00e9, en nous effor\u00e7ant toujours de d\u00e9passer les attentes et de faire de chaque s\u00e9jour plus qu&#039;un simple endroit o\u00f9 dormir.<\/p><p>L\u2019une des valeurs fondamentales qui d\u00e9finissent <strong>H\u00f4tel Amix <\/strong> est notre croyance en <strong>communaut\u00e9 et connexion <\/strong>Nous avons \u00e9tabli des relations solides avec les entreprises locales, les artisans et les vendeurs de produits alimentaires pour garantir que nos clients vivent l&#039;exp\u00e9rience <strong>l&#039;esprit authentique de Wuhan <\/strong> Durant votre s\u00e9jour. Que ce soit gr\u00e2ce aux ingr\u00e9dients locaux de notre restaurant ou aux recommandations personnalis\u00e9es de notre \u00e9quipe pour explorer la ville, nous souhaitons rendre votre s\u00e9jour \u00e0 Wuhan inoubliable.<\/p>\t\t\t\t\t\t\t\t<\/div>\n\t\t\t\t\t<\/div>\n\t\t\t\t<\/div>\n\t\t<div class=\"elementor-element elementor-element-8e30b6c e-flex e-con-boxed e-con e-parent\" data-id=\"8e30b6c\" data-element_type=\"container\" data-e-type=\"container\">\n\t\t\t\t\t<div class=\"e-con-inner\">\n\t\t\t\t<div class=\"elementor-element elementor-element-f53c5fd elementor-widget elementor-widget-nuss-image-gallery\" data-id=\"f53c5fd\" data-element_type=\"widget\" data-e-type=\"widget\" data-widget_type=\"nuss-image-gallery.default\">\n\t\t\t\t<div class=\"elementor-widget-container\">\n\t\t\t\t\t\t\t<div class=\"nuss-grid-wrapper\" data-grid=\"{&quot;type&quot;:&quot;grid&quot;,&quot;ratio&quot;:null,&quot;columns&quot;:3,&quot;gutter&quot;:30}\">\r\n\t\t\t<div class=\"nuss-grid lazy-grid\">\r\n\t\t\t\t<div class=\"grid-sizer\"><\/div>\r\n\r\n\t\t\t\t\t\t\t\t\t\t\t\t<div class=\"grid-item\">\r\n\t\t\t\t\t\t<div class=\"nuss-box\">\t\t<div class=\"nuss-image image\">\r\n\t\t\t<img decoding=\"async\"  src=\"https:\/\/amixhotel.com\/wp-content\/uploads\/2025\/07\/amix-hotel-wuhan-41.webp\" alt=\"H\u00f4tel Amix Wuhan (41)\" \/>\t\t<\/div>\r\n\t\t\t\t<\/div>\t\t\t\t\t<\/div>\r\n\t\t\t\t\t\t<div class=\"grid-item\">\r\n\t\t\t\t\t\t<div class=\"nuss-box\">\t\t<div class=\"nuss-image image\">\r\n\t\t\t<img decoding=\"async\"  src=\"https:\/\/amixhotel.com\/wp-content\/uploads\/2025\/07\/amix-hotel-wuhan-50.webp\" alt=\"h\u00f4tel amix wuhan (50)\" \/>\t\t<\/div>\r\n\t\t\t\t<\/div>\t\t\t\t\t<\/div>\r\n\t\t\t\t\t\t<div class=\"grid-item\">\r\n\t\t\t\t\t\t<div class=\"nuss-box\">\t\t<div class=\"nuss-image image\">\r\n\t\t\t<img decoding=\"async\"  src=\"https:\/\/amixhotel.com\/wp-content\/uploads\/2025\/07\/amix-hotel-wuhan-64.webp\" alt=\"H\u00f4tel Amix Wuhan (64)\" \/>\t\t<\/div>\r\n\t\t\t\t<\/div>\t\t\t\t\t<\/div>\r\n\t\t\t\t\t\t<div class=\"grid-item\">\r\n\t\t\t\t\t\t<div class=\"nuss-box\">\t\t<div class=\"nuss-image image\">\r\n\t\t\t<img decoding=\"async\"  src=\"https:\/\/amixhotel.com\/wp-content\/uploads\/2025\/07\/amix-hotel-wuhan-66.webp\" alt=\"H\u00f4tel Amix Wuhan (66)\" \/>\t\t<\/div>\r\n\t\t\t\t<\/div>\t\t\t\t\t<\/div>\r\n\t\t\t\t\t\t<div class=\"grid-item\">\r\n\t\t\t\t\t\t<div class=\"nuss-box\">\t\t<div class=\"nuss-image image\">\r\n\t\t\t<img decoding=\"async\"  src=\"https:\/\/amixhotel.com\/wp-content\/uploads\/2025\/07\/amix-hotel-wuhan-62.webp\" alt=\"H\u00f4tel Amix Wuhan (62)\" \/>\t\t<\/div>\r\n\t\t\t\t<\/div>\t\t\t\t\t<\/div>\r\n\t\t\t\t\t\t<div class=\"grid-item\">\r\n\t\t\t\t\t\t<div class=\"nuss-box\">\t\t<div class=\"nuss-image image\">\r\n\t\t\t<img decoding=\"async\"  src=\"https:\/\/amixhotel.com\/wp-content\/uploads\/2025\/07\/amix-hotel-wuhan-56.webp\" alt=\"H\u00f4tel Amix Wuhan (56)\" \/>\t\t<\/div>\r\n\t\t\t\t<\/div>\t\t\t\t\t<\/div>\r\n\t\t\t\t\t\t\t\r\n\t\t\t<\/div>\r\n\t\t<\/div>\r\n\t\t\t\t\t\t<\/div>\n\t\t\t\t<\/div>\n\t\t\t\t\t<\/div>\n\t\t\t\t<\/div>\n\t\t<div class=\"elementor-element elementor-element-069b409 e-flex e-con-boxed e-con e-parent\" data-id=\"069b409\" data-element_type=\"container\" data-e-type=\"container\">\n\t\t\t\t\t<div class=\"e-con-inner\">\n\t\t\t\t<div class=\"elementor-element elementor-element-d868931 elementor-widget elementor-widget-text-editor\" data-id=\"d868931\" data-element_type=\"widget\" data-e-type=\"widget\" data-widget_type=\"text-editor.default\">\n\t\t\t\t\t\t\t\t\t<p>\u00c0 l&#039;image de Wuhan, l&#039;h\u00f4tel Amix \u00e9volue. Nous restons engag\u00e9s dans l&#039;innovation, que ce soit dans nos <strong>initiatives \u00e9cologiques <\/strong>, notre <strong>services \u00e0 la client\u00e8le ax\u00e9s sur la technologie <\/strong>, ou notre <strong>protocoles de s\u00e9curit\u00e9 et d&#039;hygi\u00e8ne renforc\u00e9s <\/strong>\u2014en veillant \u00e0 r\u00e9pondre aux besoins en constante \u00e9volution des voyageurs modernes tout en restant fid\u00e8les \u00e0 nos racines.<\/p><p>Notre histoire continue de s&#039;\u00e9crire, invit\u00e9 apr\u00e8s invit\u00e9. Et nous vous invitons \u00e0 en faire partie.<\/p><p data-spm-anchor-id=\"a2ty_o01.29997173.0.i43.6b1bc921y7R8ee\">\u00c0 <strong>H\u00f4tel Amix <\/strong>, nous n&#039;offrons pas seulement un endroit o\u00f9 s\u00e9journer, nous offrons un <strong>une maison loin de chez soi <\/strong>, un <strong>point de d\u00e9part pour l&#039;exploration <\/strong>, et un <strong>promesse d&#039;une hospitalit\u00e9 exceptionnelle <\/strong>Venez vivre le voyage par vous-m\u00eame.<\/p>\t\t\t\t\t\t\t\t<\/div>\n\t\t\t\t\t<\/div>\n\t\t\t\t<\/div>\n\t\t\t\t<\/div>","protected":false},"excerpt":{"rendered":"<p>Welcome to Amix Hotel \u2013 where every stay tells a story. At the heart of Wuhan\u2019s bustling Wuchang District, nestled along the tranquil stretch of 143 West Pengliuyang Road , stands Amix Hotel \u2014a modern haven where comfort meets culture, and hospitality is more than just a service. Our story is one of passion, purpose, [&hellip;]<\/p>\n","protected":false},"author":1,"featured_media":0,"parent":0,"menu_order":0,"comment_status":"closed","ping_status":"closed","template":"elementor_header_footer","meta":{"footnotes":""},"class_list":["post-2104","page","type-page","status-publish","hentry","post-no-thumbnail"],"_links":{"self":[{"href":"https:\/\/amixhotel.com\/fr\/wp-json\/wp\/v2\/pages\/2104","targetHints":{"allow":["GET"]}}],"collection":[{"href":"https:\/\/amixhotel.com\/fr\/wp-json\/wp\/v2\/pages"}],"about":[{"href":"https:\/\/amixhotel.com\/fr\/wp-json\/wp\/v2\/types\/page"}],"author":[{"embeddable":true,"href":"https:\/\/amixhotel.com\/fr\/wp-json\/wp\/v2\/users\/1"}],"replies":[{"embeddable":true,"href":"https:\/\/amixhotel.com\/fr\/wp-json\/wp\/v2\/comments?post=2104"}],"version-history":[{"count":0,"href":"https:\/\/amixhotel.com\/fr\/wp-json\/wp\/v2\/pages\/2104\/revisions"}],"wp:attachment":[{"href":"https:\/\/amixhotel.com\/fr\/wp-json\/wp\/v2\/media?parent=2104"}],"curies":[{"name":"wp","href":"https:\/\/api.w.org\/{rel}","templated":true}]}}