{"id":2106,"date":"2021-03-25T04:08:26","date_gmt":"2021-03-25T04:08:26","guid":{"rendered":"http:\/\/localhost\/nuss\/?page_id=298"},"modified":"2025-12-04T08:32:37","modified_gmt":"2025-12-04T08:32:37","slug":"experiences","status":"publish","type":"page","link":"https:\/\/amixhotel.com\/fr\/experiences\/","title":{"rendered":"Exp\u00e9riences et avis clients"},"content":{"rendered":"<div data-elementor-type=\"wp-page\" data-elementor-id=\"2106\" class=\"elementor elementor-2106\">\n\t\t\t\t\t\t<section class=\"elementor-section elementor-top-section elementor-element elementor-element-1954ffc elementor-section-boxed elementor-section-gap-beside-yes elementor-section-height-default elementor-section-height-default elementor-section-column-vertical-align-stretch\" data-id=\"1954ffc\" data-element_type=\"section\" data-e-type=\"section\">\n\t\t\t\t\t\t<div class=\"elementor-container elementor-column-gap-extended\">\n\t\t\t\t\t<div class=\"elementor-column elementor-col-100 elementor-top-column elementor-element elementor-element-86aebc5\" data-id=\"86aebc5\" data-element_type=\"column\" data-e-type=\"column\">\n\t\t\t<div class=\"elementor-widget-wrap elementor-element-populated\">\n\t\t\t\t\t\t<div class=\"elementor-element elementor-element-11803d1 elementor-widget__width-initial elementor-invisible elementor-widget elementor-widget-text-editor\" data-id=\"11803d1\" data-element_type=\"widget\" data-e-type=\"widget\" data-settings=\"{&quot;_animation&quot;:&quot;nussFadeInUp&quot;}\" data-widget_type=\"text-editor.default\">\n\t\t\t\t\t\t\t\t\t<p><strong data-spm-anchor-id=\"a2ty_o01.29997173.0.i29.6b1bc921y7R8ee\">H\u00f4tel Amix \u2013 Exp\u00e9riences et avis de voyageurs satisfaits <\/strong><\/p>\t\t\t\t\t\t\t\t<\/div>\n\t\t\t\t\t<\/div>\n\t\t<\/div>\n\t\t\t\t\t<\/div>\n\t\t<\/section>\n\t\t<div class=\"elementor-element elementor-element-bc6134f e-flex e-con-boxed e-con e-parent\" data-id=\"bc6134f\" data-element_type=\"container\" data-e-type=\"container\">\n\t\t\t\t\t<div class=\"e-con-inner\">\n\t\t\t\t<div class=\"elementor-element elementor-element-d89aa97 elementor-widget elementor-widget-text-editor\" data-id=\"d89aa97\" data-element_type=\"widget\" data-e-type=\"widget\" data-widget_type=\"text-editor.default\">\n\t\t\t\t\t\t\t\t\t<p>Situ\u00e9 \u00e0 <strong>143 West Pengliuyang Road, district de Wuchang, Wuhan, Hubei, Chine <\/strong>, <strong>H\u00f4tel Amix <\/strong> L&#039;h\u00f4tel s&#039;est forg\u00e9 une r\u00e9putation de choix aupr\u00e8s des voyageurs d&#039;affaires et de loisirs en qu\u00eate de confort, de commodit\u00e9 et d&#039;un service exceptionnel au c\u0153ur de Wuhan. Gr\u00e2ce \u00e0 ses \u00e9quipements modernes, son emplacement strat\u00e9gique et son accueil attentionn\u00e9, l&#039;h\u00f4tel a re\u00e7u des commentaires positifs constants sur les principales plateformes de voyage, telles que <strong>TripAdvisor.com <\/strong> et d&#039;autres grands <strong>Agences de voyages en ligne (OTA) <\/strong> tels que Booking.com, Agoda et Expedia.<\/p><div class=\"my-2\">\u00a0<\/div><p>Les clients f\u00e9licitent fr\u00e9quemment l&#039;h\u00f4tel Amix pour son <strong>chambres propres, \u00e9l\u00e9gantes et bien entretenues <\/strong>, beaucoup soulignant la literie confortable, le calme et l&#039;excellente insonorisation, id\u00e9ale pour le repos comme pour le t\u00e9l\u00e9travail. Comme l&#039;a not\u00e9 un utilisateur de TripAdvisor\u00a0:<\/p><blockquote><p><em data-spm-anchor-id=\"a2ty_o01.29997173.0.i30.6b1bc921y7R8ee\">\u00ab Un endroit id\u00e9al o\u00f9 s\u00e9journer \u00e0 Wuhan ! La chambre \u00e9tait impeccable, le lit super confortable et la climatisation maintenait une fra\u00eecheur agr\u00e9able m\u00eame en \u00e9t\u00e9. \u00bb <\/em><\/p><\/blockquote><p>L&#039;h\u00f4tel <strong>emplacement privil\u00e9gi\u00e9 dans le district de Wuchang <\/strong> constitue un autre atout majeur. De nombreux clients appr\u00e9cient sa proximit\u00e9 avec des attractions cl\u00e9s comme <strong>Zone panoramique du lac de l&#039;Est <\/strong>, <strong>Tour de la Grue Jaune <\/strong>, et <strong>Universit\u00e9 de Wuhan <\/strong>, ainsi que son acc\u00e8s facile \u00e0 <strong>Gare de Wuchang <\/strong> et des liaisons de transport vers <strong>A\u00e9roport international de Wuhan Tianhe <\/strong>. Un avis sur Booking.com dit :<\/p><blockquote><p><em>Id\u00e9alement situ\u00e9 pour vos visites touristiques et vos voyages d&#039;affaires. \u00c0 quelques pas des restaurants et des transports en commun. \u00c0 recommander vivement\u00a0! <\/em><\/p><\/blockquote><p>Les voyageurs appr\u00e9cient \u00e9galement le <strong>personnel sympathique et professionnel <\/strong>, souvent d\u00e9crits comme serviables, courtois et r\u00e9actifs aux besoins des clients. De l&#039;enregistrement fluide \u00e0 l&#039;assistance attentionn\u00e9e de la conciergerie, le service de l&#039;h\u00f4tel Amix am\u00e9liore l&#039;exp\u00e9rience globale. Un utilisateur d&#039;Agoda a \u00e9crit\u00a0:<\/p><blockquote><p><em>Le personnel de la r\u00e9ception \u00e9tait tr\u00e8s accueillant et parlait bien anglais. Ils nous ont aid\u00e9s \u00e0 r\u00e9server un taxi et nous ont donn\u00e9 de pr\u00e9cieux conseils sur les restaurants locaux. <\/em><\/p><\/blockquote><p>Pour ceux qui se soucient de l&#039;hygi\u00e8ne et de la propret\u00e9, une priorit\u00e9 absolue pour les voyageurs d&#039;aujourd&#039;hui, l&#039;h\u00f4tel Amix obtient d&#039;excellentes notes. De nombreux avis soulignent <strong>chambres impeccables, espaces communs d\u00e9sinfect\u00e9s et services de m\u00e9nage quotidiens <\/strong>, contribuant \u00e0 un s\u00e9jour s\u00fbr et agr\u00e9able. Sur TripAdvisor, un client r\u00e9cent a partag\u00e9\u00a0:<\/p><blockquote><p><em>\u00ab Je me suis sentie en parfaite s\u00e9curit\u00e9 ici. Tout \u00e9tait propre et du gel hydroalcoolique \u00e9tait disponible dans le hall. \u00bb <\/em><\/p><\/blockquote><p>Les voyageurs d\u2019affaires, en particulier, appr\u00e9cient <strong>centre d&#039;affaires bien \u00e9quip\u00e9 <\/strong>, <strong>Wi-Fi haut d\u00e9bit <\/strong>, et <strong>espaces de travail ergonomiques <\/strong> dans les chambres et dans les espaces communs. Les clients ont fait l&#039;\u00e9loge du <strong>connexion Internet fiable <\/strong>, id\u00e9al pour les appels vid\u00e9o et les e-mails urgents. Un avis Expedia indique\u00a0:<\/p><blockquote><p><em>\u00ab Id\u00e9al pour les s\u00e9jours d&#039;affaires\u00a0: internet rapide, chambres calmes et espaces de r\u00e9union \u00e0 proximit\u00e9. J&#039;y retournerai sans h\u00e9siter. \u00bb <\/em><\/p><\/blockquote><p>Les exp\u00e9riences culinaires \u00e0 l&#039;h\u00f4tel Amix re\u00e7oivent \u00e9galement des mentions favorables, les clients appr\u00e9ciant <strong>vari\u00e9t\u00e9 d&#039;options de petit-d\u00e9jeuner <\/strong>, y compris les deux <strong>sp\u00e9cialit\u00e9s locales du Hubei et plats internationaux <\/strong>Les critiques notent que <strong>ingr\u00e9dients frais, portions g\u00e9n\u00e9reuses et ambiance chaleureuse <\/strong> du restaurant sur place.<\/p><div class=\"my-2\">\u00a0<\/div><p>Sur les OTA, Amix Hotel maintient syst\u00e9matiquement une <strong>note \u00e9lev\u00e9e <\/strong>, avec de nombreuses critiques cinq \u00e9toiles soulignant le rapport qualit\u00e9-prix, un excellent service client et un emplacement privil\u00e9gi\u00e9 qui permet d&#039;explorer Wuhan sans effort.<\/p><div class=\"my-2\">\u00a0<\/div><p>En r\u00e9sum\u00e9, <strong>H\u00f4tel Amix <\/strong> continue d&#039;impressionner les voyageurs du monde entier avec ses <strong>confort moderne, emplacement strat\u00e9gique et hospitalit\u00e9 chaleureuse <\/strong>Que vous visitiez Wuhan pour affaires ou pour le plaisir, les v\u00e9ritables avis des clients en disent long sur la qualit\u00e9 et la coh\u00e9rence de votre s\u00e9jour.<\/p><div class=\"my-2\">\u00a0<\/div><p data-spm-anchor-id=\"a2ty_o01.29997173.0.i32.6b1bc921y7R8ee\">D\u00e9couvrez ce que disent les anciens clients et planifiez votre prochaine visite en toute confiance : r\u00e9servez votre s\u00e9jour chez <strong>H\u00f4tel Amix <\/strong> et d\u00e9couvrez Wuhan comme jamais auparavant.<\/p>\t\t\t\t\t\t\t\t<\/div>\n\t\t\t\t\t<\/div>\n\t\t\t\t<\/div>\n\t\t\t\t<\/div>","protected":false},"excerpt":{"rendered":"<p>Amix Hotel \u2013 Real Guest Experiences &amp; Reviews from Satisfied Travelers Located at 143 West Pengliuyang Road, Wuchang District, Wuhan, Hubei, China , Amix Hotel has earned a reputation as a top choice for both leisure and business travelers seeking comfort, convenience, and exceptional service in the heart of Wuhan. With its modern amenities, strategic [&hellip;]<\/p>\n","protected":false},"author":1,"featured_media":0,"parent":0,"menu_order":0,"comment_status":"closed","ping_status":"closed","template":"","meta":{"footnotes":""},"class_list":["post-2106","page","type-page","status-publish","hentry","post-no-thumbnail"],"_links":{"self":[{"href":"https:\/\/amixhotel.com\/fr\/wp-json\/wp\/v2\/pages\/2106","targetHints":{"allow":["GET"]}}],"collection":[{"href":"https:\/\/amixhotel.com\/fr\/wp-json\/wp\/v2\/pages"}],"about":[{"href":"https:\/\/amixhotel.com\/fr\/wp-json\/wp\/v2\/types\/page"}],"author":[{"embeddable":true,"href":"https:\/\/amixhotel.com\/fr\/wp-json\/wp\/v2\/users\/1"}],"replies":[{"embeddable":true,"href":"https:\/\/amixhotel.com\/fr\/wp-json\/wp\/v2\/comments?post=2106"}],"version-history":[{"count":0,"href":"https:\/\/amixhotel.com\/fr\/wp-json\/wp\/v2\/pages\/2106\/revisions"}],"wp:attachment":[{"href":"https:\/\/amixhotel.com\/fr\/wp-json\/wp\/v2\/media?parent=2106"}],"curies":[{"name":"wp","href":"https:\/\/api.w.org\/{rel}","templated":true}]}}