{"id":2109,"date":"2021-03-26T08:35:58","date_gmt":"2021-03-26T08:35:58","guid":{"rendered":"http:\/\/localhost\/nuss\/?page_id=536"},"modified":"2025-12-04T08:32:18","modified_gmt":"2025-12-04T08:32:18","slug":"installations-commerciales","status":"publish","type":"page","link":"https:\/\/amixhotel.com\/fr\/business-facilities\/","title":{"rendered":"Installations commerciales"},"content":{"rendered":"<div data-elementor-type=\"wp-page\" data-elementor-id=\"2109\" class=\"elementor elementor-2109\">\n\t\t\t\t\t\t<section class=\"elementor-section elementor-top-section elementor-element elementor-element-bb2901b elementor-section-boxed elementor-section-gap-beside-yes elementor-section-height-default elementor-section-height-default elementor-section-column-vertical-align-stretch\" data-id=\"bb2901b\" data-element_type=\"section\" data-e-type=\"section\">\n\t\t\t\t\t\t<div class=\"elementor-container elementor-column-gap-extended\">\n\t\t\t\t\t<div class=\"elementor-column elementor-col-100 elementor-top-column elementor-element elementor-element-1919db9\" data-id=\"1919db9\" data-element_type=\"column\" data-e-type=\"column\">\n\t\t\t<div class=\"elementor-widget-wrap elementor-element-populated\">\n\t\t\t\t\t\t<div class=\"elementor-element elementor-element-41a7b9c elementor-widget__width-initial elementor-invisible elementor-widget elementor-widget-text-editor\" data-id=\"41a7b9c\" data-element_type=\"widget\" data-e-type=\"widget\" data-settings=\"{&quot;_animation&quot;:&quot;nussFadeInUp&quot;}\" data-widget_type=\"text-editor.default\">\n\t\t\t\t\t\t\t\t\t<p><strong data-spm-anchor-id=\"a2ty_o01.29997173.0.i20.6b1bc921y7R8ee\">Installations h\u00f4teli\u00e8res Amix \u2013 Am\u00e9liorer la productivit\u00e9 au c\u0153ur de Wuhan <\/strong><\/p>\t\t\t\t\t\t\t\t<\/div>\n\t\t\t\t\t<\/div>\n\t\t<\/div>\n\t\t\t\t\t<\/div>\n\t\t<\/section>\n\t\t<div class=\"elementor-element elementor-element-8967144 e-flex e-con-boxed e-con e-parent\" data-id=\"8967144\" data-element_type=\"container\" data-e-type=\"container\">\n\t\t\t\t\t<div class=\"e-con-inner\">\n\t\t\t\t<div class=\"elementor-element elementor-element-950510a elementor-widget elementor-widget-image\" data-id=\"950510a\" data-element_type=\"widget\" data-e-type=\"widget\" data-widget_type=\"image.default\">\n\t\t\t\t\t\t\t\t\t\t\t\t\t\t\t<img fetchpriority=\"high\" decoding=\"async\" width=\"1024\" height=\"682\" src=\"https:\/\/amixhotel.com\/wp-content\/uploads\/2025\/07\/amix-hotel-wuhan-63-1024x682.webp\" class=\"attachment-large size-large wp-image-5541\" alt=\"\" srcset=\"https:\/\/amixhotel.com\/wp-content\/uploads\/2025\/07\/amix-hotel-wuhan-63-1024x682.webp 1024w, https:\/\/amixhotel.com\/wp-content\/uploads\/2025\/07\/amix-hotel-wuhan-63-300x200.webp 300w, https:\/\/amixhotel.com\/wp-content\/uploads\/2025\/07\/amix-hotel-wuhan-63-768x512.webp 768w, https:\/\/amixhotel.com\/wp-content\/uploads\/2025\/07\/amix-hotel-wuhan-63.webp 1280w\" sizes=\"(max-width: 1024px) 100vw, 1024px\" \/>\t\t\t\t\t\t\t\t\t\t\t\t\t\t\t<\/div>\n\t\t\t\t\t<\/div>\n\t\t\t\t<\/div>\n\t\t<div class=\"elementor-element elementor-element-90f935b e-flex e-con-boxed e-con e-parent\" data-id=\"90f935b\" data-element_type=\"container\" data-e-type=\"container\">\n\t\t\t\t\t<div class=\"e-con-inner\">\n\t\t\t\t<div class=\"elementor-element elementor-element-b5bba1b elementor-widget elementor-widget-text-editor\" data-id=\"b5bba1b\" data-element_type=\"widget\" data-e-type=\"widget\" data-widget_type=\"text-editor.default\">\n\t\t\t\t\t\t\t\t\t<p data-spm-anchor-id=\"a2ty_o01.29997173.0.i21.6b1bc921y7R8ee\">Situ\u00e9 \u00e0 <strong>143 West Pengliuyang Road, district de Wuchang, Wuhan, Hubei, Chine <\/strong>, <strong>H\u00f4tel Amix <\/strong> propose une gamme compl\u00e8te de <strong>installations commerciales modernes <\/strong> Con\u00e7u pour r\u00e9pondre aux exigences des voyageurs d&#039;affaires, des entrepreneurs et des organisateurs d&#039;\u00e9v\u00e9nements d&#039;aujourd&#039;hui. Que vous soyez \u00e0 Wuhan pour une r\u00e9union de haut niveau, une petite conf\u00e9rence ou que vous ayez simplement besoin d&#039;un espace calme pour rester productif, notre h\u00f4tel met \u00e0 votre disposition les outils, la technologie et l&#039;environnement professionnel n\u00e9cessaires \u00e0 votre r\u00e9ussite.<\/p><p>\u00c0 l&#039;h\u00f4tel Amix, nous comprenons qu&#039;efficacit\u00e9 et confort sont indissociables en affaires. C&#039;est pourquoi nous avons con\u00e7u nos installations d&#039;affaires avec fonctionnalit\u00e9, style et commodit\u00e9 \u00e0 l&#039;esprit. <strong>Centre d&#039;affaires ouvert 24h\/24 <\/strong> est \u00e9quip\u00e9 d&#039;une connexion Wi-Fi haut d\u00e9bit, de postes de travail ergonomiques, de services d&#039;impression, de num\u00e9risation et de t\u00e9l\u00e9copie, garantissant que les clients peuvent g\u00e9rer leurs t\u00e2ches de travail \u00e0 tout moment, de jour comme de nuit.<\/p><p>Pour les r\u00e9unions, les pr\u00e9sentations et les \u00e9v\u00e9nements d&#039;entreprise, nous proposons <strong>salles de conf\u00e9rence et de r\u00e9union enti\u00e8rement \u00e9quip\u00e9es <\/strong> pouvant accueillir des groupes de tailles vari\u00e9es. Ces espaces sont dot\u00e9s <strong>\u00c9crans LED, projecteurs HD, insonorisation, climatisation et installations audiovisuelles professionnelles <\/strong>, ce qui les rend id\u00e9ales pour tout type d&#039;\u00e9v\u00e9nement, des s\u00e9ances de brainstorming en \u00e9quipe aux pr\u00e9sentations clients et aux petites conf\u00e9rences. Notre \u00e9quipe est \u00e9galement disponible pour vous aider \u00e0 installer la salle, \u00e0 apporter un soutien technique et \u00e0 organiser la restauration afin d&#039;assurer le bon d\u00e9roulement de votre \u00e9v\u00e9nement.<\/p>\t\t\t\t\t\t\t\t<\/div>\n\t\t\t\t\t<\/div>\n\t\t\t\t<\/div>\n\t\t<div class=\"elementor-element elementor-element-ec2ec4d e-flex e-con-boxed e-con e-parent\" data-id=\"ec2ec4d\" data-element_type=\"container\" data-e-type=\"container\">\n\t\t\t\t\t<div class=\"e-con-inner\">\n\t\t\t\t<div class=\"elementor-element elementor-element-09f25d8 elementor-widget elementor-widget-image\" data-id=\"09f25d8\" data-element_type=\"widget\" data-e-type=\"widget\" data-widget_type=\"image.default\">\n\t\t\t\t\t\t\t\t\t\t\t\t\t\t\t<img decoding=\"async\" width=\"1024\" height=\"693\" src=\"https:\/\/amixhotel.com\/wp-content\/uploads\/2025\/07\/amix-hotel-wuhan-61-1024x693.webp\" class=\"attachment-large size-large wp-image-5539\" alt=\"\" srcset=\"https:\/\/amixhotel.com\/wp-content\/uploads\/2025\/07\/amix-hotel-wuhan-61-1024x693.webp 1024w, https:\/\/amixhotel.com\/wp-content\/uploads\/2025\/07\/amix-hotel-wuhan-61-300x203.webp 300w, https:\/\/amixhotel.com\/wp-content\/uploads\/2025\/07\/amix-hotel-wuhan-61-768x520.webp 768w, https:\/\/amixhotel.com\/wp-content\/uploads\/2025\/07\/amix-hotel-wuhan-61.webp 1261w\" sizes=\"(max-width: 1024px) 100vw, 1024px\" \/>\t\t\t\t\t\t\t\t\t\t\t\t\t\t\t<\/div>\n\t\t\t\t\t<\/div>\n\t\t\t\t<\/div>\n\t\t<div class=\"elementor-element elementor-element-e8f8c34 e-flex e-con-boxed e-con e-parent\" data-id=\"e8f8c34\" data-element_type=\"container\" data-e-type=\"container\">\n\t\t\t\t\t<div class=\"e-con-inner\">\n\t\t\t\t<div class=\"elementor-element elementor-element-6f1745e elementor-widget elementor-widget-text-editor\" data-id=\"6f1745e\" data-element_type=\"widget\" data-e-type=\"widget\" data-widget_type=\"text-editor.default\">\n\t\t\t\t\t\t\t\t\t<p data-spm-anchor-id=\"a2ty_o01.29997173.0.i22.6b1bc921y7R8ee\">L&#039;emplacement strat\u00e9gique de l&#039;h\u00f4tel Amix dans le <strong>District de Wuchang <\/strong>\u2014 un p\u00f4le commercial et de transport majeur de Wuhan \u2014 renforce son attrait pour les voyageurs d&#039;affaires. L&#039;h\u00f4tel est facilement accessible depuis les principaux centres d&#039;affaires, les bureaux gouvernementaux et les parcs industriels, et se trouve \u00e0 quelques minutes en voiture de <strong>Gare de Wuchang <\/strong> et bien reli\u00e9 \u00e0 <strong>A\u00e9roport international de Wuhan Tianhe <\/strong> via les autoroutes rapides. L&#039;Amix Hotel est donc non seulement un choix pratique, mais aussi un point central pour les affaires en ville et au-del\u00e0.<\/p><p>En plus de nos espaces professionnels d\u00e9di\u00e9s, toutes les chambres et suites sont con\u00e7ues pour favoriser la productivit\u00e9, avec <strong>si\u00e8ges ergonomiques, grands bureaux, bornes de recharge et Wi-Fi haut de gamme <\/strong>Que vous vous pr\u00e9pariez \u00e0 une pr\u00e9sentation dans le confort de votre chambre ou que vous participiez \u00e0 une r\u00e9union virtuelle depuis notre centre d&#039;affaires, vous trouverez tout ce dont vous avez besoin pour rester connect\u00e9 et efficace.<\/p><p>Compl\u00e9t\u00e9 par notre <strong>personnel multilingue, service de conciergerie 24h\/24 et 7j\/7 et options de restauration sur place <\/strong>L&#039;Amix Hotel vous garantit un s\u00e9jour d&#039;affaires productif, confortable et sans stress. Que vous soyez voyageur solo, membre d&#039;une \u00e9quipe d&#039;entreprise ou organisateur d&#039;un \u00e9v\u00e9nement, nos installations professionnelles sont con\u00e7ues pour vous accompagner dans vos objectifs avec professionnalisme et simplicit\u00e9.<\/p><p><strong>Choisissez l&#039;h\u00f4tel Amix <\/strong> pour votre prochain voyage d&#039;affaires \u00e0 Wuhan et d\u00e9couvrez un h\u00f4tel qui comprend vraiment les besoins du professionnel moderne, o\u00f9 le confort rencontre la capacit\u00e9 et o\u00f9 chaque d\u00e9tail est con\u00e7u pour am\u00e9liorer votre productivit\u00e9.<\/p>\t\t\t\t\t\t\t\t<\/div>\n\t\t\t\t\t<\/div>\n\t\t\t\t<\/div>\n\t\t\t\t<\/div>","protected":false},"excerpt":{"rendered":"<p>Amix Hotel Business Facilities \u2013 Elevating Productivity in the Heart of Wuhan Located at 143 West Pengliuyang Road, Wuchang District, Wuhan, Hubei, China , Amix Hotel offers a comprehensive range of modern business facilities tailored to meet the demands of today\u2019s corporate travelers, entrepreneurs, and event planners. Whether you&#8217;re in Wuhan for a high-level meeting, [&hellip;]<\/p>\n","protected":false},"author":1,"featured_media":0,"parent":0,"menu_order":0,"comment_status":"closed","ping_status":"closed","template":"","meta":{"footnotes":""},"class_list":["post-2109","page","type-page","status-publish","hentry","post-no-thumbnail"],"_links":{"self":[{"href":"https:\/\/amixhotel.com\/fr\/wp-json\/wp\/v2\/pages\/2109","targetHints":{"allow":["GET"]}}],"collection":[{"href":"https:\/\/amixhotel.com\/fr\/wp-json\/wp\/v2\/pages"}],"about":[{"href":"https:\/\/amixhotel.com\/fr\/wp-json\/wp\/v2\/types\/page"}],"author":[{"embeddable":true,"href":"https:\/\/amixhotel.com\/fr\/wp-json\/wp\/v2\/users\/1"}],"replies":[{"embeddable":true,"href":"https:\/\/amixhotel.com\/fr\/wp-json\/wp\/v2\/comments?post=2109"}],"version-history":[{"count":0,"href":"https:\/\/amixhotel.com\/fr\/wp-json\/wp\/v2\/pages\/2109\/revisions"}],"wp:attachment":[{"href":"https:\/\/amixhotel.com\/fr\/wp-json\/wp\/v2\/media?parent=2109"}],"curies":[{"name":"wp","href":"https:\/\/api.w.org\/{rel}","templated":true}]}}