{"id":5266,"date":"2021-07-18T08:03:35","date_gmt":"2021-07-18T08:03:35","guid":{"rendered":"https:\/\/nuss.uxper.co\/luxury-resort\/?page_id=5266"},"modified":"2025-12-04T08:32:07","modified_gmt":"2025-12-04T08:32:07","slug":"a-propos-de-nous","status":"publish","type":"page","link":"https:\/\/amixhotel.com\/fr\/about-us\/","title":{"rendered":"\u00c0 propos de nous"},"content":{"rendered":"<div data-elementor-type=\"wp-page\" data-elementor-id=\"5266\" class=\"elementor elementor-5266\">\n\t\t\t\t\t\t<section class=\"elementor-section elementor-top-section elementor-element elementor-element-10416953 elementor-section-boxed elementor-section-gap-beside-yes elementor-section-height-default elementor-section-height-default elementor-section-column-vertical-align-stretch\" data-id=\"10416953\" data-element_type=\"section\" data-e-type=\"section\">\n\t\t\t\t\t\t<div class=\"elementor-container elementor-column-gap-extended\">\n\t\t\t\t\t<div class=\"elementor-column elementor-col-100 elementor-top-column elementor-element elementor-element-29c6aa8\" data-id=\"29c6aa8\" data-element_type=\"column\" data-e-type=\"column\">\n\t\t\t<div class=\"elementor-widget-wrap elementor-element-populated\">\n\t\t\t\t\t\t<div class=\"elementor-element elementor-element-7be18fe7 elementor-widget__width-initial elementor-invisible elementor-widget elementor-widget-text-editor\" data-id=\"7be18fe7\" data-element_type=\"widget\" data-e-type=\"widget\" data-settings=\"{&quot;_animation&quot;:&quot;nussFadeInUp&quot;}\" data-widget_type=\"text-editor.default\">\n\t\t\t\t\t\t\t\t\t<p><strong data-spm-anchor-id=\"a2ty_o01.29997173.0.i10.6b1bc921y7R8ee\">H\u00f4tel Amix \u2013 Votre retraite moderne au c\u0153ur de Wuhan <\/strong><\/p>\t\t\t\t\t\t\t\t<\/div>\n\t\t\t\t\t<\/div>\n\t\t<\/div>\n\t\t\t\t\t<\/div>\n\t\t<\/section>\n\t\t\t\t<section class=\"elementor-section elementor-top-section elementor-element elementor-element-7d18327f elementor-section-boxed elementor-section-gap-beside-yes elementor-section-height-default elementor-section-height-default elementor-section-column-vertical-align-stretch\" data-id=\"7d18327f\" data-element_type=\"section\" data-e-type=\"section\">\n\t\t\t\t\t\t<div class=\"elementor-container elementor-column-gap-extended\">\n\t\t\t\t\t<div class=\"elementor-column elementor-col-50 elementor-top-column elementor-element elementor-element-56533670\" data-id=\"56533670\" data-element_type=\"column\" data-e-type=\"column\">\n\t\t\t<div class=\"elementor-widget-wrap elementor-element-populated\">\n\t\t\t\t\t\t<div class=\"elementor-element elementor-element-19c3f543 elementor-invisible elementor-widget elementor-widget-text-editor\" data-id=\"19c3f543\" data-element_type=\"widget\" data-e-type=\"widget\" data-settings=\"{&quot;_animation&quot;:&quot;nussFadeInUp&quot;}\" data-widget_type=\"text-editor.default\">\n\t\t\t\t\t\t\t\t\t<p>Situ\u00e9 \u00e0 <strong>143 West Pengliuyang Road, district de Wuchang, Wuhan, Hubei, Chine <\/strong>, <strong>H\u00f4tel Amix <\/strong> est un h\u00f4tel \u00e9l\u00e9gant et contemporain offrant aux voyageurs un parfait \u00e9quilibre entre confort, commodit\u00e9 et service de qualit\u00e9. Id\u00e9alement situ\u00e9 dans l&#039;un des quartiers les plus dynamiques et accessibles de Wuhan, l&#039;Amix Hotel constitue un excellent point de d\u00e9part pour les voyageurs d&#039;affaires et de loisirs souhaitant explorer le c\u0153ur culturel et \u00e9conomique de la Chine centrale.<\/p>\t\t\t\t\t\t\t\t<\/div>\n\t\t\t\t\t<\/div>\n\t\t<\/div>\n\t\t\t\t<div class=\"elementor-column elementor-col-50 elementor-top-column elementor-element elementor-element-30f14127\" data-id=\"30f14127\" data-element_type=\"column\" data-e-type=\"column\">\n\t\t\t<div class=\"elementor-widget-wrap elementor-element-populated\">\n\t\t\t\t\t\t<div class=\"elementor-element elementor-element-4effccc elementor-widget elementor-widget-image\" data-id=\"4effccc\" data-element_type=\"widget\" data-e-type=\"widget\" data-widget_type=\"image.default\">\n\t\t\t\t\t\t\t\t\t\t\t\t\t\t\t<img fetchpriority=\"high\" decoding=\"async\" width=\"1024\" height=\"804\" src=\"https:\/\/amixhotel.com\/wp-content\/uploads\/2025\/07\/amix-hotel-wuhan-44-1024x804.webp\" class=\"attachment-large size-large wp-image-5590\" alt=\"\" srcset=\"https:\/\/amixhotel.com\/wp-content\/uploads\/2025\/07\/amix-hotel-wuhan-44-1024x804.webp 1024w, https:\/\/amixhotel.com\/wp-content\/uploads\/2025\/07\/amix-hotel-wuhan-44-300x235.webp 300w, https:\/\/amixhotel.com\/wp-content\/uploads\/2025\/07\/amix-hotel-wuhan-44-768x603.webp 768w, https:\/\/amixhotel.com\/wp-content\/uploads\/2025\/07\/amix-hotel-wuhan-44.webp 1087w\" sizes=\"(max-width: 1024px) 100vw, 1024px\" \/>\t\t\t\t\t\t\t\t\t\t\t\t\t\t\t<\/div>\n\t\t\t\t\t<\/div>\n\t\t<\/div>\n\t\t\t\t\t<\/div>\n\t\t<\/section>\n\t\t\t\t<section class=\"elementor-section elementor-top-section elementor-element elementor-element-29fb8578 elementor-section-height-min-height elementor-section-stretched elementor-section-full_width elementor-section-items-stretch elementor-section-height-default elementor-section-column-vertical-align-stretch\" data-id=\"29fb8578\" data-element_type=\"section\" data-e-type=\"section\" data-settings=\"{&quot;stretch_section&quot;:&quot;section-stretched&quot;}\">\n\t\t\t\t\t\t<div class=\"elementor-container elementor-column-gap-no\">\n\t\t\t\t\t<div class=\"elementor-column elementor-col-50 elementor-top-column elementor-element elementor-element-40ac270b\" data-id=\"40ac270b\" data-element_type=\"column\" data-e-type=\"column\">\n\t\t\t<div class=\"elementor-widget-wrap elementor-element-populated\">\n\t\t\t\t\t\t<div class=\"elementor-element elementor-element-20872773 elementor-widget__width-initial elementor-widget-mobile__width-inherit elementor-invisible nuss-elementor-loading nuss-slide-in-right elementor-widget elementor-widget-image\" data-id=\"20872773\" data-element_type=\"widget\" data-e-type=\"widget\" data-settings=\"{&quot;_animation&quot;:&quot;nussSlideInRight&quot;}\" data-widget_type=\"image.default\">\n\t\t\t\t\t\t\t\t\t\t\t\t\t\t\t<img decoding=\"async\" width=\"1280\" height=\"853\" src=\"https:\/\/amixhotel.com\/wp-content\/uploads\/2025\/07\/amix-hotel-wuhan-45.webp\" class=\"attachment-full size-full wp-image-5591\" alt=\"\" srcset=\"https:\/\/amixhotel.com\/wp-content\/uploads\/2025\/07\/amix-hotel-wuhan-45.webp 1280w, https:\/\/amixhotel.com\/wp-content\/uploads\/2025\/07\/amix-hotel-wuhan-45-300x200.webp 300w, https:\/\/amixhotel.com\/wp-content\/uploads\/2025\/07\/amix-hotel-wuhan-45-1024x682.webp 1024w, https:\/\/amixhotel.com\/wp-content\/uploads\/2025\/07\/amix-hotel-wuhan-45-768x512.webp 768w\" sizes=\"(max-width: 1280px) 100vw, 1280px\" \/>\t\t\t\t\t\t\t\t\t\t\t\t\t\t\t<\/div>\n\t\t\t\t\t<\/div>\n\t\t<\/div>\n\t\t\t\t<div class=\"elementor-column elementor-col-50 elementor-top-column elementor-element elementor-element-2dac103\" data-id=\"2dac103\" data-element_type=\"column\" data-e-type=\"column\">\n\t\t\t<div class=\"elementor-widget-wrap elementor-element-populated\">\n\t\t\t\t\t\t<div class=\"elementor-element elementor-element-6f1b8966 elementor-invisible elementor-widget elementor-widget-text-editor\" data-id=\"6f1b8966\" data-element_type=\"widget\" data-e-type=\"widget\" data-settings=\"{&quot;_animation&quot;:&quot;nussFadeInUp&quot;}\" data-widget_type=\"text-editor.default\">\n\t\t\t\t\t\t\t\t\t<p>\u00c0 l&#039;Amix Hotel, chaque d\u00e9tail est pens\u00e9 pour le voyageur moderne. Des chambres et suites \u00e9l\u00e9gantes dot\u00e9es d&#039;une literie confortable, du Wi-Fi haut d\u00e9bit, de t\u00e9l\u00e9viseurs connect\u00e9s et d&#039;\u00e9quipements modernes, aux services soigneusement s\u00e9lectionn\u00e9s pour un s\u00e9jour relaxant et productif, notre h\u00f4tel vous offre une exp\u00e9rience inoubliable. Que vous soyez \u00e0 Wuhan pour un voyage d&#039;affaires, des vacances en famille ou un s\u00e9jour plus long dans la province du Hubei, l&#039;Amix Hotel offre un environnement chaleureux o\u00f9 vous vous sentirez comme chez vous.<\/p>\t\t\t\t\t\t\t\t<\/div>\n\t\t\t\t\t<\/div>\n\t\t<\/div>\n\t\t\t\t\t<\/div>\n\t\t<\/section>\n\t\t\t\t<section class=\"elementor-section elementor-top-section elementor-element elementor-element-0277c58 elementor-section-height-min-height elementor-section-stretched elementor-section-full_width elementor-section-items-stretch elementor-section-height-default elementor-section-column-vertical-align-stretch\" data-id=\"0277c58\" data-element_type=\"section\" data-e-type=\"section\" data-settings=\"{&quot;stretch_section&quot;:&quot;section-stretched&quot;}\">\n\t\t\t\t\t\t<div class=\"elementor-container elementor-column-gap-no\">\n\t\t\t\t\t<div class=\"elementor-column elementor-col-50 elementor-top-column elementor-element elementor-element-f917517\" data-id=\"f917517\" data-element_type=\"column\" data-e-type=\"column\">\n\t\t\t<div class=\"elementor-widget-wrap elementor-element-populated\">\n\t\t\t\t\t\t<div class=\"elementor-element elementor-element-406e2d8 elementor-invisible elementor-widget elementor-widget-text-editor\" data-id=\"406e2d8\" data-element_type=\"widget\" data-e-type=\"widget\" data-settings=\"{&quot;_animation&quot;:&quot;nussFadeInUp&quot;}\" data-widget_type=\"text-editor.default\">\n\t\t\t\t\t\t\t\t\t<p data-spm-anchor-id=\"a2ty_o01.29997173.0.i13.6b1bc921y7R8ee\">Notre emplacement privil\u00e9gi\u00e9 \u00e0 <strong>District de Wuchang <\/strong> Vous serez \u00e0 proximit\u00e9 des principaux sites touristiques de Wuhan, notamment le site pittoresque du lac de l&#039;Est, la tour de la Grue jaune, l&#039;universit\u00e9 de Wuhan et le quartier d&#039;affaires anim\u00e9 de Wuhan. L&#039;h\u00f4tel est \u00e9galement id\u00e9alement situ\u00e9 \u00e0 proximit\u00e9 des principaux p\u00f4les de transport, tels que <strong>Gare de Wuchang <\/strong> et <strong>A\u00e9roport international de Wuhan Tianhe <\/strong> (via des itin\u00e9raires express efficaces), assurant une connectivit\u00e9 transparente \u00e0 travers la ville et au-del\u00e0.<\/p><div class=\"my-2\">\u00a0<\/div><p>Les clients peuvent profiter de nombreuses installations sur place, dont un restaurant gastronomique servant des sp\u00e9cialit\u00e9s locales du Hubei et une cuisine internationale, un centre d&#039;affaires ouvert 24h\/24 avec espaces de r\u00e9union et de conf\u00e9rence, et une r\u00e9ception ouverte 24h\/24. Que vous organisiez un \u00e9v\u00e9nement d&#039;entreprise, une petite r\u00e9union ou que vous souhaitiez simplement vous d\u00e9tendre apr\u00e8s une journ\u00e9e de visites ou de r\u00e9unions d&#039;affaires, l&#039;Amix Hotel offre le cadre id\u00e9al.<\/p>\t\t\t\t\t\t\t\t<\/div>\n\t\t\t\t\t<\/div>\n\t\t<\/div>\n\t\t\t\t<div class=\"elementor-column elementor-col-50 elementor-top-column elementor-element elementor-element-4bc9687\" data-id=\"4bc9687\" data-element_type=\"column\" data-e-type=\"column\">\n\t\t\t<div class=\"elementor-widget-wrap elementor-element-populated\">\n\t\t\t\t\t\t<div class=\"elementor-element elementor-element-7d8c789 elementor-widget__width-initial elementor-widget-mobile__width-inherit elementor-invisible nuss-elementor-loading nuss-slide-in-right elementor-widget elementor-widget-image\" data-id=\"7d8c789\" data-element_type=\"widget\" data-e-type=\"widget\" data-settings=\"{&quot;_animation&quot;:&quot;nussSlideInRight&quot;}\" data-widget_type=\"image.default\">\n\t\t\t\t\t\t\t\t\t\t\t\t\t\t\t<img decoding=\"async\" width=\"1280\" height=\"853\" src=\"https:\/\/amixhotel.com\/wp-content\/uploads\/2025\/07\/amix-hotel-wuhan-30.webp\" class=\"attachment-full size-full wp-image-5576\" alt=\"\" srcset=\"https:\/\/amixhotel.com\/wp-content\/uploads\/2025\/07\/amix-hotel-wuhan-30.webp 1280w, https:\/\/amixhotel.com\/wp-content\/uploads\/2025\/07\/amix-hotel-wuhan-30-300x200.webp 300w, https:\/\/amixhotel.com\/wp-content\/uploads\/2025\/07\/amix-hotel-wuhan-30-1024x682.webp 1024w, https:\/\/amixhotel.com\/wp-content\/uploads\/2025\/07\/amix-hotel-wuhan-30-768x512.webp 768w\" sizes=\"(max-width: 1280px) 100vw, 1280px\" \/>\t\t\t\t\t\t\t\t\t\t\t\t\t\t\t<\/div>\n\t\t\t\t\t<\/div>\n\t\t<\/div>\n\t\t\t\t\t<\/div>\n\t\t<\/section>\n\t\t<div class=\"elementor-element elementor-element-127a911 e-flex e-con-boxed e-con e-parent\" data-id=\"127a911\" data-element_type=\"container\" data-e-type=\"container\">\n\t\t\t\t\t<div class=\"e-con-inner\">\n\t\t\t\t<div class=\"elementor-element elementor-element-a579825 elementor-widget elementor-widget-text-editor\" data-id=\"a579825\" data-element_type=\"widget\" data-e-type=\"widget\" data-widget_type=\"text-editor.default\">\n\t\t\t\t\t\t\t\t\t<p data-spm-anchor-id=\"a2ty_o01.29997173.0.i16.6b1bc921y7R8ee\">Avec un engagement envers l&#039;excellence, un service personnalis\u00e9 et une adresse de choix dans l&#039;un des quartiers les plus dynamiques de Wuhan, <strong>H\u00f4tel Amix <\/strong> Cet h\u00f4tel est un choix de premier ordre pour les voyageurs en qu\u00eate d&#039;un h\u00f4tel confortable, moderne et id\u00e9alement situ\u00e9 \u00e0 Wuhan. R\u00e9servez votre s\u00e9jour chez nous et d\u00e9couvrez l&#039;alliance id\u00e9ale entre style, service et emplacement dans la magnifique ville de Wuhan.<\/p>\t\t\t\t\t\t\t\t<\/div>\n\t\t\t\t\t<\/div>\n\t\t\t\t<\/div>\n\t\t\t\t<\/div>","protected":false},"excerpt":{"rendered":"<p>Amix Hotel \u2013 Your Modern Retreat in the Heart of Wuhan Located at 143 West Pengliuyang Road, Wuchang District, Wuhan, Hubei, China , Amix Hotel is a stylish and contemporary hotel that offers travelers a perfect blend of comfort, convenience, and quality service. Ideally situated in one of Wuhan\u2019s most vibrant and accessible districts, Amix [&hellip;]<\/p>\n","protected":false},"author":1,"featured_media":0,"parent":0,"menu_order":0,"comment_status":"closed","ping_status":"closed","template":"","meta":{"footnotes":""},"class_list":["post-5266","page","type-page","status-publish","hentry","post-no-thumbnail"],"_links":{"self":[{"href":"https:\/\/amixhotel.com\/fr\/wp-json\/wp\/v2\/pages\/5266","targetHints":{"allow":["GET"]}}],"collection":[{"href":"https:\/\/amixhotel.com\/fr\/wp-json\/wp\/v2\/pages"}],"about":[{"href":"https:\/\/amixhotel.com\/fr\/wp-json\/wp\/v2\/types\/page"}],"author":[{"embeddable":true,"href":"https:\/\/amixhotel.com\/fr\/wp-json\/wp\/v2\/users\/1"}],"replies":[{"embeddable":true,"href":"https:\/\/amixhotel.com\/fr\/wp-json\/wp\/v2\/comments?post=5266"}],"version-history":[{"count":0,"href":"https:\/\/amixhotel.com\/fr\/wp-json\/wp\/v2\/pages\/5266\/revisions"}],"wp:attachment":[{"href":"https:\/\/amixhotel.com\/fr\/wp-json\/wp\/v2\/media?parent=5266"}],"curies":[{"name":"wp","href":"https:\/\/api.w.org\/{rel}","templated":true}]}}