{"id":612,"date":"2021-03-26T10:04:13","date_gmt":"2021-03-26T10:04:13","guid":{"rendered":"http:\/\/localhost\/nuss\/?page_id=612"},"modified":"2025-12-04T08:33:13","modified_gmt":"2025-12-04T08:33:13","slug":"restaurant","status":"publish","type":"page","link":"https:\/\/amixhotel.com\/fr\/restaurant\/","title":{"rendered":"Restaurant"},"content":{"rendered":"<div data-elementor-type=\"wp-page\" data-elementor-id=\"612\" class=\"elementor elementor-612\">\n\t\t\t\t\t\t<section class=\"elementor-section elementor-top-section elementor-element elementor-element-e2effe8 elementor-section-boxed elementor-section-gap-beside-yes elementor-section-height-default elementor-section-height-default elementor-section-column-vertical-align-stretch\" data-id=\"e2effe8\" data-element_type=\"section\" data-e-type=\"section\">\n\t\t\t\t\t\t<div class=\"elementor-container elementor-column-gap-extended\">\n\t\t\t\t\t<div class=\"elementor-column elementor-col-100 elementor-top-column elementor-element elementor-element-e18f688\" data-id=\"e18f688\" data-element_type=\"column\" data-e-type=\"column\">\n\t\t\t<div class=\"elementor-widget-wrap elementor-element-populated\">\n\t\t\t\t\t\t<div class=\"elementor-element elementor-element-6db146d elementor-widget__width-initial elementor-invisible elementor-widget elementor-widget-text-editor\" data-id=\"6db146d\" data-element_type=\"widget\" data-e-type=\"widget\" data-settings=\"{&quot;_animation&quot;:&quot;nussFadeInUp&quot;}\" data-widget_type=\"text-editor.default\">\n\t\t\t\t\t\t\t\t\t<p data-spm-anchor-id=\"a2ty_o01.29997173.0.i53.6b1bc921y7R8ee\"><strong>H\u00f4tel Restaurant Amix <\/strong> \u2013 L\u00e0 o\u00f9 la tradition locale rencontre le go\u00fbt mondial.<\/p>\t\t\t\t\t\t\t\t<\/div>\n\t\t\t\t\t<\/div>\n\t\t<\/div>\n\t\t\t\t\t<\/div>\n\t\t<\/section>\n\t\t<div class=\"elementor-element elementor-element-d89fcaa e-flex e-con-boxed e-con e-parent\" data-id=\"d89fcaa\" data-element_type=\"container\" data-e-type=\"container\">\n\t\t\t\t\t<div class=\"e-con-inner\">\n\t\t\t\t<div class=\"elementor-element elementor-element-e8ebd5d elementor-widget elementor-widget-text-editor\" data-id=\"e8ebd5d\" data-element_type=\"widget\" data-e-type=\"widget\" data-widget_type=\"text-editor.default\">\n\t\t\t\t\t\t\t\t\t<p>Situ\u00e9 dans un quartier \u00e9l\u00e9gant et id\u00e9alement situ\u00e9 <strong>H\u00f4tel Amix <\/strong> \u00e0 <strong>143 West Pengliuyang Road, district de Wuchang, Wuhan, Hubei, Chine <\/strong>, notre restaurant sur place est un joyau culinaire qui allie les riches traditions de <strong>La cuisine du Hubei <\/strong> avec la familiarit\u00e9 r\u00e9confortante de <strong>saveurs internationales <\/strong>Que vous soyez un client de l&#039;h\u00f4tel, un amateur de cuisine locale ou un voyageur souhaitant d\u00e9couvrir le go\u00fbt authentique de la Chine centrale, notre restaurant offre une atmosph\u00e8re chaleureuse et accueillante et un menu con\u00e7u pour ravir tous les palais.<\/p><p>D\u00e8s votre entr\u00e9e, vous serez accueilli par l&#039;ar\u00f4me invitant des plats fra\u00eechement pr\u00e9par\u00e9s, l&#039;ambiance apaisante et le service attentionn\u00e9 qui d\u00e9finit le <strong>Exp\u00e9rience de l&#039;h\u00f4tel Amix <\/strong>Notre restaurant est plus qu&#039;un simple endroit o\u00f9 manger : c&#039;est une destination o\u00f9 les clients viennent se d\u00e9tendre, se connecter et profiter du meilleur de ce que Wuhan a \u00e0 offrir.<\/p><p>Au c\u0153ur de notre philosophie culinaire se trouve un engagement envers <strong>ingr\u00e9dients frais et de haute qualit\u00e9 <\/strong> et <strong>techniques de pr\u00e9paration authentiques <\/strong>Nos chefs apportent des d\u00e9cennies d&#039;exp\u00e9rience et de passion \u00e0 la cuisine, cr\u00e9ant un menu qui met en valeur les saveurs audacieuses et savoureuses de <strong>province du Hubei <\/strong>, y compris des plats signatures comme <strong>poisson cuit \u00e0 la vapeur du lac Dongting <\/strong>, <strong>Nouilles s\u00e8ches chaudes \u00e0 la Wuhan <\/strong>, et <strong>porc brais\u00e9 \u00e9pic\u00e9 \u00e0 la Hunan <\/strong>Pour ceux qui recherchent quelque chose de plus inspir\u00e9 du monde, nous proposons \u00e9galement une s\u00e9lection de <strong>Favoris occidentaux <\/strong>, y compris des viandes grill\u00e9es, des p\u00e2tes et des salades fra\u00eeches, garantissant qu&#039;il y en a pour tous les go\u00fbts.<\/p><p>Le restaurant est ouvert tous les jours pour <strong>petit-d\u00e9jeuner, d\u00e9jeuner et d\u00eener <\/strong>, avec notre <strong>buffet du matin <\/strong> particuli\u00e8rement appr\u00e9ci\u00e9 des voyageurs d&#039;affaires et des premiers explorateurs de Wuhan. Pr\u00e9sentant \u00e0 la fois <strong>plats traditionnels du petit-d\u00e9jeuner chinois <\/strong> comme le congee, le dim sum et le lait de soja, ainsi que <strong>options continentales <\/strong> comme des \u0153ufs, du pain grill\u00e9 et des fruits frais, c&#039;est le moyen id\u00e9al pour commencer votre journ\u00e9e plein d&#039;\u00e9nergie et pr\u00eat pour l&#039;aventure.<\/p><p data-spm-anchor-id=\"a2ty_o01.29997173.0.i51.6b1bc921y7R8ee\">\u00a0<\/p>\t\t\t\t\t\t\t\t<\/div>\n\t\t\t\t\t<\/div>\n\t\t\t\t<\/div>\n\t\t<div class=\"elementor-element elementor-element-767d0af e-flex e-con-boxed e-con e-parent\" data-id=\"767d0af\" data-element_type=\"container\" data-e-type=\"container\">\n\t\t\t\t\t<div class=\"e-con-inner\">\n\t\t\t\t<div class=\"elementor-element elementor-element-e8a8ab2 elementor-widget elementor-widget-nuss-image-gallery\" data-id=\"e8a8ab2\" data-element_type=\"widget\" data-e-type=\"widget\" data-widget_type=\"nuss-image-gallery.default\">\n\t\t\t\t<div class=\"elementor-widget-container\">\n\t\t\t\t\t\t\t<div class=\"nuss-grid-wrapper\" data-grid=\"{&quot;type&quot;:&quot;grid&quot;,&quot;ratio&quot;:null,&quot;columns&quot;:3,&quot;gutter&quot;:30}\">\r\n\t\t\t<div class=\"nuss-grid lazy-grid\">\r\n\t\t\t\t<div class=\"grid-sizer\"><\/div>\r\n\r\n\t\t\t\t\t\t\t\t\t\t\t\t<div class=\"grid-item\">\r\n\t\t\t\t\t\t<div class=\"nuss-box\">\t\t<div class=\"nuss-image image\">\r\n\t\t\t<img decoding=\"async\"  src=\"https:\/\/amixhotel.com\/wp-content\/uploads\/2025\/07\/amix-hotel-wuhan-35.webp\" alt=\"h\u00f4tel amix wuhan (35)\" \/>\t\t<\/div>\r\n\t\t\t\t<\/div>\t\t\t\t\t<\/div>\r\n\t\t\t\t\t\t<div class=\"grid-item\">\r\n\t\t\t\t\t\t<div class=\"nuss-box\">\t\t<div class=\"nuss-image image\">\r\n\t\t\t<img decoding=\"async\"  src=\"https:\/\/amixhotel.com\/wp-content\/uploads\/2025\/07\/amix-hotel-wuhan-46.webp\" alt=\"h\u00f4tel amix wuhan (46)\" \/>\t\t<\/div>\r\n\t\t\t\t<\/div>\t\t\t\t\t<\/div>\r\n\t\t\t\t\t\t<div class=\"grid-item\">\r\n\t\t\t\t\t\t<div class=\"nuss-box\">\t\t<div class=\"nuss-image image\">\r\n\t\t\t<img decoding=\"async\"  src=\"https:\/\/amixhotel.com\/wp-content\/uploads\/2025\/07\/amix-hotel-wuhan-47.webp\" alt=\"H\u00f4tel Amix Wuhan (47)\" \/>\t\t<\/div>\r\n\t\t\t\t<\/div>\t\t\t\t\t<\/div>\r\n\t\t\t\t\t\t<div class=\"grid-item\">\r\n\t\t\t\t\t\t<div class=\"nuss-box\">\t\t<div class=\"nuss-image image\">\r\n\t\t\t<img decoding=\"async\"  src=\"https:\/\/amixhotel.com\/wp-content\/uploads\/2025\/07\/amix-hotel-wuhan-52.webp\" alt=\"H\u00f4tel Amix Wuhan (52)\" \/>\t\t<\/div>\r\n\t\t\t\t<\/div>\t\t\t\t\t<\/div>\r\n\t\t\t\t\t\t<div class=\"grid-item\">\r\n\t\t\t\t\t\t<div class=\"nuss-box\">\t\t<div class=\"nuss-image image\">\r\n\t\t\t<img decoding=\"async\"  src=\"https:\/\/amixhotel.com\/wp-content\/uploads\/2025\/07\/amix-hotel-home.jpg\" alt=\"maison d&#039;h\u00f4tel amix\" \/>\t\t<\/div>\r\n\t\t\t\t<\/div>\t\t\t\t\t<\/div>\r\n\t\t\t\t\t\t<div class=\"grid-item\">\r\n\t\t\t\t\t\t<div class=\"nuss-box\">\t\t<div class=\"nuss-image image\">\r\n\t\t\t<img decoding=\"async\"  src=\"https:\/\/amixhotel.com\/wp-content\/uploads\/2025\/07\/amix-hotel-wuhan-28.webp\" alt=\"H\u00f4tel Amix Wuhan (28)\" \/>\t\t<\/div>\r\n\t\t\t\t<\/div>\t\t\t\t\t<\/div>\r\n\t\t\t\t\t\t<div class=\"grid-item\">\r\n\t\t\t\t\t\t<div class=\"nuss-box\">\t\t<div class=\"nuss-image image\">\r\n\t\t\t<img decoding=\"async\"  src=\"https:\/\/amixhotel.com\/wp-content\/uploads\/2025\/07\/amix-hotel-wuhan-51.webp\" alt=\"H\u00f4tel Amix Wuhan (51)\" \/>\t\t<\/div>\r\n\t\t\t\t<\/div>\t\t\t\t\t<\/div>\r\n\t\t\t\t\t\t<div class=\"grid-item\">\r\n\t\t\t\t\t\t<div class=\"nuss-box\">\t\t<div class=\"nuss-image image\">\r\n\t\t\t<img decoding=\"async\"  src=\"https:\/\/amixhotel.com\/wp-content\/uploads\/2025\/07\/amix-hotel-wuhan-29.webp\" alt=\"H\u00f4tel Amix Wuhan (29)\" \/>\t\t<\/div>\r\n\t\t\t\t<\/div>\t\t\t\t\t<\/div>\r\n\t\t\t\t\t\t<div class=\"grid-item\">\r\n\t\t\t\t\t\t<div class=\"nuss-box\">\t\t<div class=\"nuss-image image\">\r\n\t\t\t<img decoding=\"async\"  src=\"https:\/\/amixhotel.com\/wp-content\/uploads\/2025\/07\/amix-hotel-wuhan-27.webp\" alt=\"H\u00f4tel Amix Wuhan (27)\" \/>\t\t<\/div>\r\n\t\t\t\t<\/div>\t\t\t\t\t<\/div>\r\n\t\t\t\t\t\t<div class=\"grid-item\">\r\n\t\t\t\t\t\t<div class=\"nuss-box\">\t\t<div class=\"nuss-image image\">\r\n\t\t\t<img decoding=\"async\"  src=\"https:\/\/amixhotel.com\/wp-content\/uploads\/2025\/07\/amix-hotel-wuhan-26.webp\" alt=\"H\u00f4tel Amix Wuhan (26)\" \/>\t\t<\/div>\r\n\t\t\t\t<\/div>\t\t\t\t\t<\/div>\r\n\t\t\t\t\t\t<div class=\"grid-item\">\r\n\t\t\t\t\t\t<div class=\"nuss-box\">\t\t<div class=\"nuss-image image\">\r\n\t\t\t<img decoding=\"async\"  src=\"https:\/\/amixhotel.com\/wp-content\/uploads\/2025\/07\/amix-hotel-wuhan-18.webp\" alt=\"H\u00f4tel Amix Wuhan (18)\" \/>\t\t<\/div>\r\n\t\t\t\t<\/div>\t\t\t\t\t<\/div>\r\n\t\t\t\t\t\t\t\r\n\t\t\t<\/div>\r\n\t\t<\/div>\r\n\t\t\t\t\t\t<\/div>\n\t\t\t\t<\/div>\n\t\t\t\t\t<\/div>\n\t\t\t\t<\/div>\n\t\t<div class=\"elementor-element elementor-element-958b77d e-flex e-con-boxed e-con e-parent\" data-id=\"958b77d\" data-element_type=\"container\" data-e-type=\"container\">\n\t\t\t\t\t<div class=\"e-con-inner\">\n\t\t\t\t<div class=\"elementor-element elementor-element-72ef609 elementor-widget elementor-widget-text-editor\" data-id=\"72ef609\" data-element_type=\"widget\" data-e-type=\"widget\" data-widget_type=\"text-editor.default\">\n\t\t\t\t\t\t\t\t\t<p>La d\u00e9coration int\u00e9rieure du restaurant refl\u00e8te la m\u00eame esth\u00e9tique moderne et accueillante que l&#039;on retrouve partout <strong>H\u00f4tel Amix <\/strong>, alliant finitions \u00e9l\u00e9gantes, \u00e9clairage chaleureux et si\u00e8ges confortables. Que vous nous rejoigniez pour un d\u00eener tranquille apr\u00e8s une longue journ\u00e9e de r\u00e9unions ou pour un repas d\u00e9contract\u00e9 entre amis ou coll\u00e8gues, notre restaurant offre un cadre relaxant qui s&#039;adapte \u00e0 toutes les occasions.<\/p><p>En plus de notre exp\u00e9rience de restauration sur place, nous proposons \u00e9galement <strong>service de chambre <\/strong>, <strong>emporter <\/strong>, et <strong>options de restauration personnalis\u00e9es <\/strong> Pour les petits \u00e9v\u00e9nements ou r\u00e9ceptions d&#039;entreprise organis\u00e9s \u00e0 l&#039;h\u00f4tel, notre \u00e9quipe se fera un plaisir de r\u00e9pondre \u00e0 vos pr\u00e9f\u00e9rences alimentaires et demandes sp\u00e9ciales afin de vous garantir un repas des plus agr\u00e9ables.<\/p><p>Id\u00e9alement situ\u00e9 dans le <strong>District de Wuchang <\/strong>Notre restaurant est non seulement un point fort de l&#039;h\u00f4tel, mais aussi un choix populaire aupr\u00e8s des locaux comme des visiteurs. Que vous ayez envie de d\u00e9guster <strong>cuisine locale de Wuhan <\/strong> ou un plat international r\u00e9confortant, notre restaurant \u00e0 <strong>H\u00f4tel Amix <\/strong> promet une exp\u00e9rience culinaire \u00e0 la fois satisfaisante et m\u00e9morable.<\/p><p data-spm-anchor-id=\"a2ty_o01.29997173.0.i51.6b1bc921y7R8ee\">Venez d\u00e9couvrir pourquoi notre restaurant est plus qu&#039;un simple repas : c&#039;est une c\u00e9l\u00e9bration de la culture, de la saveur et de l&#039;hospitalit\u00e9 au c\u0153ur de Wuhan.<\/p>\t\t\t\t\t\t\t\t<\/div>\n\t\t\t\t\t<\/div>\n\t\t\t\t<\/div>\n\t\t\t\t<\/div>","protected":false},"excerpt":{"rendered":"<p>Amix Hotel Restaurant \u2013 Where Local Tradition Meets Global Taste. Located within the stylish and conveniently situated Amix Hotel at 143 West Pengliuyang Road, Wuchang District, Wuhan, Hubei, China , our on-site restaurant is a culinary gem that blends the rich traditions of Hubei cuisine with the comforting familiarity of international flavors . Whether you&#8217;re [&hellip;]<\/p>\n","protected":false},"author":1,"featured_media":0,"parent":0,"menu_order":0,"comment_status":"closed","ping_status":"closed","template":"","meta":{"footnotes":""},"class_list":["post-612","page","type-page","status-publish","hentry","post-no-thumbnail"],"_links":{"self":[{"href":"https:\/\/amixhotel.com\/fr\/wp-json\/wp\/v2\/pages\/612","targetHints":{"allow":["GET"]}}],"collection":[{"href":"https:\/\/amixhotel.com\/fr\/wp-json\/wp\/v2\/pages"}],"about":[{"href":"https:\/\/amixhotel.com\/fr\/wp-json\/wp\/v2\/types\/page"}],"author":[{"embeddable":true,"href":"https:\/\/amixhotel.com\/fr\/wp-json\/wp\/v2\/users\/1"}],"replies":[{"embeddable":true,"href":"https:\/\/amixhotel.com\/fr\/wp-json\/wp\/v2\/comments?post=612"}],"version-history":[{"count":0,"href":"https:\/\/amixhotel.com\/fr\/wp-json\/wp\/v2\/pages\/612\/revisions"}],"wp:attachment":[{"href":"https:\/\/amixhotel.com\/fr\/wp-json\/wp\/v2\/media?parent=612"}],"curies":[{"name":"wp","href":"https:\/\/api.w.org\/{rel}","templated":true}]}}