{"id":647,"date":"2021-03-29T02:13:52","date_gmt":"2021-03-29T02:13:52","guid":{"rendered":"http:\/\/localhost\/nuss\/?page_id=647"},"modified":"2025-12-04T08:33:23","modified_gmt":"2025-12-04T08:33:23","slug":"services","status":"publish","type":"page","link":"https:\/\/amixhotel.com\/fr\/services\/","title":{"rendered":"Services"},"content":{"rendered":"<div data-elementor-type=\"wp-page\" data-elementor-id=\"647\" class=\"elementor elementor-647\">\n\t\t\t\t\t\t<section class=\"elementor-section elementor-top-section elementor-element elementor-element-3353bc8 elementor-section-boxed elementor-section-gap-beside-yes elementor-section-height-default elementor-section-height-default elementor-section-column-vertical-align-stretch\" data-id=\"3353bc8\" data-element_type=\"section\" data-e-type=\"section\">\n\t\t\t\t\t\t<div class=\"elementor-container elementor-column-gap-extended\">\n\t\t\t\t\t<div class=\"elementor-column elementor-col-100 elementor-top-column elementor-element elementor-element-0a2bc64\" data-id=\"0a2bc64\" data-element_type=\"column\" data-e-type=\"column\">\n\t\t\t<div class=\"elementor-widget-wrap elementor-element-populated\">\n\t\t\t\t\t\t<div class=\"elementor-element elementor-element-447e3ef elementor-widget__width-initial elementor-invisible elementor-widget elementor-widget-text-editor\" data-id=\"447e3ef\" data-element_type=\"widget\" data-e-type=\"widget\" data-settings=\"{&quot;_animation&quot;:&quot;nussFadeInUp&quot;}\" data-widget_type=\"text-editor.default\">\n\t\t\t\t\t\t\t\t\t<p data-spm-anchor-id=\"a2ty_o01.29997173.0.i58.6b1bc921y7R8ee\"><strong data-spm-anchor-id=\"a2ty_o01.29997173.0.i59.6b1bc921y7R8ee\">Votre s\u00e9jour, parfait \u2013 Uniquement \u00e0 l\u2019h\u00f4tel Amix. <\/strong><\/p>\t\t\t\t\t\t\t\t<\/div>\n\t\t\t\t\t<\/div>\n\t\t<\/div>\n\t\t\t\t\t<\/div>\n\t\t<\/section>\n\t\t<div class=\"elementor-element elementor-element-22d067d e-flex e-con-boxed e-con e-parent\" data-id=\"22d067d\" data-element_type=\"container\" data-e-type=\"container\">\n\t\t\t\t\t<div class=\"e-con-inner\">\n\t\t\t\t<div class=\"elementor-element elementor-element-aacc9cd elementor-widget elementor-widget-text-editor\" data-id=\"aacc9cd\" data-element_type=\"widget\" data-e-type=\"widget\" data-widget_type=\"text-editor.default\">\n\t\t\t\t\t\t\t\t\t<p data-spm-anchor-id=\"a2ty_o01.29997173.0.i57.6b1bc921y7R8ee\">\u00c0 <strong>H\u00f4tel Amix <\/strong>, nich\u00e9 au c\u0153ur vibrant de <strong>District de Wuchang, Wuhan <\/strong>, nous pensons qu&#039;un service exceptionnel est la pierre angulaire d&#039;un s\u00e9jour vraiment m\u00e9morable. Situ\u00e9 \u00e0 <strong>143, route de Pengliuyang Ouest <\/strong>, notre h\u00f4tel offre plus qu&#039;un simple endroit o\u00f9 reposer votre t\u00eate : nous proposons une gamme compl\u00e8te de <strong>des services et des \u00e9quipements soigneusement con\u00e7us <\/strong> Con\u00e7u pour r\u00e9pondre aux besoins des voyageurs d&#039;agr\u00e9ment et d&#039;affaires.<\/p><p>D\u00e8s votre arriv\u00e9e, notre objectif est de vous assurer un s\u00e9jour agr\u00e9able et personnalis\u00e9 \u00e0 chaque \u00e9tape. Que vous soyez \u00e0 Wuhan pour le travail ou pour le plaisir, notre \u00e9quipe s&#039;engage \u00e0 vous offrir un s\u00e9jour inoubliable. <strong>un haut niveau d&#039;hospitalit\u00e9 <\/strong> qui refl\u00e8te la chaleur et le dynamisme de cette ville dynamique.<\/p><h3>\ud83d\udecf\ufe0f Services d&#039;h\u00e9bergement ax\u00e9s sur le confort<\/h3><p>Chacune de nos chambres et suites \u00e9l\u00e9gamment am\u00e9nag\u00e9es est con\u00e7ue pour votre confort et votre commodit\u00e9. <strong>postes de travail ergonomiques <\/strong>, <strong>literie en peluche <\/strong>, <strong>fen\u00eatres insonoris\u00e9es <\/strong>, <strong>syst\u00e8mes de climatisation <\/strong>, et <strong>Wi-Fi haut d\u00e9bit gratuit <\/strong>Nos salles sont id\u00e9ales pour la d\u00e9tente et la productivit\u00e9. Nous proposons \u00e9galement <strong>Service de chambre 24h\/24 <\/strong>, <strong>m\u00e9nage quotidien <\/strong>, et <strong>services de blanchisserie et de nettoyage \u00e0 sec <\/strong>, afin que vous puissiez vous concentrer sur ce qui compte le plus, qu&#039;il s&#039;agisse de pr\u00e9parer une grande r\u00e9union ou simplement de vous d\u00e9tendre apr\u00e8s une journ\u00e9e d&#039;exploration de Wuhan.<\/p><h3>\ud83c\udf7d\ufe0f Excellence culinaire dans notre restaurant sur place<\/h3><p>Notre restaurant sur place sert de centre culinaire o\u00f9 les clients peuvent savourer le meilleur de <strong>cuisine locale du Hubei <\/strong> \u00e0 c\u00f4t\u00e9 d&#039;une s\u00e9lection de <strong>plats internationaux <\/strong>Ouvert pour le petit-d\u00e9jeuner, le d\u00e9jeuner et le d\u00eener, le restaurant propose un <strong>options de buffet et \u00e0 la carte <\/strong>, tous pr\u00e9par\u00e9s avec des ingr\u00e9dients frais et locaux. Que vous souhaitiez commencer la journ\u00e9e en beaut\u00e9 ou terminer la journ\u00e9e par un savoureux d\u00eener, notre \u00e9quipe de restauration vous garantit une exp\u00e9rience qui ravira vos sens et satisfera toutes vos envies.<\/p><h3>\ud83d\udcbc Services d&#039;affaires et d&#039;\u00e9v\u00e9nements pour les professionnels modernes<\/h3><p>Pour les voyageurs d&#039;affaires, l&#039;h\u00f4tel Amix est \u00e9quip\u00e9 d&#039;un <strong>Centre d&#039;affaires ouvert 24h\/24 <\/strong>, offrant <strong>impression, num\u00e9risation, t\u00e9l\u00e9copie <\/strong>, et <strong>acc\u00e8s Internet haut d\u00e9bit <\/strong>. Notre <strong>salles de r\u00e9union et de conf\u00e9rence <\/strong> sont \u00e9quip\u00e9s de <strong>\u00c9crans HD, projecteurs, insonorisation et climatisation <\/strong>, ce qui les rend id\u00e9ales pour les \u00e9v\u00e9nements d&#039;entreprise, les pr\u00e9sentations ou les sessions de formation de petite et moyenne envergure. Nous proposons \u00e9galement <strong>services de restauration personnalis\u00e9s <\/strong> et <strong>support multilingue <\/strong> pour garantir que votre \u00e9v\u00e9nement se d\u00e9roule sans probl\u00e8me du d\u00e9but \u00e0 la fin.<\/p><h3>\ud83e\uddf3 Services d&#039;assistance aux clients con\u00e7us pour la commodit\u00e9<\/h3><p>Nous comprenons que les voyages peuvent parfois s&#039;accompagner de difficult\u00e9s inattendues. C&#039;est pourquoi notre r\u00e9ception est ouverte <strong>24\/7 <\/strong>, compos\u00e9 de professionnels multilingues pr\u00eats \u00e0 vous aider dans tous vos projets, depuis <strong>services de conciergerie <\/strong> et <strong>r\u00e9servations de circuits <\/strong>, \u00e0 <strong>arrangements de taxi <\/strong> et <strong>recommandations de transport a\u00e9roportuaire <\/strong>Besoin d&#039;aide pour vos bagages ? Notre <strong>service de bagagiste <\/strong> est toujours disponible. Vous cherchez les meilleurs endroits pour manger, faire du shopping ou explorer les environs\u00a0? Notre \u00e9quipe se fera un plaisir de vous orienter.<\/p><p>Nous proposons \u00e9galement <strong>parking s\u00e9curis\u00e9 sur place <\/strong>, <strong>change de devises <\/strong>, <strong>kiosques d&#039;information touristique <\/strong>, et <strong>consigne \u00e0 bagages gratuite <\/strong> avant l&#039;enregistrement ou apr\u00e8s le d\u00e9part, garantissant que votre voyage \u00e0 travers Wuhan soit le moins stressant possible.<\/p><h3>\ud83e\uddf9 Propret\u00e9 et s\u00e9curit\u00e9 : notre priorit\u00e9 absolue<\/h3><p>Dans le monde d&#039;aujourd&#039;hui, l&#039;hygi\u00e8ne et la s\u00e9curit\u00e9 sont plus importantes que jamais. \u00c0 l&#039;h\u00f4tel Amix, nous maintenons <strong>protocoles de propret\u00e9 stricts <\/strong>, y compris <strong>d\u00e9sinfection quotidienne des espaces publics <\/strong>, <strong>chambres d&#039;h\u00f4tes d\u00e9sinfect\u00e9es <\/strong>, et <strong>options d&#039;enregistrement\/de d\u00e9part sans contact <\/strong> sur demande. Des d\u00e9sinfectants pour les mains sont disponibles dans tout l&#039;\u00e9tablissement et notre personnel suit r\u00e9guli\u00e8rement des formations en mati\u00e8re de sant\u00e9 et de s\u00e9curit\u00e9 pour assurer votre tranquillit\u00e9 d&#039;esprit pendant votre s\u00e9jour.<\/p><h3>\ud83c\udf10 Exp\u00e9rience client ax\u00e9e sur la technologie<\/h3><p>Nous utilisons les technologies modernes pour am\u00e9liorer votre s\u00e9jour. <strong>commandes de pi\u00e8ce intelligentes <\/strong> et <strong>services mobiles int\u00e9gr\u00e9s <\/strong> \u00e0 <strong>connectivit\u00e9 Internet rapide et stable <\/strong> Dans tout l&#039;h\u00f4tel, nous veillons \u00e0 ce que vous restiez connect\u00e9, productif et diverti tout au long de votre s\u00e9jour. Que vous participiez \u00e0 une r\u00e9union virtuelle, regardiez votre \u00e9mission pr\u00e9f\u00e9r\u00e9e en streaming ou partagiez des souvenirs avec vos proches rest\u00e9s chez vous, notre infrastructure technologique s&#039;adapte parfaitement \u00e0 votre vie num\u00e9rique.<\/p><h3>\ud83c\udf89 Des services sp\u00e9cialis\u00e9s pour chaque occasion<\/h3><p>Que vous voyagiez seul, en famille ou en groupe, nos services s&#039;adaptent \u00e0 vos besoins sp\u00e9cifiques. Les familles appr\u00e9cient notre service. <strong>\u00e9quipements adapt\u00e9s aux enfants <\/strong>, y compris <strong>berceaux, menus adapt\u00e9s aux enfants <\/strong>, et <strong>options de literie suppl\u00e9mentaires <\/strong>Les voyageurs solitaires appr\u00e9cient le <strong>s\u00e9curit\u00e9 et commodit\u00e9 <\/strong> de nos services 24h\/24 et 7j\/7 et de notre atmosph\u00e8re chaleureuse. Et pour ceux qui c\u00e9l\u00e8brent des occasions sp\u00e9ciales, nous proposons <strong>configurations de chambres personnalis\u00e9es <\/strong>, <strong>compositions florales <\/strong>, et <strong>repas de f\u00eate <\/strong> \u00e0 la demande.<\/p><div class=\"py-2 my-3\"><hr \/><\/div><p>\u00c0 <strong>H\u00f4tel Amix <\/strong>Nos services vont au-del\u00e0 des attentes. Nous nous effor\u00e7ons de cr\u00e9er une <strong>une exp\u00e9rience v\u00e9ritablement personnalis\u00e9e <\/strong> Pour que vous vous sentiez valoris\u00e9, pris en charge et inspir\u00e9 pendant votre s\u00e9jour \u00e0 Wuhan. Que vous soyez ici pour une courte escale ou un s\u00e9jour prolong\u00e9, laissez-nous \u00eatre votre partenaire de confiance pour rendre votre voyage inoubliable.<\/p><p data-spm-anchor-id=\"a2ty_o01.29997173.0.i56.6b1bc921y7R8ee\">Venez d\u00e9couvrir comment notre <strong>services d\u00e9di\u00e9s, attention aux d\u00e9tails et hospitalit\u00e9 authentique <\/strong> sublimez votre s\u00e9jour au c\u0153ur de <strong>District de Wuchang <\/strong>\u00c0 l&#039;h\u00f4tel Amix, nous n&#039;accueillons pas seulement nos clients, nous veillons \u00e0 ce qu&#039;ils repartent en se sentant comme des amis.<\/p>\t\t\t\t\t\t\t\t<\/div>\n\t\t\t\t\t<\/div>\n\t\t\t\t<\/div>\n\t\t\t\t<\/div>","protected":false},"excerpt":{"rendered":"<p>Your Stay, Perfected \u2013 Only at Amix Hotel. At Amix Hotel , nestled in the vibrant heart of Wuchang District, Wuhan , we believe that exceptional service is the cornerstone of a truly memorable stay. Located at 143 West Pengliuyang Road , our hotel offers more than just a place to rest your head\u2014we provide [&hellip;]<\/p>\n","protected":false},"author":1,"featured_media":0,"parent":0,"menu_order":0,"comment_status":"closed","ping_status":"closed","template":"","meta":{"footnotes":""},"class_list":["post-647","page","type-page","status-publish","hentry","post-no-thumbnail"],"_links":{"self":[{"href":"https:\/\/amixhotel.com\/fr\/wp-json\/wp\/v2\/pages\/647","targetHints":{"allow":["GET"]}}],"collection":[{"href":"https:\/\/amixhotel.com\/fr\/wp-json\/wp\/v2\/pages"}],"about":[{"href":"https:\/\/amixhotel.com\/fr\/wp-json\/wp\/v2\/types\/page"}],"author":[{"embeddable":true,"href":"https:\/\/amixhotel.com\/fr\/wp-json\/wp\/v2\/users\/1"}],"replies":[{"embeddable":true,"href":"https:\/\/amixhotel.com\/fr\/wp-json\/wp\/v2\/comments?post=647"}],"version-history":[{"count":0,"href":"https:\/\/amixhotel.com\/fr\/wp-json\/wp\/v2\/pages\/647\/revisions"}],"wp:attachment":[{"href":"https:\/\/amixhotel.com\/fr\/wp-json\/wp\/v2\/media?parent=647"}],"curies":[{"name":"wp","href":"https:\/\/api.w.org\/{rel}","templated":true}]}}