{"id":2104,"date":"2021-03-23T09:33:48","date_gmt":"2021-03-23T09:33:48","guid":{"rendered":"http:\/\/localhost\/nuss\/?page_id=167"},"modified":"2025-07-16T15:41:37","modified_gmt":"2025-07-16T15:41:37","slug":"la-nostra-storia","status":"publish","type":"page","link":"https:\/\/amixhotel.com\/it\/our-story\/","title":{"rendered":"La nostra storia"},"content":{"rendered":"<div data-elementor-type=\"wp-page\" data-elementor-id=\"2104\" class=\"elementor elementor-2104\">\n\t\t\t\t\t\t<section class=\"elementor-section elementor-top-section elementor-element elementor-element-8f5bb9d elementor-section-boxed elementor-section-gap-beside-yes elementor-section-height-default elementor-section-height-default elementor-section-column-vertical-align-stretch\" data-id=\"8f5bb9d\" data-element_type=\"section\" data-e-type=\"section\">\n\t\t\t\t\t\t<div class=\"elementor-container elementor-column-gap-extended\">\n\t\t\t\t\t<div class=\"elementor-column elementor-col-100 elementor-top-column elementor-element elementor-element-7ec4215\" data-id=\"7ec4215\" data-element_type=\"column\" data-e-type=\"column\">\n\t\t\t<div class=\"elementor-widget-wrap elementor-element-populated\">\n\t\t\t\t\t\t<div class=\"elementor-element elementor-element-edd9d03 elementor-widget__width-initial elementor-invisible elementor-widget elementor-widget-text-editor\" data-id=\"edd9d03\" data-element_type=\"widget\" data-e-type=\"widget\" data-settings=\"{&quot;_animation&quot;:&quot;nussFadeInUp&quot;}\" data-widget_type=\"text-editor.default\">\n\t\t\t\t\t\t\t\t\t<p><strong data-spm-anchor-id=\"a2ty_o01.29997173.0.i42.6b1bc921y7R8ee\">Benvenuti all&#039;Amix Hotel, dove ogni soggiorno racconta una storia. <\/strong><\/p>\t\t\t\t\t\t\t\t<\/div>\n\t\t\t\t\t<\/div>\n\t\t<\/div>\n\t\t\t\t\t<\/div>\n\t\t<\/section>\n\t\t<div class=\"elementor-element elementor-element-b3b69e3 e-flex e-con-boxed e-con e-parent\" data-id=\"b3b69e3\" data-element_type=\"container\" data-e-type=\"container\">\n\t\t\t\t\t<div class=\"e-con-inner\">\n\t\t\t\t<div class=\"elementor-element elementor-element-9e1e6b8 elementor-widget elementor-widget-text-editor\" data-id=\"9e1e6b8\" data-element_type=\"widget\" data-e-type=\"widget\" data-widget_type=\"text-editor.default\">\n\t\t\t\t\t\t\t\t\t<p data-spm-anchor-id=\"a2ty_o01.29997173.0.i46.6b1bc921y7R8ee\">Nel cuore del vivace distretto di Wuchang di Wuhan, incastonato lungo il tranquillo tratto di <strong>143 West Pengliuyang Road <\/strong>, si erge <strong>Hotel Amix <\/strong>\u2014un rifugio moderno dove il comfort incontra la cultura e l&#039;ospitalit\u00e0 \u00e8 pi\u00f9 di un semplice servizio. La nostra storia \u00e8 fatta di passione, determinazione e profondo impegno nel creare esperienze memorabili per ogni viaggiatore che varca la nostra soglia.<\/p><p>L&#039;Amix Hotel nasce dalla visione di ridefinire il modo in cui le persone vivono Wuhan. Wuhan, una delle citt\u00e0 pi\u00f9 ricche di storia ed economicamente pi\u00f9 vivaci della Cina, \u00e8 da tempo un crocevia di commercio, cultura e innovazione. Situato nel dinamico quartiere di <strong>Distretto di Wuchang <\/strong>, nota per le sue istituzioni accademiche, la bellezza paesaggistica e i collegamenti di trasporto strategici, il nostro hotel \u00e8 stato progettato per fungere da ponte tra il fiero patrimonio della citt\u00e0 e il suo futuro progressista.<\/p><p>Fin dall&#039;inizio, la nostra missione era chiara: offrire un <strong>rifugio confortevole, elegante e accogliente <\/strong> Per viaggiatori locali e internazionali, che siano in citt\u00e0 per lavoro, svago o semplicemente di passaggio. Abbiamo immaginato un hotel che non solo offrisse un servizio eccezionale e comfort moderni, ma che riflettesse anche il calore e lo spirito della gente di Wuhan.<\/p><p data-spm-anchor-id=\"a2ty_o01.29997173.0.i43.6b1bc921y7R8ee\">\u00a0<\/p>\t\t\t\t\t\t\t\t<\/div>\n\t\t\t\t\t<\/div>\n\t\t\t\t<\/div>\n\t\t<div class=\"elementor-element elementor-element-4532e29 e-flex e-con-boxed e-con e-parent\" data-id=\"4532e29\" data-element_type=\"container\" data-e-type=\"container\">\n\t\t\t\t\t<div class=\"e-con-inner\">\n\t\t\t\t<div class=\"elementor-element elementor-element-381e528 elementor-widget elementor-widget-nuss-image-gallery\" data-id=\"381e528\" data-element_type=\"widget\" data-e-type=\"widget\" data-widget_type=\"nuss-image-gallery.default\">\n\t\t\t\t<div class=\"elementor-widget-container\">\n\t\t\t\t\t\t\t<div class=\"nuss-grid-wrapper\" data-grid=\"{&quot;type&quot;:&quot;grid&quot;,&quot;ratio&quot;:null,&quot;columns&quot;:3,&quot;gutter&quot;:30}\">\r\n\t\t\t<div class=\"nuss-grid lazy-grid\">\r\n\t\t\t\t<div class=\"grid-sizer\"><\/div>\r\n\r\n\t\t\t\t\t\t\t\t\t\t\t\t<div class=\"grid-item\">\r\n\t\t\t\t\t\t<div class=\"nuss-box\">\t\t<div class=\"nuss-image image\">\r\n\t\t\t<img decoding=\"async\"  src=\"https:\/\/amixhotel.com\/wp-content\/uploads\/2025\/07\/amix-hotel-wuhan-1.webp\" alt=\"hotel amix wuhan (1)\" \/>\t\t<\/div>\r\n\t\t\t\t<\/div>\t\t\t\t\t<\/div>\r\n\t\t\t\t\t\t<div class=\"grid-item\">\r\n\t\t\t\t\t\t<div class=\"nuss-box\">\t\t<div class=\"nuss-image image\">\r\n\t\t\t<img decoding=\"async\"  src=\"https:\/\/amixhotel.com\/wp-content\/uploads\/2025\/07\/amix-hotel-wuhan-3.webp\" alt=\"hotel amix wuhan (3)\" \/>\t\t<\/div>\r\n\t\t\t\t<\/div>\t\t\t\t\t<\/div>\r\n\t\t\t\t\t\t<div class=\"grid-item\">\r\n\t\t\t\t\t\t<div class=\"nuss-box\">\t\t<div class=\"nuss-image image\">\r\n\t\t\t<img decoding=\"async\"  src=\"https:\/\/amixhotel.com\/wp-content\/uploads\/2025\/07\/amix-hotel-wuhan-59.webp\" alt=\"hotel amix wuhan (59)\" \/>\t\t<\/div>\r\n\t\t\t\t<\/div>\t\t\t\t\t<\/div>\r\n\t\t\t\t\t\t\t\r\n\t\t\t<\/div>\r\n\t\t<\/div>\r\n\t\t\t\t\t\t<\/div>\n\t\t\t\t<\/div>\n\t\t\t\t\t<\/div>\n\t\t\t\t<\/div>\n\t\t<div class=\"elementor-element elementor-element-5e75732 e-flex e-con-boxed e-con e-parent\" data-id=\"5e75732\" data-element_type=\"container\" data-e-type=\"container\">\n\t\t\t\t\t<div class=\"e-con-inner\">\n\t\t\t\t<div class=\"elementor-element elementor-element-32988ac elementor-widget elementor-widget-text-editor\" data-id=\"32988ac\" data-element_type=\"widget\" data-e-type=\"widget\" data-widget_type=\"text-editor.default\">\n\t\t\t\t\t\t\t\t\t<div class=\"my-2\">\u00a0<\/div><p>Ogni dettaglio dell&#039;Amix Hotel \u00e8 stato attentamente considerato per riflettere questa filosofia. Dal <strong>design contemporaneo delle nostre camere per gli ospiti <\/strong>, che fondono funzionalit\u00e0 ed estetica locale, al <strong>esperienze culinarie attentamente curate <\/strong> che introducono gli ospiti ai ricchi sapori della cucina dell&#039;Hubei, il nostro hotel \u00e8 uno specchio della citt\u00e0 in cui viviamo.<\/p><p>Nel corso degli anni, abbiamo accolto una vasta gamma di ospiti, dai professionisti aziendali che partecipano a conferenze nei fiorenti centri commerciali di Wuhan alle famiglie che esplorano la bellezza naturale di <strong>Area panoramica di East Lake <\/strong>e viaggiatori singoli desiderosi di scoprire il fascino della Cina Centrale. Con ogni ospite, abbiamo imparato, cresciuto e perfezionato il nostro approccio all&#039;ospitalit\u00e0, cercando sempre di superare le aspettative e rendere ogni soggiorno pi\u00f9 di un semplice posto dove dormire.<\/p><p>Uno dei valori fondamentali che definiscono <strong>Hotel Amix <\/strong> \u00e8 la nostra convinzione in <strong>comunit\u00e0 e connessione <\/strong>Abbiamo costruito solidi rapporti con aziende locali, artigiani e venditori di cibo per garantire che i nostri ospiti vivano l&#039;esperienza <strong>autentico spirito di Wuhan <\/strong> Durante il loro soggiorno. Che si tratti degli ingredienti locali del nostro ristorante o dei consigli personalizzati del nostro staff per esplorare la citt\u00e0, il nostro obiettivo \u00e8 rendere il vostro soggiorno a Wuhan davvero indimenticabile.<\/p>\t\t\t\t\t\t\t\t<\/div>\n\t\t\t\t\t<\/div>\n\t\t\t\t<\/div>\n\t\t<div class=\"elementor-element elementor-element-8e30b6c e-flex e-con-boxed e-con e-parent\" data-id=\"8e30b6c\" data-element_type=\"container\" data-e-type=\"container\">\n\t\t\t\t\t<div class=\"e-con-inner\">\n\t\t\t\t<div class=\"elementor-element elementor-element-f53c5fd elementor-widget elementor-widget-nuss-image-gallery\" data-id=\"f53c5fd\" data-element_type=\"widget\" data-e-type=\"widget\" data-widget_type=\"nuss-image-gallery.default\">\n\t\t\t\t<div class=\"elementor-widget-container\">\n\t\t\t\t\t\t\t<div class=\"nuss-grid-wrapper\" data-grid=\"{&quot;type&quot;:&quot;grid&quot;,&quot;ratio&quot;:null,&quot;columns&quot;:3,&quot;gutter&quot;:30}\">\r\n\t\t\t<div class=\"nuss-grid lazy-grid\">\r\n\t\t\t\t<div class=\"grid-sizer\"><\/div>\r\n\r\n\t\t\t\t\t\t\t\t\t\t\t\t<div class=\"grid-item\">\r\n\t\t\t\t\t\t<div class=\"nuss-box\">\t\t<div class=\"nuss-image image\">\r\n\t\t\t<img decoding=\"async\"  src=\"https:\/\/amixhotel.com\/wp-content\/uploads\/2025\/07\/amix-hotel-wuhan-41.webp\" alt=\"hotel amix wuhan (41)\" \/>\t\t<\/div>\r\n\t\t\t\t<\/div>\t\t\t\t\t<\/div>\r\n\t\t\t\t\t\t<div class=\"grid-item\">\r\n\t\t\t\t\t\t<div class=\"nuss-box\">\t\t<div class=\"nuss-image image\">\r\n\t\t\t<img decoding=\"async\"  src=\"https:\/\/amixhotel.com\/wp-content\/uploads\/2025\/07\/amix-hotel-wuhan-50.webp\" alt=\"hotel amix wuhan (50)\" \/>\t\t<\/div>\r\n\t\t\t\t<\/div>\t\t\t\t\t<\/div>\r\n\t\t\t\t\t\t<div class=\"grid-item\">\r\n\t\t\t\t\t\t<div class=\"nuss-box\">\t\t<div class=\"nuss-image image\">\r\n\t\t\t<img decoding=\"async\"  src=\"https:\/\/amixhotel.com\/wp-content\/uploads\/2025\/07\/amix-hotel-wuhan-64.webp\" alt=\"hotel amix wuhan (64)\" \/>\t\t<\/div>\r\n\t\t\t\t<\/div>\t\t\t\t\t<\/div>\r\n\t\t\t\t\t\t<div class=\"grid-item\">\r\n\t\t\t\t\t\t<div class=\"nuss-box\">\t\t<div class=\"nuss-image image\">\r\n\t\t\t<img decoding=\"async\"  src=\"https:\/\/amixhotel.com\/wp-content\/uploads\/2025\/07\/amix-hotel-wuhan-66.webp\" alt=\"hotel amix wuhan (66)\" \/>\t\t<\/div>\r\n\t\t\t\t<\/div>\t\t\t\t\t<\/div>\r\n\t\t\t\t\t\t<div class=\"grid-item\">\r\n\t\t\t\t\t\t<div class=\"nuss-box\">\t\t<div class=\"nuss-image image\">\r\n\t\t\t<img decoding=\"async\"  src=\"https:\/\/amixhotel.com\/wp-content\/uploads\/2025\/07\/amix-hotel-wuhan-62.webp\" alt=\"hotel amix wuhan (62)\" \/>\t\t<\/div>\r\n\t\t\t\t<\/div>\t\t\t\t\t<\/div>\r\n\t\t\t\t\t\t<div class=\"grid-item\">\r\n\t\t\t\t\t\t<div class=\"nuss-box\">\t\t<div class=\"nuss-image image\">\r\n\t\t\t<img decoding=\"async\"  src=\"https:\/\/amixhotel.com\/wp-content\/uploads\/2025\/07\/amix-hotel-wuhan-56.webp\" alt=\"hotel amix wuhan (56)\" \/>\t\t<\/div>\r\n\t\t\t\t<\/div>\t\t\t\t\t<\/div>\r\n\t\t\t\t\t\t\t\r\n\t\t\t<\/div>\r\n\t\t<\/div>\r\n\t\t\t\t\t\t<\/div>\n\t\t\t\t<\/div>\n\t\t\t\t\t<\/div>\n\t\t\t\t<\/div>\n\t\t<div class=\"elementor-element elementor-element-069b409 e-flex e-con-boxed e-con e-parent\" data-id=\"069b409\" data-element_type=\"container\" data-e-type=\"container\">\n\t\t\t\t\t<div class=\"e-con-inner\">\n\t\t\t\t<div class=\"elementor-element elementor-element-d868931 elementor-widget elementor-widget-text-editor\" data-id=\"d868931\" data-element_type=\"widget\" data-e-type=\"widget\" data-widget_type=\"text-editor.default\">\n\t\t\t\t\t\t\t\t\t<p>Mentre Wuhan continua a evolversi, lo stesso vale per l&#039;Amix Hotel. Rimaniamo impegnati nell&#039;innovazione, sia nel nostro <strong>iniziative eco-compatibili <\/strong>, Nostro <strong>servizi per gli ospiti basati sulla tecnologia <\/strong>, o il nostro <strong>protocolli di sicurezza e igiene migliorati <\/strong>\u2014garantendo di soddisfare le esigenze in continua evoluzione dei viaggiatori moderni, pur rimanendo fedeli alle nostre radici.<\/p><p>La nostra storia \u00e8 ancora in fase di scrittura, un ospite alla volta. E vi invitiamo a farne parte.<\/p><p data-spm-anchor-id=\"a2ty_o01.29997173.0.i43.6b1bc921y7R8ee\">A <strong>Hotel Amix <\/strong>, non offriamo solo un posto dove stare, offriamo un <strong>casa lontano da casa <\/strong>, UN <strong>punto di partenza per l&#039;esplorazione <\/strong>, e un <strong>promessa di un&#039;ospitalit\u00e0 eccezionale <\/strong>Vieni e vivi l&#039;esperienza in prima persona.<\/p>\t\t\t\t\t\t\t\t<\/div>\n\t\t\t\t\t<\/div>\n\t\t\t\t<\/div>\n\t\t\t\t<\/div>","protected":false},"excerpt":{"rendered":"<p>Welcome to Amix Hotel \u2013 where every stay tells a story. At the heart of Wuhan\u2019s bustling Wuchang District, nestled along the tranquil stretch of 143 West Pengliuyang Road , stands Amix Hotel \u2014a modern haven where comfort meets culture, and hospitality is more than just a service. Our story is one of passion, purpose, [&hellip;]<\/p>\n","protected":false},"author":1,"featured_media":0,"parent":0,"menu_order":0,"comment_status":"closed","ping_status":"closed","template":"elementor_header_footer","meta":{"footnotes":""},"class_list":["post-2104","page","type-page","status-publish","hentry","post-no-thumbnail"],"_links":{"self":[{"href":"https:\/\/amixhotel.com\/it\/wp-json\/wp\/v2\/pages\/2104","targetHints":{"allow":["GET"]}}],"collection":[{"href":"https:\/\/amixhotel.com\/it\/wp-json\/wp\/v2\/pages"}],"about":[{"href":"https:\/\/amixhotel.com\/it\/wp-json\/wp\/v2\/types\/page"}],"author":[{"embeddable":true,"href":"https:\/\/amixhotel.com\/it\/wp-json\/wp\/v2\/users\/1"}],"replies":[{"embeddable":true,"href":"https:\/\/amixhotel.com\/it\/wp-json\/wp\/v2\/comments?post=2104"}],"version-history":[{"count":0,"href":"https:\/\/amixhotel.com\/it\/wp-json\/wp\/v2\/pages\/2104\/revisions"}],"wp:attachment":[{"href":"https:\/\/amixhotel.com\/it\/wp-json\/wp\/v2\/media?parent=2104"}],"curies":[{"name":"wp","href":"https:\/\/api.w.org\/{rel}","templated":true}]}}