{"id":2109,"date":"2021-03-26T08:35:58","date_gmt":"2021-03-26T08:35:58","guid":{"rendered":"http:\/\/localhost\/nuss\/?page_id=536"},"modified":"2025-12-04T08:32:18","modified_gmt":"2025-12-04T08:32:18","slug":"strutture-aziendali","status":"publish","type":"page","link":"https:\/\/amixhotel.com\/it\/business-facilities\/","title":{"rendered":"Strutture aziendali"},"content":{"rendered":"<div data-elementor-type=\"wp-page\" data-elementor-id=\"2109\" class=\"elementor elementor-2109\">\n\t\t\t\t\t\t<section class=\"elementor-section elementor-top-section elementor-element elementor-element-bb2901b elementor-section-boxed elementor-section-gap-beside-yes elementor-section-height-default elementor-section-height-default elementor-section-column-vertical-align-stretch\" data-id=\"bb2901b\" data-element_type=\"section\" data-e-type=\"section\">\n\t\t\t\t\t\t<div class=\"elementor-container elementor-column-gap-extended\">\n\t\t\t\t\t<div class=\"elementor-column elementor-col-100 elementor-top-column elementor-element elementor-element-1919db9\" data-id=\"1919db9\" data-element_type=\"column\" data-e-type=\"column\">\n\t\t\t<div class=\"elementor-widget-wrap elementor-element-populated\">\n\t\t\t\t\t\t<div class=\"elementor-element elementor-element-41a7b9c elementor-widget__width-initial elementor-invisible elementor-widget elementor-widget-text-editor\" data-id=\"41a7b9c\" data-element_type=\"widget\" data-e-type=\"widget\" data-settings=\"{&quot;_animation&quot;:&quot;nussFadeInUp&quot;}\" data-widget_type=\"text-editor.default\">\n\t\t\t\t\t\t\t\t\t<p><strong data-spm-anchor-id=\"a2ty_o01.29997173.0.i20.6b1bc921y7R8ee\">Strutture aziendali dell&#039;Amix Hotel: aumentare la produttivit\u00e0 nel cuore di Wuhan <\/strong><\/p>\t\t\t\t\t\t\t\t<\/div>\n\t\t\t\t\t<\/div>\n\t\t<\/div>\n\t\t\t\t\t<\/div>\n\t\t<\/section>\n\t\t<div class=\"elementor-element elementor-element-8967144 e-flex e-con-boxed e-con e-parent\" data-id=\"8967144\" data-element_type=\"container\" data-e-type=\"container\">\n\t\t\t\t\t<div class=\"e-con-inner\">\n\t\t\t\t<div class=\"elementor-element elementor-element-950510a elementor-widget elementor-widget-image\" data-id=\"950510a\" data-element_type=\"widget\" data-e-type=\"widget\" data-widget_type=\"image.default\">\n\t\t\t\t\t\t\t\t\t\t\t\t\t\t\t<img fetchpriority=\"high\" decoding=\"async\" width=\"1024\" height=\"682\" src=\"https:\/\/amixhotel.com\/wp-content\/uploads\/2025\/07\/amix-hotel-wuhan-63-1024x682.webp\" class=\"attachment-large size-large wp-image-5541\" alt=\"\" srcset=\"https:\/\/amixhotel.com\/wp-content\/uploads\/2025\/07\/amix-hotel-wuhan-63-1024x682.webp 1024w, https:\/\/amixhotel.com\/wp-content\/uploads\/2025\/07\/amix-hotel-wuhan-63-300x200.webp 300w, https:\/\/amixhotel.com\/wp-content\/uploads\/2025\/07\/amix-hotel-wuhan-63-768x512.webp 768w, https:\/\/amixhotel.com\/wp-content\/uploads\/2025\/07\/amix-hotel-wuhan-63.webp 1280w\" sizes=\"(max-width: 1024px) 100vw, 1024px\" \/>\t\t\t\t\t\t\t\t\t\t\t\t\t\t\t<\/div>\n\t\t\t\t\t<\/div>\n\t\t\t\t<\/div>\n\t\t<div class=\"elementor-element elementor-element-90f935b e-flex e-con-boxed e-con e-parent\" data-id=\"90f935b\" data-element_type=\"container\" data-e-type=\"container\">\n\t\t\t\t\t<div class=\"e-con-inner\">\n\t\t\t\t<div class=\"elementor-element elementor-element-b5bba1b elementor-widget elementor-widget-text-editor\" data-id=\"b5bba1b\" data-element_type=\"widget\" data-e-type=\"widget\" data-widget_type=\"text-editor.default\">\n\t\t\t\t\t\t\t\t\t<p data-spm-anchor-id=\"a2ty_o01.29997173.0.i21.6b1bc921y7R8ee\">Situato a <strong>143 West Pengliuyang Road, distretto di Wuchang, Wuhan, Hubei, Cina <\/strong>, <strong>Hotel Amix <\/strong> offre una gamma completa di <strong>strutture aziendali moderne <\/strong> Progettato su misura per soddisfare le esigenze di viaggiatori d&#039;affari, imprenditori e organizzatori di eventi di oggi. Che siate a Wuhan per un meeting di alto livello, una piccola conferenza o semplicemente abbiate bisogno di uno spazio tranquillo per rimanere produttivi, il nostro hotel offre gli strumenti, la tecnologia e l&#039;ambiente professionale necessari per aiutarvi a raggiungere il successo.<\/p><p>All&#039;Amix Hotel, sappiamo che efficienza e comfort vanno di pari passo quando si tratta di lavoro. Ecco perch\u00e9 abbiamo progettato le nostre strutture business pensando a funzionalit\u00e0, stile e praticit\u00e0. Il nostro <strong>Centro business aperto 24 ore su 24 <\/strong> \u00e8 dotato di Wi-Fi ad alta velocit\u00e0, postazioni di lavoro ergonomiche, servizi di stampa, scansione e fax, per garantire agli ospiti la possibilit\u00e0 di gestire i propri impegni lavorativi in qualsiasi momento, di giorno e di notte.<\/p><p>Per meeting, presentazioni ed eventi aziendali offriamo <strong>sale conferenze e riunioni completamente attrezzate <\/strong> che possono ospitare gruppi di varie dimensioni. Questi spazi sono dotati di <strong>Display LED, proiettori HD, insonorizzazione, climatizzazione e impianti audiovisivi professionali <\/strong>, rendendoli ideali per qualsiasi tipo di evento, dalle sessioni di brainstorming di gruppo alle presentazioni dei clienti, fino alle piccole conferenze. Il nostro staff \u00e8 inoltre disponibile per assistervi nell&#039;allestimento della sala, nel supporto tecnico e nell&#039;organizzazione del catering, per garantire il perfetto svolgimento del vostro evento.<\/p>\t\t\t\t\t\t\t\t<\/div>\n\t\t\t\t\t<\/div>\n\t\t\t\t<\/div>\n\t\t<div class=\"elementor-element elementor-element-ec2ec4d e-flex e-con-boxed e-con e-parent\" data-id=\"ec2ec4d\" data-element_type=\"container\" data-e-type=\"container\">\n\t\t\t\t\t<div class=\"e-con-inner\">\n\t\t\t\t<div class=\"elementor-element elementor-element-09f25d8 elementor-widget elementor-widget-image\" data-id=\"09f25d8\" data-element_type=\"widget\" data-e-type=\"widget\" data-widget_type=\"image.default\">\n\t\t\t\t\t\t\t\t\t\t\t\t\t\t\t<img decoding=\"async\" width=\"1024\" height=\"693\" src=\"https:\/\/amixhotel.com\/wp-content\/uploads\/2025\/07\/amix-hotel-wuhan-61-1024x693.webp\" class=\"attachment-large size-large wp-image-5539\" alt=\"\" srcset=\"https:\/\/amixhotel.com\/wp-content\/uploads\/2025\/07\/amix-hotel-wuhan-61-1024x693.webp 1024w, https:\/\/amixhotel.com\/wp-content\/uploads\/2025\/07\/amix-hotel-wuhan-61-300x203.webp 300w, https:\/\/amixhotel.com\/wp-content\/uploads\/2025\/07\/amix-hotel-wuhan-61-768x520.webp 768w, https:\/\/amixhotel.com\/wp-content\/uploads\/2025\/07\/amix-hotel-wuhan-61.webp 1261w\" sizes=\"(max-width: 1024px) 100vw, 1024px\" \/>\t\t\t\t\t\t\t\t\t\t\t\t\t\t\t<\/div>\n\t\t\t\t\t<\/div>\n\t\t\t\t<\/div>\n\t\t<div class=\"elementor-element elementor-element-e8f8c34 e-flex e-con-boxed e-con e-parent\" data-id=\"e8f8c34\" data-element_type=\"container\" data-e-type=\"container\">\n\t\t\t\t\t<div class=\"e-con-inner\">\n\t\t\t\t<div class=\"elementor-element elementor-element-6f1745e elementor-widget elementor-widget-text-editor\" data-id=\"6f1745e\" data-element_type=\"widget\" data-e-type=\"widget\" data-widget_type=\"text-editor.default\">\n\t\t\t\t\t\t\t\t\t<p data-spm-anchor-id=\"a2ty_o01.29997173.0.i22.6b1bc921y7R8ee\">La posizione strategica dell&#039;Amix Hotel nel <strong>Distretto di Wuchang <\/strong>\u2014un importante snodo commerciale e di trasporto di Wuhan\u2014aumenta il suo appeal per i viaggiatori d&#039;affari. L&#039;hotel \u00e8 facilmente raggiungibile dai principali centri commerciali, uffici governativi e parchi industriali, ed \u00e8 a breve distanza in auto da <strong>Stazione ferroviaria di Wuchang <\/strong> e ben collegato a <strong>Aeroporto internazionale di Wuhan Tianhe <\/strong> Tramite autostrade veloci. Questo rende l&#039;Amix Hotel non solo una scelta comoda, ma anche un punto di riferimento centrale per gli affari in citt\u00e0 e oltre.<\/p><p>Oltre ai nostri spazi business dedicati, tutte le camere e le suite sono progettate per supportare la produttivit\u00e0, con <strong>sedute ergonomiche, ampie scrivanie, stazioni di ricarica e Wi-Fi premium <\/strong>Che tu stia preparando una presentazione comodamente a casa tua o partecipando a una riunione virtuale dal nostro business center, troverai tutto ci\u00f2 che ti serve per rimanere connesso ed efficiente.<\/p><p>Completato dal nostro <strong>personale multilingue, servizio di portineria 24 ore su 24, 7 giorni su 7 e opzioni di ristorazione in loco <\/strong>L&#039;Amix Hotel garantisce che il vostro soggiorno di lavoro non sia solo produttivo, ma anche confortevole e senza stress. Che siate viaggiatori singoli, membri di un team aziendale o organizzatori di un evento, le nostre strutture business sono progettate per supportare i vostri obiettivi con professionalit\u00e0 e semplicit\u00e0.<\/p><p><strong>Scegli Amix Hotel <\/strong> per il tuo prossimo viaggio d&#039;affari a Wuhan e scopri un hotel che comprende davvero le esigenze del professionista moderno, dove il comfort incontra la capacit\u00e0 e ogni dettaglio \u00e8 studiato per migliorare la tua produttivit\u00e0.<\/p>\t\t\t\t\t\t\t\t<\/div>\n\t\t\t\t\t<\/div>\n\t\t\t\t<\/div>\n\t\t\t\t<\/div>","protected":false},"excerpt":{"rendered":"<p>Amix Hotel Business Facilities \u2013 Elevating Productivity in the Heart of Wuhan Located at 143 West Pengliuyang Road, Wuchang District, Wuhan, Hubei, China , Amix Hotel offers a comprehensive range of modern business facilities tailored to meet the demands of today\u2019s corporate travelers, entrepreneurs, and event planners. Whether you&#8217;re in Wuhan for a high-level meeting, [&hellip;]<\/p>\n","protected":false},"author":1,"featured_media":0,"parent":0,"menu_order":0,"comment_status":"closed","ping_status":"closed","template":"","meta":{"footnotes":""},"class_list":["post-2109","page","type-page","status-publish","hentry","post-no-thumbnail"],"_links":{"self":[{"href":"https:\/\/amixhotel.com\/it\/wp-json\/wp\/v2\/pages\/2109","targetHints":{"allow":["GET"]}}],"collection":[{"href":"https:\/\/amixhotel.com\/it\/wp-json\/wp\/v2\/pages"}],"about":[{"href":"https:\/\/amixhotel.com\/it\/wp-json\/wp\/v2\/types\/page"}],"author":[{"embeddable":true,"href":"https:\/\/amixhotel.com\/it\/wp-json\/wp\/v2\/users\/1"}],"replies":[{"embeddable":true,"href":"https:\/\/amixhotel.com\/it\/wp-json\/wp\/v2\/comments?post=2109"}],"version-history":[{"count":0,"href":"https:\/\/amixhotel.com\/it\/wp-json\/wp\/v2\/pages\/2109\/revisions"}],"wp:attachment":[{"href":"https:\/\/amixhotel.com\/it\/wp-json\/wp\/v2\/media?parent=2109"}],"curies":[{"name":"wp","href":"https:\/\/api.w.org\/{rel}","templated":true}]}}