{"id":612,"date":"2021-03-26T10:04:13","date_gmt":"2021-03-26T10:04:13","guid":{"rendered":"http:\/\/localhost\/nuss\/?page_id=612"},"modified":"2025-12-04T08:33:13","modified_gmt":"2025-12-04T08:33:13","slug":"ristorante","status":"publish","type":"page","link":"https:\/\/amixhotel.com\/it\/restaurant\/","title":{"rendered":"Ristorante"},"content":{"rendered":"<div data-elementor-type=\"wp-page\" data-elementor-id=\"612\" class=\"elementor elementor-612\">\n\t\t\t\t\t\t<section class=\"elementor-section elementor-top-section elementor-element elementor-element-e2effe8 elementor-section-boxed elementor-section-gap-beside-yes elementor-section-height-default elementor-section-height-default elementor-section-column-vertical-align-stretch\" data-id=\"e2effe8\" data-element_type=\"section\" data-e-type=\"section\">\n\t\t\t\t\t\t<div class=\"elementor-container elementor-column-gap-extended\">\n\t\t\t\t\t<div class=\"elementor-column elementor-col-100 elementor-top-column elementor-element elementor-element-e18f688\" data-id=\"e18f688\" data-element_type=\"column\" data-e-type=\"column\">\n\t\t\t<div class=\"elementor-widget-wrap elementor-element-populated\">\n\t\t\t\t\t\t<div class=\"elementor-element elementor-element-6db146d elementor-widget__width-initial elementor-invisible elementor-widget elementor-widget-text-editor\" data-id=\"6db146d\" data-element_type=\"widget\" data-e-type=\"widget\" data-settings=\"{&quot;_animation&quot;:&quot;nussFadeInUp&quot;}\" data-widget_type=\"text-editor.default\">\n\t\t\t\t\t\t\t\t\t<p data-spm-anchor-id=\"a2ty_o01.29997173.0.i53.6b1bc921y7R8ee\"><strong>Ristorante dell&#039;hotel Amix <\/strong> \u2013 Dove la tradizione locale incontra il gusto globale.<\/p>\t\t\t\t\t\t\t\t<\/div>\n\t\t\t\t\t<\/div>\n\t\t<\/div>\n\t\t\t\t\t<\/div>\n\t\t<\/section>\n\t\t<div class=\"elementor-element elementor-element-d89fcaa e-flex e-con-boxed e-con e-parent\" data-id=\"d89fcaa\" data-element_type=\"container\" data-e-type=\"container\">\n\t\t\t\t\t<div class=\"e-con-inner\">\n\t\t\t\t<div class=\"elementor-element elementor-element-e8ebd5d elementor-widget elementor-widget-text-editor\" data-id=\"e8ebd5d\" data-element_type=\"widget\" data-e-type=\"widget\" data-widget_type=\"text-editor.default\">\n\t\t\t\t\t\t\t\t\t<p>Situato all&#039;interno dell&#039;elegante e convenientemente situato <strong>Hotel Amix <\/strong> A <strong>143 West Pengliuyang Road, distretto di Wuchang, Wuhan, Hubei, Cina <\/strong>, il nostro ristorante in loco \u00e8 un gioiello culinario che fonde le ricche tradizioni di <strong>Cucina dell&#039;Hubei <\/strong> con la confortante familiarit\u00e0 di <strong>sapori internazionali <\/strong>Che siate ospiti dell&#039;hotel, amanti della cucina locale o viaggiatori desiderosi di scoprire i sapori autentici della Cina centrale, il nostro ristorante offre un&#039;atmosfera calda e invitante e un men\u00f9 studiato per deliziare ogni palato.<\/p><p>Dal momento in cui varcate la soglia, sarete accolti dall&#039;aroma invitante dei piatti appena preparati, dall&#039;atmosfera rilassante e dal servizio attento che definisce il <strong>Esperienza all&#039;Amix Hotel <\/strong>Il nostro ristorante \u00e8 pi\u00f9 di un semplice posto dove mangiare: \u00e8 una destinazione dove gli ospiti vengono per rilassarsi, socializzare e godersi il meglio che Wuhan ha da offrire.<\/p><p>Al centro della nostra filosofia culinaria c&#039;\u00e8 l&#039;impegno per <strong>ingredienti freschi e di alta qualit\u00e0 <\/strong> E <strong>tecniche di preparazione autentiche <\/strong>I nostri chef portano decenni di esperienza e passione in cucina, creando un menu che mette in mostra i sapori audaci e saporiti di <strong>provincia di Hubei <\/strong>, compresi piatti tipici come <strong>pesce al vapore del lago Dongting <\/strong>, <strong>Noodles secchi piccanti in stile Wuhan <\/strong>, E <strong>maiale brasato piccante in stile Hunan <\/strong>Per coloro che desiderano qualcosa di pi\u00f9 ispirato a livello globale, offriamo anche una selezione di <strong>I preferiti dell&#039;Occidente <\/strong>, tra cui carni alla griglia, pasta e insalate fresche, per garantire che ce ne sia per tutti i gusti.<\/p><p>Il ristorante \u00e8 aperto tutti i giorni per <strong>colazione, pranzo e cena <\/strong>, con il nostro <strong>buffet mattutino <\/strong> essendo particolarmente apprezzato dai viaggiatori d&#039;affari e dai primi esploratori di Wuhan. Caratterizzato da entrambi <strong>prodotti tradizionali cinesi per la colazione <\/strong> come il congee, il dim sum e il latte di soia, cos\u00ec come <strong>opzioni continentali <\/strong> come uova, toast e frutta fresca, \u00e8 il modo perfetto per iniziare la giornata con energia e pronte per l&#039;avventura.<\/p><p data-spm-anchor-id=\"a2ty_o01.29997173.0.i51.6b1bc921y7R8ee\">\u00a0<\/p>\t\t\t\t\t\t\t\t<\/div>\n\t\t\t\t\t<\/div>\n\t\t\t\t<\/div>\n\t\t<div class=\"elementor-element elementor-element-767d0af e-flex e-con-boxed e-con e-parent\" data-id=\"767d0af\" data-element_type=\"container\" data-e-type=\"container\">\n\t\t\t\t\t<div class=\"e-con-inner\">\n\t\t\t\t<div class=\"elementor-element elementor-element-e8a8ab2 elementor-widget elementor-widget-nuss-image-gallery\" data-id=\"e8a8ab2\" data-element_type=\"widget\" data-e-type=\"widget\" data-widget_type=\"nuss-image-gallery.default\">\n\t\t\t\t<div class=\"elementor-widget-container\">\n\t\t\t\t\t\t\t<div class=\"nuss-grid-wrapper\" data-grid=\"{&quot;type&quot;:&quot;grid&quot;,&quot;ratio&quot;:null,&quot;columns&quot;:3,&quot;gutter&quot;:30}\">\r\n\t\t\t<div class=\"nuss-grid lazy-grid\">\r\n\t\t\t\t<div class=\"grid-sizer\"><\/div>\r\n\r\n\t\t\t\t\t\t\t\t\t\t\t\t<div class=\"grid-item\">\r\n\t\t\t\t\t\t<div class=\"nuss-box\">\t\t<div class=\"nuss-image image\">\r\n\t\t\t<img decoding=\"async\"  src=\"https:\/\/amixhotel.com\/wp-content\/uploads\/2025\/07\/amix-hotel-wuhan-35.webp\" alt=\"hotel amix wuhan (35)\" \/>\t\t<\/div>\r\n\t\t\t\t<\/div>\t\t\t\t\t<\/div>\r\n\t\t\t\t\t\t<div class=\"grid-item\">\r\n\t\t\t\t\t\t<div class=\"nuss-box\">\t\t<div class=\"nuss-image image\">\r\n\t\t\t<img decoding=\"async\"  src=\"https:\/\/amixhotel.com\/wp-content\/uploads\/2025\/07\/amix-hotel-wuhan-46.webp\" alt=\"hotel amix wuhan (46)\" \/>\t\t<\/div>\r\n\t\t\t\t<\/div>\t\t\t\t\t<\/div>\r\n\t\t\t\t\t\t<div class=\"grid-item\">\r\n\t\t\t\t\t\t<div class=\"nuss-box\">\t\t<div class=\"nuss-image image\">\r\n\t\t\t<img decoding=\"async\"  src=\"https:\/\/amixhotel.com\/wp-content\/uploads\/2025\/07\/amix-hotel-wuhan-47.webp\" alt=\"hotel amix wuhan (47)\" \/>\t\t<\/div>\r\n\t\t\t\t<\/div>\t\t\t\t\t<\/div>\r\n\t\t\t\t\t\t<div class=\"grid-item\">\r\n\t\t\t\t\t\t<div class=\"nuss-box\">\t\t<div class=\"nuss-image image\">\r\n\t\t\t<img decoding=\"async\"  src=\"https:\/\/amixhotel.com\/wp-content\/uploads\/2025\/07\/amix-hotel-wuhan-52.webp\" alt=\"hotel amix wuhan (52)\" \/>\t\t<\/div>\r\n\t\t\t\t<\/div>\t\t\t\t\t<\/div>\r\n\t\t\t\t\t\t<div class=\"grid-item\">\r\n\t\t\t\t\t\t<div class=\"nuss-box\">\t\t<div class=\"nuss-image image\">\r\n\t\t\t<img decoding=\"async\"  src=\"https:\/\/amixhotel.com\/wp-content\/uploads\/2025\/07\/amix-hotel-home.jpg\" alt=\"casa hotel amix\" \/>\t\t<\/div>\r\n\t\t\t\t<\/div>\t\t\t\t\t<\/div>\r\n\t\t\t\t\t\t<div class=\"grid-item\">\r\n\t\t\t\t\t\t<div class=\"nuss-box\">\t\t<div class=\"nuss-image image\">\r\n\t\t\t<img decoding=\"async\"  src=\"https:\/\/amixhotel.com\/wp-content\/uploads\/2025\/07\/amix-hotel-wuhan-28.webp\" alt=\"hotel amix wuhan (28)\" \/>\t\t<\/div>\r\n\t\t\t\t<\/div>\t\t\t\t\t<\/div>\r\n\t\t\t\t\t\t<div class=\"grid-item\">\r\n\t\t\t\t\t\t<div class=\"nuss-box\">\t\t<div class=\"nuss-image image\">\r\n\t\t\t<img decoding=\"async\"  src=\"https:\/\/amixhotel.com\/wp-content\/uploads\/2025\/07\/amix-hotel-wuhan-51.webp\" alt=\"hotel amix wuhan (51)\" \/>\t\t<\/div>\r\n\t\t\t\t<\/div>\t\t\t\t\t<\/div>\r\n\t\t\t\t\t\t<div class=\"grid-item\">\r\n\t\t\t\t\t\t<div class=\"nuss-box\">\t\t<div class=\"nuss-image image\">\r\n\t\t\t<img decoding=\"async\"  src=\"https:\/\/amixhotel.com\/wp-content\/uploads\/2025\/07\/amix-hotel-wuhan-29.webp\" alt=\"hotel amix wuhan (29)\" \/>\t\t<\/div>\r\n\t\t\t\t<\/div>\t\t\t\t\t<\/div>\r\n\t\t\t\t\t\t<div class=\"grid-item\">\r\n\t\t\t\t\t\t<div class=\"nuss-box\">\t\t<div class=\"nuss-image image\">\r\n\t\t\t<img decoding=\"async\"  src=\"https:\/\/amixhotel.com\/wp-content\/uploads\/2025\/07\/amix-hotel-wuhan-27.webp\" alt=\"hotel amix wuhan (27)\" \/>\t\t<\/div>\r\n\t\t\t\t<\/div>\t\t\t\t\t<\/div>\r\n\t\t\t\t\t\t<div class=\"grid-item\">\r\n\t\t\t\t\t\t<div class=\"nuss-box\">\t\t<div class=\"nuss-image image\">\r\n\t\t\t<img decoding=\"async\"  src=\"https:\/\/amixhotel.com\/wp-content\/uploads\/2025\/07\/amix-hotel-wuhan-26.webp\" alt=\"hotel amix wuhan (26)\" \/>\t\t<\/div>\r\n\t\t\t\t<\/div>\t\t\t\t\t<\/div>\r\n\t\t\t\t\t\t<div class=\"grid-item\">\r\n\t\t\t\t\t\t<div class=\"nuss-box\">\t\t<div class=\"nuss-image image\">\r\n\t\t\t<img decoding=\"async\"  src=\"https:\/\/amixhotel.com\/wp-content\/uploads\/2025\/07\/amix-hotel-wuhan-18.webp\" alt=\"hotel amix wuhan (18)\" \/>\t\t<\/div>\r\n\t\t\t\t<\/div>\t\t\t\t\t<\/div>\r\n\t\t\t\t\t\t\t\r\n\t\t\t<\/div>\r\n\t\t<\/div>\r\n\t\t\t\t\t\t<\/div>\n\t\t\t\t<\/div>\n\t\t\t\t\t<\/div>\n\t\t\t\t<\/div>\n\t\t<div class=\"elementor-element elementor-element-958b77d e-flex e-con-boxed e-con e-parent\" data-id=\"958b77d\" data-element_type=\"container\" data-e-type=\"container\">\n\t\t\t\t\t<div class=\"e-con-inner\">\n\t\t\t\t<div class=\"elementor-element elementor-element-72ef609 elementor-widget elementor-widget-text-editor\" data-id=\"72ef609\" data-element_type=\"widget\" data-e-type=\"widget\" data-widget_type=\"text-editor.default\">\n\t\t\t\t\t\t\t\t\t<p>Il design degli interni del ristorante riflette la stessa estetica moderna ma accogliente che si ritrova in tutto il ristorante. <strong>Hotel Amix <\/strong>, che unisce finiture eleganti a luci calde e comode sedute. Che vi uniate a noi per una cena tranquilla dopo una lunga giornata di riunioni o per un incontro informale con amici e colleghi, il nostro ristorante offre un ambiente rilassante che si adatta a ogni occasione.<\/p><p>Oltre alla nostra esperienza di ristorazione, offriamo anche <strong>servizio in camera <\/strong>, <strong>porta via <\/strong>, E <strong>opzioni di catering personalizzate <\/strong> Per piccoli eventi o eventi aziendali organizzati in hotel. Il nostro team \u00e8 sempre lieto di soddisfare preferenze alimentari e richieste speciali per garantire che il vostro pasto sia il pi\u00f9 piacevole possibile.<\/p><p>Situato in posizione comoda nel <strong>Distretto di Wuchang <\/strong>, il nostro ristorante non \u00e8 solo il fiore all&#039;occhiello dell&#039;hotel, ma anche una scelta popolare tra la gente del posto e i visitatori. Che abbiate voglia di assaggiare <strong>cucina locale di Wuhan <\/strong> o un confortante piatto internazionale, il nostro ristorante a <strong>Hotel Amix <\/strong> promette un&#039;esperienza culinaria soddisfacente e memorabile.<\/p><p data-spm-anchor-id=\"a2ty_o01.29997173.0.i51.6b1bc921y7R8ee\">Venite a scoprire perch\u00e9 il nostro ristorante \u00e8 molto pi\u00f9 di un semplice pasto: \u00e8 una celebrazione della cultura, del sapore e dell&#039;ospitalit\u00e0 nel cuore di Wuhan.<\/p>\t\t\t\t\t\t\t\t<\/div>\n\t\t\t\t\t<\/div>\n\t\t\t\t<\/div>\n\t\t\t\t<\/div>","protected":false},"excerpt":{"rendered":"<p>Amix Hotel Restaurant \u2013 Where Local Tradition Meets Global Taste. Located within the stylish and conveniently situated Amix Hotel at 143 West Pengliuyang Road, Wuchang District, Wuhan, Hubei, China , our on-site restaurant is a culinary gem that blends the rich traditions of Hubei cuisine with the comforting familiarity of international flavors . Whether you&#8217;re [&hellip;]<\/p>\n","protected":false},"author":1,"featured_media":0,"parent":0,"menu_order":0,"comment_status":"closed","ping_status":"closed","template":"","meta":{"footnotes":""},"class_list":["post-612","page","type-page","status-publish","hentry","post-no-thumbnail"],"_links":{"self":[{"href":"https:\/\/amixhotel.com\/it\/wp-json\/wp\/v2\/pages\/612","targetHints":{"allow":["GET"]}}],"collection":[{"href":"https:\/\/amixhotel.com\/it\/wp-json\/wp\/v2\/pages"}],"about":[{"href":"https:\/\/amixhotel.com\/it\/wp-json\/wp\/v2\/types\/page"}],"author":[{"embeddable":true,"href":"https:\/\/amixhotel.com\/it\/wp-json\/wp\/v2\/users\/1"}],"replies":[{"embeddable":true,"href":"https:\/\/amixhotel.com\/it\/wp-json\/wp\/v2\/comments?post=612"}],"version-history":[{"count":0,"href":"https:\/\/amixhotel.com\/it\/wp-json\/wp\/v2\/pages\/612\/revisions"}],"wp:attachment":[{"href":"https:\/\/amixhotel.com\/it\/wp-json\/wp\/v2\/media?parent=612"}],"curies":[{"name":"wp","href":"https:\/\/api.w.org\/{rel}","templated":true}]}}