{"id":647,"date":"2021-03-29T02:13:52","date_gmt":"2021-03-29T02:13:52","guid":{"rendered":"http:\/\/localhost\/nuss\/?page_id=647"},"modified":"2025-12-04T08:33:23","modified_gmt":"2025-12-04T08:33:23","slug":"servizi","status":"publish","type":"page","link":"https:\/\/amixhotel.com\/it\/services\/","title":{"rendered":"Servizi"},"content":{"rendered":"<div data-elementor-type=\"wp-page\" data-elementor-id=\"647\" class=\"elementor elementor-647\">\n\t\t\t\t\t\t<section class=\"elementor-section elementor-top-section elementor-element elementor-element-3353bc8 elementor-section-boxed elementor-section-gap-beside-yes elementor-section-height-default elementor-section-height-default elementor-section-column-vertical-align-stretch\" data-id=\"3353bc8\" data-element_type=\"section\" data-e-type=\"section\">\n\t\t\t\t\t\t<div class=\"elementor-container elementor-column-gap-extended\">\n\t\t\t\t\t<div class=\"elementor-column elementor-col-100 elementor-top-column elementor-element elementor-element-0a2bc64\" data-id=\"0a2bc64\" data-element_type=\"column\" data-e-type=\"column\">\n\t\t\t<div class=\"elementor-widget-wrap elementor-element-populated\">\n\t\t\t\t\t\t<div class=\"elementor-element elementor-element-447e3ef elementor-widget__width-initial elementor-invisible elementor-widget elementor-widget-text-editor\" data-id=\"447e3ef\" data-element_type=\"widget\" data-e-type=\"widget\" data-settings=\"{&quot;_animation&quot;:&quot;nussFadeInUp&quot;}\" data-widget_type=\"text-editor.default\">\n\t\t\t\t\t\t\t\t\t<p data-spm-anchor-id=\"a2ty_o01.29997173.0.i58.6b1bc921y7R8ee\"><strong data-spm-anchor-id=\"a2ty_o01.29997173.0.i59.6b1bc921y7R8ee\">Il tuo soggiorno perfetto: solo all&#039;Amix Hotel. <\/strong><\/p>\t\t\t\t\t\t\t\t<\/div>\n\t\t\t\t\t<\/div>\n\t\t<\/div>\n\t\t\t\t\t<\/div>\n\t\t<\/section>\n\t\t<div class=\"elementor-element elementor-element-22d067d e-flex e-con-boxed e-con e-parent\" data-id=\"22d067d\" data-element_type=\"container\" data-e-type=\"container\">\n\t\t\t\t\t<div class=\"e-con-inner\">\n\t\t\t\t<div class=\"elementor-element elementor-element-aacc9cd elementor-widget elementor-widget-text-editor\" data-id=\"aacc9cd\" data-element_type=\"widget\" data-e-type=\"widget\" data-widget_type=\"text-editor.default\">\n\t\t\t\t\t\t\t\t\t<p data-spm-anchor-id=\"a2ty_o01.29997173.0.i57.6b1bc921y7R8ee\">A <strong>Hotel Amix <\/strong>, immerso nel cuore vibrante di <strong>Distretto di Wuchang, Wuhan <\/strong>, crediamo che un servizio eccezionale sia la pietra angolare di un soggiorno davvero memorabile. Situato a <strong>143 West Pengliuyang Road <\/strong>, il nostro hotel offre pi\u00f9 di un semplice posto dove riposare la testa: forniamo una suite completa di <strong>servizi e comfort progettati con cura <\/strong> pensati per soddisfare le esigenze sia dei viaggiatori d&#039;affari che di quelli di piacere.<\/p><p>Fin dal tuo arrivo, il nostro obiettivo \u00e8 garantire che ogni aspetto della tua visita sia impeccabile, confortevole e arricchito da un&#039;assistenza personalizzata. Che tu sia in visita a Wuhan per lavoro o per piacere, il nostro team si impegna a offrirti un&#039;esperienza <strong>elevato standard di ospitalit\u00e0 <\/strong> che riflette il calore e la vivacit\u00e0 di questa citt\u00e0 dinamica.<\/p><h3>\ud83d\udecf\ufe0f Servizi di alloggio incentrati sul comfort<\/h3><p>Ognuna delle nostre camere e suite elegantemente arredate \u00e8 progettata pensando al vostro comfort e alla vostra comodit\u00e0. <strong>postazioni di lavoro ergonomiche <\/strong>, <strong>biancheria da letto di peluche <\/strong>, <strong>finestre insonorizzate <\/strong>, <strong>sistemi di controllo del clima <\/strong>, E <strong>Wi-Fi ad alta velocit\u00e0 gratuito <\/strong>, le nostre sale sono perfette sia per il relax che per la produttivit\u00e0. Offriamo anche <strong>servizio in camera 24 ore su 24 <\/strong>, <strong>pulizie giornaliere <\/strong>, E <strong>servizi di lavanderia e lavaggio a secco <\/strong>, cos\u00ec potrai concentrarti su ci\u00f2 che pi\u00f9 conta, che si tratti di prepararti per un importante incontro o semplicemente di rilassarti dopo una giornata trascorsa a esplorare Wuhan.<\/p><h3>\ud83c\udf7d\ufe0f Eccellenza culinaria nel nostro ristorante in loco<\/h3><p>Il nostro ristorante interno funge da centro culinario dove gli ospiti possono assaporare il meglio di <strong>cucina locale dell&#039;Hubei <\/strong> insieme ad una selezione di <strong>piatti internazionali <\/strong>Aperto per colazione, pranzo e cena, il ristorante offre un <strong>buffet e opzioni \u00e0 la carte <\/strong>, tutti preparati con ingredienti freschi e di provenienza locale. Che vogliate iniziare la giornata con un&#039;abbondante colazione o concludere la giornata con una gustosa cena, il nostro team di sala vi garantir\u00e0 un&#039;esperienza che delizier\u00e0 i sensi e soddisfer\u00e0 ogni vostro desiderio.<\/p><h3>\ud83d\udcbc Servizi aziendali ed eventi per il professionista moderno<\/h3><p>Per i viaggiatori d&#039;affari, l&#039;Amix Hotel \u00e8 dotato di un <strong>Centro business aperto 24 ore su 24 <\/strong>, offrendo <strong>stampa, scansione, fax <\/strong>, E <strong>accesso a Internet ad alta velocit\u00e0 <\/strong>. Nostro <strong>sale riunioni e conferenze <\/strong> sono dotati di <strong>Display HD, proiettori, insonorizzazione e climatizzazione <\/strong>, rendendoli ideali per eventi aziendali di piccole e medie dimensioni, presentazioni o sessioni di formazione. Offriamo anche <strong>servizi di catering personalizzati <\/strong> E <strong>supporto multilingue <\/strong> per garantire che il tuo evento si svolga senza intoppi dall&#039;inizio alla fine.<\/p><h3>\ud83e\uddf3 Servizi di supporto agli ospiti progettati per la comodit\u00e0<\/h3><p>Sappiamo che viaggiare a volte pu\u00f2 comportare sfide inaspettate. Ecco perch\u00e9 la nostra reception \u00e8 operativa <strong>24\/7 <\/strong>, gestito da professionisti multilingue pronti ad assistervi in tutto, da <strong>servizi di portineria <\/strong> E <strong>prenotazioni di tour <\/strong>, A <strong>accordi per taxi <\/strong> E <strong>consigli sul trasporto aeroportuale <\/strong>Hai bisogno di aiuto con i bagagli? Il nostro <strong>servizio di facchinaggio <\/strong> \u00e8 sempre a portata di mano. Cerchi i migliori posti dove mangiare, fare shopping o esplorare la zona? Il nostro team sar\u00e0 lieto di indicarti la giusta direzione.<\/p><p>Offriamo anche <strong>parcheggio custodito in loco <\/strong>, <strong>cambio valuta <\/strong>, <strong>chioschi di informazioni di viaggio <\/strong>, E <strong>deposito bagagli gratuito <\/strong> prima del check-in o dopo il check-out, per garantire che il tuo viaggio a Wuhan sia il pi\u00f9 privo di stress possibile.<\/p><h3>\ud83e\uddf9 Pulizia e sicurezza: la nostra massima priorit\u00e0<\/h3><p>Nel mondo di oggi, l&#039;igiene e la sicurezza sono pi\u00f9 importanti che mai. All&#039;Amix Hotel, manteniamo <strong>rigorosi protocolli di pulizia <\/strong>, compreso <strong>disinfezione giornaliera delle aree pubbliche <\/strong>, <strong>camere degli ospiti sanificate <\/strong>, E <strong>opzioni di check-in\/check-out senza contatto <\/strong> Su richiesta. Igienizzanti per le mani sono disponibili in tutta la struttura e il nostro personale segue regolarmente corsi di formazione in materia di salute e sicurezza per garantire la vostra tranquillit\u00e0 durante il soggiorno.<\/p><h3>\ud83c\udf10 Esperienza degli ospiti basata sulla tecnologia<\/h3><p>Adottiamo la tecnologia moderna per migliorare il tuo soggiorno. Da <strong>controlli intelligenti della stanza <\/strong> E <strong>servizi mobili integrati <\/strong> A <strong>connettivit\u00e0 internet veloce e stabile <\/strong> In tutto l&#039;hotel, ci assicuriamo che tu rimanga connesso, produttivo e intrattenuto durante il tuo soggiorno. Che tu stia partecipando a una riunione virtuale, guardando in streaming il tuo programma preferito o condividendo ricordi con i tuoi cari a casa, la nostra infrastruttura tecnologica supporta il tuo stile di vita digitale in modo impeccabile.<\/p><h3>\ud83c\udf89 Servizi specializzati per ogni occasione<\/h3><p>Che tu viaggi da solo, con la famiglia o in gruppo, i nostri servizi soddisfano le tue esigenze uniche. Le famiglie apprezzano il nostro <strong>servizi adatti ai bambini <\/strong>, compreso <strong>culle, men\u00f9 per bambini <\/strong>, E <strong>opzioni di biancheria da letto extra <\/strong>I viaggiatori solitari apprezzano il <strong>sicurezza e comodit\u00e0 <\/strong> dei nostri servizi 24 ore su 24, 7 giorni su 7 e dell&#039;atmosfera accogliente. E per chi festeggia occasioni speciali, offriamo <strong>allestimenti personalizzati della stanza <\/strong>, <strong>composizioni floreali <\/strong>, E <strong>pasti celebrativi <\/strong> su richiesta.<\/p><div class=\"py-2 my-3\"><hr \/><\/div><p>A <strong>Hotel Amix <\/strong>, i nostri servizi vanno oltre le aspettative. Ci impegniamo a creare un <strong>esperienza veramente personalizzata <\/strong> che vi faccia sentire apprezzati, accuditi e ispirati durante il vostro soggiorno a Wuhan. Che siate qui per una breve sosta o per un soggiorno prolungato, lasciate che siamo il vostro partner di fiducia per rendere il vostro viaggio indimenticabile.<\/p><p data-spm-anchor-id=\"a2ty_o01.29997173.0.i56.6b1bc921y7R8ee\">Vieni a scoprire come il nostro <strong>servizi dedicati, attenzione ai dettagli e genuina ospitalit\u00e0 <\/strong> eleva il tuo soggiorno nel cuore di <strong>Distretto di Wuchang <\/strong>All&#039;Amix Hotel non ci limitiamo a dare il benvenuto agli ospiti: ci assicuriamo che se ne vadano sentendosi come amici.<\/p>\t\t\t\t\t\t\t\t<\/div>\n\t\t\t\t\t<\/div>\n\t\t\t\t<\/div>\n\t\t\t\t<\/div>","protected":false},"excerpt":{"rendered":"<p>Your Stay, Perfected \u2013 Only at Amix Hotel. At Amix Hotel , nestled in the vibrant heart of Wuchang District, Wuhan , we believe that exceptional service is the cornerstone of a truly memorable stay. Located at 143 West Pengliuyang Road , our hotel offers more than just a place to rest your head\u2014we provide [&hellip;]<\/p>\n","protected":false},"author":1,"featured_media":0,"parent":0,"menu_order":0,"comment_status":"closed","ping_status":"closed","template":"","meta":{"footnotes":""},"class_list":["post-647","page","type-page","status-publish","hentry","post-no-thumbnail"],"_links":{"self":[{"href":"https:\/\/amixhotel.com\/it\/wp-json\/wp\/v2\/pages\/647","targetHints":{"allow":["GET"]}}],"collection":[{"href":"https:\/\/amixhotel.com\/it\/wp-json\/wp\/v2\/pages"}],"about":[{"href":"https:\/\/amixhotel.com\/it\/wp-json\/wp\/v2\/types\/page"}],"author":[{"embeddable":true,"href":"https:\/\/amixhotel.com\/it\/wp-json\/wp\/v2\/users\/1"}],"replies":[{"embeddable":true,"href":"https:\/\/amixhotel.com\/it\/wp-json\/wp\/v2\/comments?post=647"}],"version-history":[{"count":0,"href":"https:\/\/amixhotel.com\/it\/wp-json\/wp\/v2\/pages\/647\/revisions"}],"wp:attachment":[{"href":"https:\/\/amixhotel.com\/it\/wp-json\/wp\/v2\/media?parent=647"}],"curies":[{"name":"wp","href":"https:\/\/api.w.org\/{rel}","templated":true}]}}